{"id":16117,"date":"2022-08-16T11:28:33","date_gmt":"2022-08-16T08:28:33","guid":{"rendered":"https:\/\/www.lucyhotel.gr\/spa\/"},"modified":"2024-06-26T11:58:35","modified_gmt":"2024-06-26T08:58:35","slug":"spa","status":"publish","type":"page","link":"https:\/\/www.lucyhotel.gr\/de\/spa\/","title":{"rendered":"SPA"},"content":{"rendered":"\nThe Lucy SPA repr\u00e4sentiert das kulturelle Erbe und die langj\u00e4hrige Tradition der \u00f6ffentlichen B\u00e4der von Kavala. Unser SPA befindet sich an einem ruhigen, von S\u00e4ulen umrahmten Ort mit klaren Formen und Strukturen, der dennoch imposante und komplexe Ausblicke bietet. Gew\u00f6lbte Tore, Details aus Marmor, Wasserbecken, Dampf und ein Pool als zentrales Element schaffen das ideale Umfeld f\u00fcr vollkommene Revitalisierung.\n\n\n\n<p>Im Lucy SPA erfahren Sie ein St\u00fcck griechischer Authentizit\u00e4t und Geschichte. Atmen Sie tief durch, verbinden Sie sich mit der Natur und bereichern Sie Ihre Urlaubserfahrung, indem Sie einem langsameren Lebensrhythmus folgen.<\/p>\n\n\n\nWir bieten eine breite Auswahl an Behandlungen, die jedes Bed\u00fcrfnis erf\u00fcllen. Genie\u00dfen Sie ultimative Entspannung und Revitalisierung in den H\u00e4nden unserer erfahrenen Therapeuten.\n","protected":false},"excerpt":{"rendered":"<p>The Lucy SPA repr\u00e4sentiert das kulturelle Erbe und die langj\u00e4hrige Tradition der \u00f6ffentlichen B\u00e4der von Kavala. Unser SPA befindet sich an einem ruhigen, von S\u00e4ulen umrahmten Ort mit klaren Formen und Strukturen, der dennoch imposante und komplexe Ausblicke bietet. Gew\u00f6lbte Tore, Details aus Marmor, Wasserbecken, Dampf und ein Pool als zentrales Element schaffen das ideale [&hellip;]<\/p>\n","protected":false},"author":1,"featured_media":16097,"parent":0,"menu_order":0,"comment_status":"closed","ping_status":"closed","template":"","meta":[],"acf":[],"yoast_head":"<!-- This site is optimized with the Yoast SEO plugin v20.3 - https:\/\/yoast.com\/wordpress\/plugins\/seo\/ -->\n<title>SPA - Lucy Hotel<\/title>\n<meta name=\"robots\" content=\"index, follow, max-snippet:-1, max-image-preview:large, max-video-preview:-1\" \/>\n<link rel=\"canonical\" href=\"https:\/\/www.lucyhotel.gr\/de\/spa\/\" \/>\n<meta property=\"og:locale\" content=\"de_DE\" \/>\n<meta property=\"og:type\" content=\"article\" \/>\n<meta property=\"og:title\" content=\"SPA - Lucy Hotel\" \/>\n<meta property=\"og:description\" content=\"The Lucy SPA repr\u00e4sentiert das kulturelle Erbe und die langj\u00e4hrige Tradition der \u00f6ffentlichen B\u00e4der von Kavala. Unser SPA befindet sich an einem ruhigen, von S\u00e4ulen umrahmten Ort mit klaren Formen und Strukturen, der dennoch imposante und komplexe Ausblicke bietet. Gew\u00f6lbte Tore, Details aus Marmor, Wasserbecken, Dampf und ein Pool als zentrales Element schaffen das ideale [&hellip;]\" \/>\n<meta property=\"og:url\" content=\"https:\/\/www.lucyhotel.gr\/de\/spa\/\" \/>\n<meta property=\"og:site_name\" content=\"Lucy Hotel\" \/>\n<meta property=\"article:modified_time\" content=\"2024-06-26T08:58:35+00:00\" \/>\n<meta property=\"og:image\" content=\"https:\/\/www.lucyhotel.gr\/wp-content\/uploads\/2022\/07\/spafeatlast.jpg\" \/>\n\t<meta property=\"og:image:width\" content=\"1920\" \/>\n\t<meta property=\"og:image:height\" content=\"1080\" \/>\n\t<meta property=\"og:image:type\" content=\"image\/jpeg\" \/>\n<meta name=\"twitter:card\" content=\"summary_large_image\" \/>\n<meta name=\"twitter:label1\" content=\"Gesch\u00e4tzte Lesezeit\" \/>\n\t<meta name=\"twitter:data1\" content=\"1\u00a0Minute\" \/>\n<script type=\"application\/ld+json\" class=\"yoast-schema-graph\">{\"@context\":\"https:\/\/schema.org\",\"@graph\":[{\"@type\":\"WebPage\",\"@id\":\"https:\/\/www.lucyhotel.gr\/de\/spa\/\",\"url\":\"https:\/\/www.lucyhotel.gr\/de\/spa\/\",\"name\":\"SPA - Lucy Hotel\",\"isPartOf\":{\"@id\":\"https:\/\/www.lucyhotel.gr\/de\/#website\"},\"datePublished\":\"2022-08-16T08:28:33+00:00\",\"dateModified\":\"2024-06-26T08:58:35+00:00\",\"breadcrumb\":{\"@id\":\"https:\/\/www.lucyhotel.gr\/de\/spa\/#breadcrumb\"},\"inLanguage\":\"de\",\"potentialAction\":[{\"@type\":\"ReadAction\",\"target\":[\"https:\/\/www.lucyhotel.gr\/de\/spa\/\"]}]},{\"@type\":\"BreadcrumbList\",\"@id\":\"https:\/\/www.lucyhotel.gr\/de\/spa\/#breadcrumb\",\"itemListElement\":[{\"@type\":\"ListItem\",\"position\":1,\"name\":\"Home\",\"item\":\"https:\/\/www.lucyhotel.gr\/de\/\"},{\"@type\":\"ListItem\",\"position\":2,\"name\":\"SPA\"}]},{\"@type\":\"WebSite\",\"@id\":\"https:\/\/www.lucyhotel.gr\/de\/#website\",\"url\":\"https:\/\/www.lucyhotel.gr\/de\/\",\"name\":\"Lucy Hotel\",\"description\":\"Five Star Hotel, Sea View Suites, Kavala, Greece\",\"potentialAction\":[{\"@type\":\"SearchAction\",\"target\":{\"@type\":\"EntryPoint\",\"urlTemplate\":\"https:\/\/www.lucyhotel.gr\/de\/?s={search_term_string}\"},\"query-input\":\"required name=search_term_string\"}],\"inLanguage\":\"de\"}]}<\/script>\n<!-- \/ Yoast SEO plugin. -->","yoast_head_json":{"title":"SPA - Lucy Hotel","robots":{"index":"index","follow":"follow","max-snippet":"max-snippet:-1","max-image-preview":"max-image-preview:large","max-video-preview":"max-video-preview:-1"},"canonical":"https:\/\/www.lucyhotel.gr\/de\/spa\/","og_locale":"de_DE","og_type":"article","og_title":"SPA - Lucy Hotel","og_description":"The Lucy SPA repr\u00e4sentiert das kulturelle Erbe und die langj\u00e4hrige Tradition der \u00f6ffentlichen B\u00e4der von Kavala. Unser SPA befindet sich an einem ruhigen, von S\u00e4ulen umrahmten Ort mit klaren Formen und Strukturen, der dennoch imposante und komplexe Ausblicke bietet. Gew\u00f6lbte Tore, Details aus Marmor, Wasserbecken, Dampf und ein Pool als zentrales Element schaffen das ideale [&hellip;]","og_url":"https:\/\/www.lucyhotel.gr\/de\/spa\/","og_site_name":"Lucy Hotel","article_modified_time":"2024-06-26T08:58:35+00:00","og_image":[{"width":1920,"height":1080,"url":"https:\/\/www.lucyhotel.gr\/wp-content\/uploads\/2022\/07\/spafeatlast.jpg","type":"image\/jpeg"}],"twitter_card":"summary_large_image","twitter_misc":{"Gesch\u00e4tzte Lesezeit":"1\u00a0Minute"},"schema":{"@context":"https:\/\/schema.org","@graph":[{"@type":"WebPage","@id":"https:\/\/www.lucyhotel.gr\/de\/spa\/","url":"https:\/\/www.lucyhotel.gr\/de\/spa\/","name":"SPA - Lucy Hotel","isPartOf":{"@id":"https:\/\/www.lucyhotel.gr\/de\/#website"},"datePublished":"2022-08-16T08:28:33+00:00","dateModified":"2024-06-26T08:58:35+00:00","breadcrumb":{"@id":"https:\/\/www.lucyhotel.gr\/de\/spa\/#breadcrumb"},"inLanguage":"de","potentialAction":[{"@type":"ReadAction","target":["https:\/\/www.lucyhotel.gr\/de\/spa\/"]}]},{"@type":"BreadcrumbList","@id":"https:\/\/www.lucyhotel.gr\/de\/spa\/#breadcrumb","itemListElement":[{"@type":"ListItem","position":1,"name":"Home","item":"https:\/\/www.lucyhotel.gr\/de\/"},{"@type":"ListItem","position":2,"name":"SPA"}]},{"@type":"WebSite","@id":"https:\/\/www.lucyhotel.gr\/de\/#website","url":"https:\/\/www.lucyhotel.gr\/de\/","name":"Lucy Hotel","description":"Five Star Hotel, Sea View Suites, Kavala, Greece","potentialAction":[{"@type":"SearchAction","target":{"@type":"EntryPoint","urlTemplate":"https:\/\/www.lucyhotel.gr\/de\/?s={search_term_string}"},"query-input":"required name=search_term_string"}],"inLanguage":"de"}]}},"_links":{"self":[{"href":"https:\/\/www.lucyhotel.gr\/de\/wp-json\/wp\/v2\/pages\/16117"}],"collection":[{"href":"https:\/\/www.lucyhotel.gr\/de\/wp-json\/wp\/v2\/pages"}],"about":[{"href":"https:\/\/www.lucyhotel.gr\/de\/wp-json\/wp\/v2\/types\/page"}],"author":[{"embeddable":true,"href":"https:\/\/www.lucyhotel.gr\/de\/wp-json\/wp\/v2\/users\/1"}],"replies":[{"embeddable":true,"href":"https:\/\/www.lucyhotel.gr\/de\/wp-json\/wp\/v2\/comments?post=16117"}],"version-history":[{"count":5,"href":"https:\/\/www.lucyhotel.gr\/de\/wp-json\/wp\/v2\/pages\/16117\/revisions"}],"predecessor-version":[{"id":25386,"href":"https:\/\/www.lucyhotel.gr\/de\/wp-json\/wp\/v2\/pages\/16117\/revisions\/25386"}],"wp:featuredmedia":[{"embeddable":true,"href":"https:\/\/www.lucyhotel.gr\/de\/wp-json\/wp\/v2\/media\/16097"}],"wp:attachment":[{"href":"https:\/\/www.lucyhotel.gr\/de\/wp-json\/wp\/v2\/media?parent=16117"}],"curies":[{"name":"wp","href":"https:\/\/api.w.org\/{rel}","templated":true}]}}