{"id":829,"date":"2019-04-02T12:18:26","date_gmt":"2019-04-02T12:18:26","guid":{"rendered":"http:\/\/preview.deventum.com\/lucyhotel\/beach\/"},"modified":"2019-06-14T13:36:07","modified_gmt":"2019-06-14T13:36:07","slug":"beach","status":"publish","type":"page","link":"https:\/\/www.lucyhotel.gr\/de\/beach\/","title":{"rendered":"Strand &#038; Pool"},"content":{"rendered":"\n<p>Dank der Lage vom Lucy, das praktisch vom Meer umgeben ist, haben Sie Zugang zu drei Str\u00e4nden mit einzigartigem Charakter sowie zu einem Au\u00dfenpool, den Sie in den Sommermonaten nutzen k\u00f6nnen.<\/p>\n","protected":false},"excerpt":{"rendered":"<p>Dank der Lage vom Lucy, das praktisch vom Meer umgeben ist, haben Sie Zugang zu drei Str\u00e4nden mit einzigartigem Charakter sowie zu einem Au\u00dfenpool, den Sie in den Sommermonaten nutzen k\u00f6nnen.<\/p>\n","protected":false},"author":1,"featured_media":2401,"parent":0,"menu_order":0,"comment_status":"closed","ping_status":"closed","template":"","meta":[],"acf":[],"yoast_head":"<!-- This site is optimized with the Yoast SEO plugin v20.3 - https:\/\/yoast.com\/wordpress\/plugins\/seo\/ -->\n<title>Strand &amp; Pool - Lucy Hotel<\/title>\n<meta name=\"robots\" content=\"index, follow, max-snippet:-1, max-image-preview:large, max-video-preview:-1\" \/>\n<link rel=\"canonical\" href=\"https:\/\/www.lucyhotel.gr\/de\/beach\/\" \/>\n<meta property=\"og:locale\" content=\"de_DE\" \/>\n<meta property=\"og:type\" content=\"article\" \/>\n<meta property=\"og:title\" content=\"Strand &amp; Pool - Lucy Hotel\" \/>\n<meta property=\"og:description\" content=\"Dank der Lage vom Lucy, das praktisch vom Meer umgeben ist, haben Sie Zugang zu drei Str\u00e4nden mit einzigartigem Charakter sowie zu einem Au\u00dfenpool, den Sie in den Sommermonaten nutzen k\u00f6nnen.\" \/>\n<meta property=\"og:url\" content=\"https:\/\/www.lucyhotel.gr\/de\/beach\/\" \/>\n<meta property=\"og:site_name\" content=\"Lucy Hotel\" \/>\n<meta property=\"article:modified_time\" content=\"2019-06-14T13:36:07+00:00\" \/>\n<meta property=\"og:image\" content=\"https:\/\/www.lucyhotel.gr\/wp-content\/uploads\/2019\/05\/beachpool_big_1920-1.jpg\" \/>\n\t<meta property=\"og:image:width\" content=\"1920\" \/>\n\t<meta property=\"og:image:height\" content=\"1080\" \/>\n\t<meta property=\"og:image:type\" content=\"image\/jpeg\" \/>\n<meta name=\"twitter:card\" content=\"summary_large_image\" \/>\n<script type=\"application\/ld+json\" class=\"yoast-schema-graph\">{\"@context\":\"https:\/\/schema.org\",\"@graph\":[{\"@type\":\"WebPage\",\"@id\":\"https:\/\/www.lucyhotel.gr\/de\/beach\/\",\"url\":\"https:\/\/www.lucyhotel.gr\/de\/beach\/\",\"name\":\"Strand & Pool - Lucy Hotel\",\"isPartOf\":{\"@id\":\"https:\/\/www.lucyhotel.gr\/de\/#website\"},\"datePublished\":\"2019-04-02T12:18:26+00:00\",\"dateModified\":\"2019-06-14T13:36:07+00:00\",\"breadcrumb\":{\"@id\":\"https:\/\/www.lucyhotel.gr\/de\/beach\/#breadcrumb\"},\"inLanguage\":\"de\",\"potentialAction\":[{\"@type\":\"ReadAction\",\"target\":[\"https:\/\/www.lucyhotel.gr\/de\/beach\/\"]}]},{\"@type\":\"BreadcrumbList\",\"@id\":\"https:\/\/www.lucyhotel.gr\/de\/beach\/#breadcrumb\",\"itemListElement\":[{\"@type\":\"ListItem\",\"position\":1,\"name\":\"Home\",\"item\":\"https:\/\/www.lucyhotel.gr\/de\/\"},{\"@type\":\"ListItem\",\"position\":2,\"name\":\"Strand &#038; Pool\"}]},{\"@type\":\"WebSite\",\"@id\":\"https:\/\/www.lucyhotel.gr\/de\/#website\",\"url\":\"https:\/\/www.lucyhotel.gr\/de\/\",\"name\":\"Lucy Hotel\",\"description\":\"Five Star Hotel, Sea View Suites, Kavala, Greece\",\"potentialAction\":[{\"@type\":\"SearchAction\",\"target\":{\"@type\":\"EntryPoint\",\"urlTemplate\":\"https:\/\/www.lucyhotel.gr\/de\/?s={search_term_string}\"},\"query-input\":\"required name=search_term_string\"}],\"inLanguage\":\"de\"}]}<\/script>\n<!-- \/ Yoast SEO plugin. -->","yoast_head_json":{"title":"Strand & Pool - Lucy Hotel","robots":{"index":"index","follow":"follow","max-snippet":"max-snippet:-1","max-image-preview":"max-image-preview:large","max-video-preview":"max-video-preview:-1"},"canonical":"https:\/\/www.lucyhotel.gr\/de\/beach\/","og_locale":"de_DE","og_type":"article","og_title":"Strand & Pool - Lucy Hotel","og_description":"Dank der Lage vom Lucy, das praktisch vom Meer umgeben ist, haben Sie Zugang zu drei Str\u00e4nden mit einzigartigem Charakter sowie zu einem Au\u00dfenpool, den Sie in den Sommermonaten nutzen k\u00f6nnen.","og_url":"https:\/\/www.lucyhotel.gr\/de\/beach\/","og_site_name":"Lucy Hotel","article_modified_time":"2019-06-14T13:36:07+00:00","og_image":[{"width":1920,"height":1080,"url":"https:\/\/www.lucyhotel.gr\/wp-content\/uploads\/2019\/05\/beachpool_big_1920-1.jpg","type":"image\/jpeg"}],"twitter_card":"summary_large_image","schema":{"@context":"https:\/\/schema.org","@graph":[{"@type":"WebPage","@id":"https:\/\/www.lucyhotel.gr\/de\/beach\/","url":"https:\/\/www.lucyhotel.gr\/de\/beach\/","name":"Strand & Pool - Lucy Hotel","isPartOf":{"@id":"https:\/\/www.lucyhotel.gr\/de\/#website"},"datePublished":"2019-04-02T12:18:26+00:00","dateModified":"2019-06-14T13:36:07+00:00","breadcrumb":{"@id":"https:\/\/www.lucyhotel.gr\/de\/beach\/#breadcrumb"},"inLanguage":"de","potentialAction":[{"@type":"ReadAction","target":["https:\/\/www.lucyhotel.gr\/de\/beach\/"]}]},{"@type":"BreadcrumbList","@id":"https:\/\/www.lucyhotel.gr\/de\/beach\/#breadcrumb","itemListElement":[{"@type":"ListItem","position":1,"name":"Home","item":"https:\/\/www.lucyhotel.gr\/de\/"},{"@type":"ListItem","position":2,"name":"Strand &#038; Pool"}]},{"@type":"WebSite","@id":"https:\/\/www.lucyhotel.gr\/de\/#website","url":"https:\/\/www.lucyhotel.gr\/de\/","name":"Lucy Hotel","description":"Five Star Hotel, Sea View Suites, Kavala, Greece","potentialAction":[{"@type":"SearchAction","target":{"@type":"EntryPoint","urlTemplate":"https:\/\/www.lucyhotel.gr\/de\/?s={search_term_string}"},"query-input":"required name=search_term_string"}],"inLanguage":"de"}]}},"_links":{"self":[{"href":"https:\/\/www.lucyhotel.gr\/de\/wp-json\/wp\/v2\/pages\/829"}],"collection":[{"href":"https:\/\/www.lucyhotel.gr\/de\/wp-json\/wp\/v2\/pages"}],"about":[{"href":"https:\/\/www.lucyhotel.gr\/de\/wp-json\/wp\/v2\/types\/page"}],"author":[{"embeddable":true,"href":"https:\/\/www.lucyhotel.gr\/de\/wp-json\/wp\/v2\/users\/1"}],"replies":[{"embeddable":true,"href":"https:\/\/www.lucyhotel.gr\/de\/wp-json\/wp\/v2\/comments?post=829"}],"version-history":[{"count":5,"href":"https:\/\/www.lucyhotel.gr\/de\/wp-json\/wp\/v2\/pages\/829\/revisions"}],"predecessor-version":[{"id":3760,"href":"https:\/\/www.lucyhotel.gr\/de\/wp-json\/wp\/v2\/pages\/829\/revisions\/3760"}],"wp:featuredmedia":[{"embeddable":true,"href":"https:\/\/www.lucyhotel.gr\/de\/wp-json\/wp\/v2\/media\/2401"}],"wp:attachment":[{"href":"https:\/\/www.lucyhotel.gr\/de\/wp-json\/wp\/v2\/media?parent=829"}],"curies":[{"name":"wp","href":"https:\/\/api.w.org\/{rel}","templated":true}]}}