{"id":844,"date":"2019-01-07T07:23:07","date_gmt":"2019-01-07T07:23:07","guid":{"rendered":"http:\/\/preview.deventum.com\/lucyhotel\/contact\/"},"modified":"2019-06-19T09:03:39","modified_gmt":"2019-06-19T09:03:39","slug":"contact","status":"publish","type":"page","link":"https:\/\/www.lucyhotel.gr\/de\/contact\/","title":{"rendered":"Kontakt"},"content":{"rendered":"<h1>Kavala wird vorgestellt<\/h1>\n<p><span lang=\"de-DE\">Die Blaue Stadt, wie sie manchmal genannt wird, ist ein gem\u00fctlicher, aber dennoch lebendiger Ort. Wie ein Amphitheater geformt, erstreckt sie sich entlang der K\u00fcste. Malerischer Heimathafen f\u00fcr viele traditionelle h\u00f6lzerne Fischerboote und Segelboote, die wie wei\u00dfe Tauben aussehen, wenn sie in See stechen oder in den Hafen einlaufen. Von der imposanten Altstadt bis hinunter zum Wasser warten kleine Bars und Caf\u00e9s darauf, bei einem abendlichen Spaziergang entdeckt zu werden.<\/span><\/p>\n<p><span lang=\"de-DE\">Kavala besitzt eine kosmopolitische Atmosph\u00e4re, die seine einzigartige geografische Lage als Scheideweg zwischen Ost und West best\u00e4tigt. Sp\u00fcren Sie den Geist der Altstadt und schlendern Sie durch die kopfsteingepflasterten Gassen auf Ihrem R\u00fcckweg von der byzantinischen Festung oder bei der Besichtigung des Aqu\u00e4dukts, ein Bauwerk aus der Zeit der Osmanischen Herrschaft. Die Stadt ist auch eine bedeutende religi\u00f6se St\u00e4tte, da hier die erste europ\u00e4ische Christin, eine Frau namens Lydia, von Paulus getauft wurde. \u00dcber Jahrhunderte hinweg wurde Kavalas Reichtum der Herstellung von Tabak zugeschrieben. In der ehemaligen Fabrik ist heute das Tabakmuseum untergebracht, und falls Sie sich f\u00fcr Geschichte oder \u00c4sthetik interessieren, sollten Sie das Museum unbedingt besuchen.<\/span><\/p>\n<p><span lang=\"de-DE\">Kavala ist ein attraktives Reiseziel sowohl im Sommer als auch im Winter mit wundersch\u00f6nen Orten an der K\u00fcste und in den Bergen. Seine Sandstr\u00e4nde verleihen der Stadt zu Recht den Titel eines azurblauen Reiseziels im Mittelmeerraum. Ein paar Autominuten au\u00dferhalb von Kavala befindet sich das antike Theater von Philippi, ein UNESCO-Weltkulturerbe. Dort findet jeden Sommer ein Theaterfestival (<\/span><span lang=\"de-DE\">link<\/span><span lang=\"de-DE\">) statt. Nach einer halbst\u00fcndigen Autofahrt in Richtung Osten st\u00f6\u00dft man auf das Delta des Flusses Nestos, das zu den gr\u00f6\u00dften Europas z\u00e4hlt. Die wundersch\u00f6nen Feuchtgebiete des Flusses sind durch das europ\u00e4ische Natura-Netzwerk gesch\u00fctzt, da hier viele Arten von Wildtieren wie Flamingos, Kormorane, Schakale, seltene Seeadler und viele mehr leben. Es ist eine einmalige Gelegenheit f\u00fcr einen Tagesausflug mit vielen Aktivit\u00e4ten wie Kajakfahren oder Trekking, f\u00fcr Familien und Naturliebhaber.<\/span><\/p>\n<p><span lang=\"de-DE\">Wenn man nach S\u00fcden schaut, ist das, was wie ein blauer Berg aus dem Meer herausragt, nichts anderes als die Insel Thassos. Die Insel ist ein Ort der Sch\u00f6nheit, reich an Vegetation mit herrlichen Str\u00e4nden und arch\u00e4ologischen St\u00e4tten. Wir empfehlen nat\u00fcrlich den Strand Makryammos, einer der verlockendsten Ziele auf Thassos, wo sich auch die Makryammos Bungalows befinden (<\/span><span lang=\"de-DE\">link<\/span><span lang=\"de-DE\">). <\/span><\/p>\n<p><span lang=\"de-DE\">Kulturinteressierte werden begeistert sein, dass das Lucy Hotel die Lucy Art Residency (<\/span><span lang=\"de-DE\">link<\/span><span lang=\"de-DE\">) beherbergt, ein Programm f\u00fcr K\u00fcnstler, das nationale und internationale Anerkennung gefunden hat. Interessierte G\u00e4ste k\u00f6nnen die Vortr\u00e4ge besuchen und die Werke der K\u00fcnstler besichtigen.<\/span><\/p>\n","protected":false},"excerpt":{"rendered":"<p>Kavala wird vorgestellt Die Blaue Stadt, wie sie manchmal genannt wird, ist ein gem\u00fctlicher, aber dennoch lebendiger Ort. Wie ein Amphitheater geformt, erstreckt sie sich entlang der K\u00fcste. Malerischer Heimathafen f\u00fcr viele traditionelle h\u00f6lzerne Fischerboote und Segelboote, die wie wei\u00dfe Tauben aussehen, wenn sie in See stechen oder in den Hafen einlaufen. Von der imposanten [&hellip;]<\/p>\n","protected":false},"author":1,"featured_media":0,"parent":0,"menu_order":0,"comment_status":"closed","ping_status":"closed","template":"","meta":[],"acf":[],"yoast_head":"<!-- This site is optimized with the Yoast SEO plugin v20.3 - https:\/\/yoast.com\/wordpress\/plugins\/seo\/ -->\n<title>Kontakt - Lucy Hotel<\/title>\n<meta name=\"robots\" content=\"index, follow, max-snippet:-1, max-image-preview:large, max-video-preview:-1\" \/>\n<link rel=\"canonical\" href=\"https:\/\/www.lucyhotel.gr\/de\/contact\/\" \/>\n<meta property=\"og:locale\" content=\"de_DE\" \/>\n<meta property=\"og:type\" content=\"article\" \/>\n<meta property=\"og:title\" content=\"Kontakt - Lucy Hotel\" \/>\n<meta property=\"og:description\" content=\"Kavala wird vorgestellt Die Blaue Stadt, wie sie manchmal genannt wird, ist ein gem\u00fctlicher, aber dennoch lebendiger Ort. Wie ein Amphitheater geformt, erstreckt sie sich entlang der K\u00fcste. Malerischer Heimathafen f\u00fcr viele traditionelle h\u00f6lzerne Fischerboote und Segelboote, die wie wei\u00dfe Tauben aussehen, wenn sie in See stechen oder in den Hafen einlaufen. Von der imposanten [&hellip;]\" \/>\n<meta property=\"og:url\" content=\"https:\/\/www.lucyhotel.gr\/de\/contact\/\" \/>\n<meta property=\"og:site_name\" content=\"Lucy Hotel\" \/>\n<meta property=\"article:modified_time\" content=\"2019-06-19T09:03:39+00:00\" \/>\n<meta name=\"twitter:card\" content=\"summary_large_image\" \/>\n<meta name=\"twitter:label1\" content=\"Gesch\u00e4tzte Lesezeit\" \/>\n\t<meta name=\"twitter:data1\" content=\"2\u00a0Minuten\" \/>\n<script type=\"application\/ld+json\" class=\"yoast-schema-graph\">{\"@context\":\"https:\/\/schema.org\",\"@graph\":[{\"@type\":\"WebPage\",\"@id\":\"https:\/\/www.lucyhotel.gr\/de\/contact\/\",\"url\":\"https:\/\/www.lucyhotel.gr\/de\/contact\/\",\"name\":\"Kontakt - Lucy Hotel\",\"isPartOf\":{\"@id\":\"https:\/\/www.lucyhotel.gr\/de\/#website\"},\"datePublished\":\"2019-01-07T07:23:07+00:00\",\"dateModified\":\"2019-06-19T09:03:39+00:00\",\"breadcrumb\":{\"@id\":\"https:\/\/www.lucyhotel.gr\/de\/contact\/#breadcrumb\"},\"inLanguage\":\"de\",\"potentialAction\":[{\"@type\":\"ReadAction\",\"target\":[\"https:\/\/www.lucyhotel.gr\/de\/contact\/\"]}]},{\"@type\":\"BreadcrumbList\",\"@id\":\"https:\/\/www.lucyhotel.gr\/de\/contact\/#breadcrumb\",\"itemListElement\":[{\"@type\":\"ListItem\",\"position\":1,\"name\":\"Home\",\"item\":\"https:\/\/www.lucyhotel.gr\/de\/\"},{\"@type\":\"ListItem\",\"position\":2,\"name\":\"Kontakt\"}]},{\"@type\":\"WebSite\",\"@id\":\"https:\/\/www.lucyhotel.gr\/de\/#website\",\"url\":\"https:\/\/www.lucyhotel.gr\/de\/\",\"name\":\"Lucy Hotel\",\"description\":\"Five Star Hotel, Sea View Suites, Kavala, Greece\",\"potentialAction\":[{\"@type\":\"SearchAction\",\"target\":{\"@type\":\"EntryPoint\",\"urlTemplate\":\"https:\/\/www.lucyhotel.gr\/de\/?s={search_term_string}\"},\"query-input\":\"required name=search_term_string\"}],\"inLanguage\":\"de\"}]}<\/script>\n<!-- \/ Yoast SEO plugin. -->","yoast_head_json":{"title":"Kontakt - Lucy Hotel","robots":{"index":"index","follow":"follow","max-snippet":"max-snippet:-1","max-image-preview":"max-image-preview:large","max-video-preview":"max-video-preview:-1"},"canonical":"https:\/\/www.lucyhotel.gr\/de\/contact\/","og_locale":"de_DE","og_type":"article","og_title":"Kontakt - Lucy Hotel","og_description":"Kavala wird vorgestellt Die Blaue Stadt, wie sie manchmal genannt wird, ist ein gem\u00fctlicher, aber dennoch lebendiger Ort. Wie ein Amphitheater geformt, erstreckt sie sich entlang der K\u00fcste. Malerischer Heimathafen f\u00fcr viele traditionelle h\u00f6lzerne Fischerboote und Segelboote, die wie wei\u00dfe Tauben aussehen, wenn sie in See stechen oder in den Hafen einlaufen. Von der imposanten [&hellip;]","og_url":"https:\/\/www.lucyhotel.gr\/de\/contact\/","og_site_name":"Lucy Hotel","article_modified_time":"2019-06-19T09:03:39+00:00","twitter_card":"summary_large_image","twitter_misc":{"Gesch\u00e4tzte Lesezeit":"2\u00a0Minuten"},"schema":{"@context":"https:\/\/schema.org","@graph":[{"@type":"WebPage","@id":"https:\/\/www.lucyhotel.gr\/de\/contact\/","url":"https:\/\/www.lucyhotel.gr\/de\/contact\/","name":"Kontakt - Lucy Hotel","isPartOf":{"@id":"https:\/\/www.lucyhotel.gr\/de\/#website"},"datePublished":"2019-01-07T07:23:07+00:00","dateModified":"2019-06-19T09:03:39+00:00","breadcrumb":{"@id":"https:\/\/www.lucyhotel.gr\/de\/contact\/#breadcrumb"},"inLanguage":"de","potentialAction":[{"@type":"ReadAction","target":["https:\/\/www.lucyhotel.gr\/de\/contact\/"]}]},{"@type":"BreadcrumbList","@id":"https:\/\/www.lucyhotel.gr\/de\/contact\/#breadcrumb","itemListElement":[{"@type":"ListItem","position":1,"name":"Home","item":"https:\/\/www.lucyhotel.gr\/de\/"},{"@type":"ListItem","position":2,"name":"Kontakt"}]},{"@type":"WebSite","@id":"https:\/\/www.lucyhotel.gr\/de\/#website","url":"https:\/\/www.lucyhotel.gr\/de\/","name":"Lucy Hotel","description":"Five Star Hotel, Sea View Suites, Kavala, Greece","potentialAction":[{"@type":"SearchAction","target":{"@type":"EntryPoint","urlTemplate":"https:\/\/www.lucyhotel.gr\/de\/?s={search_term_string}"},"query-input":"required name=search_term_string"}],"inLanguage":"de"}]}},"_links":{"self":[{"href":"https:\/\/www.lucyhotel.gr\/de\/wp-json\/wp\/v2\/pages\/844"}],"collection":[{"href":"https:\/\/www.lucyhotel.gr\/de\/wp-json\/wp\/v2\/pages"}],"about":[{"href":"https:\/\/www.lucyhotel.gr\/de\/wp-json\/wp\/v2\/types\/page"}],"author":[{"embeddable":true,"href":"https:\/\/www.lucyhotel.gr\/de\/wp-json\/wp\/v2\/users\/1"}],"replies":[{"embeddable":true,"href":"https:\/\/www.lucyhotel.gr\/de\/wp-json\/wp\/v2\/comments?post=844"}],"version-history":[{"count":2,"href":"https:\/\/www.lucyhotel.gr\/de\/wp-json\/wp\/v2\/pages\/844\/revisions"}],"predecessor-version":[{"id":3910,"href":"https:\/\/www.lucyhotel.gr\/de\/wp-json\/wp\/v2\/pages\/844\/revisions\/3910"}],"wp:attachment":[{"href":"https:\/\/www.lucyhotel.gr\/de\/wp-json\/wp\/v2\/media?parent=844"}],"curies":[{"name":"wp","href":"https:\/\/api.w.org\/{rel}","templated":true}]}}