{"id":885,"date":"2018-12-31T10:00:37","date_gmt":"2018-12-31T10:00:37","guid":{"rendered":"http:\/\/preview.deventum.com\/lucyhotel\/rooms\/"},"modified":"2019-06-14T10:19:47","modified_gmt":"2019-06-14T10:19:47","slug":"rooms","status":"publish","type":"page","link":"https:\/\/www.lucyhotel.gr\/de\/rooms\/","title":{"rendered":"Zimmer &#038; Suiten"},"content":{"rendered":"<p>Unsere 149 Zimmer und Suiten sind mit modernen Einfl\u00fcssen versehen, behalten aber dennoch den klassischen Avantgarde-Charakter des Hotels bei. Alle unsere Zimmer bieten einen fantastischen Ausblick und unsere G\u00e4ste werden zu unmittelbaren Beobachtern von Kavala und dem unendlichen Blau der \u00c4g\u00e4is, das immer unter der Mittelmeersonne glitzert.<\/p>\n","protected":false},"excerpt":{"rendered":"<p>Unsere 149 Zimmer und Suiten sind mit modernen Einfl\u00fcssen versehen, behalten aber dennoch den klassischen Avantgarde-Charakter des Hotels bei. Alle unsere Zimmer bieten einen fantastischen Ausblick und unsere G\u00e4ste werden zu unmittelbaren Beobachtern von Kavala und dem unendlichen Blau der \u00c4g\u00e4is, das immer unter der Mittelmeersonne glitzert.<\/p>\n","protected":false},"author":1,"featured_media":2379,"parent":0,"menu_order":0,"comment_status":"closed","ping_status":"closed","template":"","meta":[],"acf":[],"yoast_head":"<!-- This site is optimized with the Yoast SEO plugin v20.3 - https:\/\/yoast.com\/wordpress\/plugins\/seo\/ -->\n<title>Zimmer &amp; Suiten - Lucy Hotel<\/title>\n<meta name=\"robots\" content=\"index, follow, max-snippet:-1, max-image-preview:large, max-video-preview:-1\" \/>\n<link rel=\"canonical\" href=\"https:\/\/www.lucyhotel.gr\/de\/rooms\/\" \/>\n<meta property=\"og:locale\" content=\"de_DE\" \/>\n<meta property=\"og:type\" content=\"article\" \/>\n<meta property=\"og:title\" content=\"Zimmer &amp; Suiten - Lucy Hotel\" \/>\n<meta property=\"og:description\" content=\"Unsere 149 Zimmer und Suiten sind mit modernen Einfl\u00fcssen versehen, behalten aber dennoch den klassischen Avantgarde-Charakter des Hotels bei. Alle unsere Zimmer bieten einen fantastischen Ausblick und unsere G\u00e4ste werden zu unmittelbaren Beobachtern von Kavala und dem unendlichen Blau der \u00c4g\u00e4is, das immer unter der Mittelmeersonne glitzert.\" \/>\n<meta property=\"og:url\" content=\"https:\/\/www.lucyhotel.gr\/de\/rooms\/\" \/>\n<meta property=\"og:site_name\" content=\"Lucy Hotel\" \/>\n<meta property=\"article:modified_time\" content=\"2019-06-14T10:19:47+00:00\" \/>\n<meta property=\"og:image\" content=\"https:\/\/www.lucyhotel.gr\/wp-content\/uploads\/2019\/05\/big_rooms_1920x1080-1.jpg\" \/>\n\t<meta property=\"og:image:width\" content=\"1920\" \/>\n\t<meta property=\"og:image:height\" content=\"1080\" \/>\n\t<meta property=\"og:image:type\" content=\"image\/jpeg\" \/>\n<meta name=\"twitter:card\" content=\"summary_large_image\" \/>\n<script type=\"application\/ld+json\" class=\"yoast-schema-graph\">{\"@context\":\"https:\/\/schema.org\",\"@graph\":[{\"@type\":\"WebPage\",\"@id\":\"https:\/\/www.lucyhotel.gr\/de\/rooms\/\",\"url\":\"https:\/\/www.lucyhotel.gr\/de\/rooms\/\",\"name\":\"Zimmer & Suiten - Lucy Hotel\",\"isPartOf\":{\"@id\":\"https:\/\/www.lucyhotel.gr\/de\/#website\"},\"datePublished\":\"2018-12-31T10:00:37+00:00\",\"dateModified\":\"2019-06-14T10:19:47+00:00\",\"breadcrumb\":{\"@id\":\"https:\/\/www.lucyhotel.gr\/de\/rooms\/#breadcrumb\"},\"inLanguage\":\"de\",\"potentialAction\":[{\"@type\":\"ReadAction\",\"target\":[\"https:\/\/www.lucyhotel.gr\/de\/rooms\/\"]}]},{\"@type\":\"BreadcrumbList\",\"@id\":\"https:\/\/www.lucyhotel.gr\/de\/rooms\/#breadcrumb\",\"itemListElement\":[{\"@type\":\"ListItem\",\"position\":1,\"name\":\"Home\",\"item\":\"https:\/\/www.lucyhotel.gr\/de\/\"},{\"@type\":\"ListItem\",\"position\":2,\"name\":\"Zimmer &#038; Suiten\"}]},{\"@type\":\"WebSite\",\"@id\":\"https:\/\/www.lucyhotel.gr\/de\/#website\",\"url\":\"https:\/\/www.lucyhotel.gr\/de\/\",\"name\":\"Lucy Hotel\",\"description\":\"Five Star Hotel, Sea View Suites, Kavala, Greece\",\"potentialAction\":[{\"@type\":\"SearchAction\",\"target\":{\"@type\":\"EntryPoint\",\"urlTemplate\":\"https:\/\/www.lucyhotel.gr\/de\/?s={search_term_string}\"},\"query-input\":\"required name=search_term_string\"}],\"inLanguage\":\"de\"}]}<\/script>\n<!-- \/ Yoast SEO plugin. -->","yoast_head_json":{"title":"Zimmer & Suiten - Lucy Hotel","robots":{"index":"index","follow":"follow","max-snippet":"max-snippet:-1","max-image-preview":"max-image-preview:large","max-video-preview":"max-video-preview:-1"},"canonical":"https:\/\/www.lucyhotel.gr\/de\/rooms\/","og_locale":"de_DE","og_type":"article","og_title":"Zimmer & Suiten - Lucy Hotel","og_description":"Unsere 149 Zimmer und Suiten sind mit modernen Einfl\u00fcssen versehen, behalten aber dennoch den klassischen Avantgarde-Charakter des Hotels bei. Alle unsere Zimmer bieten einen fantastischen Ausblick und unsere G\u00e4ste werden zu unmittelbaren Beobachtern von Kavala und dem unendlichen Blau der \u00c4g\u00e4is, das immer unter der Mittelmeersonne glitzert.","og_url":"https:\/\/www.lucyhotel.gr\/de\/rooms\/","og_site_name":"Lucy Hotel","article_modified_time":"2019-06-14T10:19:47+00:00","og_image":[{"width":1920,"height":1080,"url":"https:\/\/www.lucyhotel.gr\/wp-content\/uploads\/2019\/05\/big_rooms_1920x1080-1.jpg","type":"image\/jpeg"}],"twitter_card":"summary_large_image","schema":{"@context":"https:\/\/schema.org","@graph":[{"@type":"WebPage","@id":"https:\/\/www.lucyhotel.gr\/de\/rooms\/","url":"https:\/\/www.lucyhotel.gr\/de\/rooms\/","name":"Zimmer & Suiten - Lucy Hotel","isPartOf":{"@id":"https:\/\/www.lucyhotel.gr\/de\/#website"},"datePublished":"2018-12-31T10:00:37+00:00","dateModified":"2019-06-14T10:19:47+00:00","breadcrumb":{"@id":"https:\/\/www.lucyhotel.gr\/de\/rooms\/#breadcrumb"},"inLanguage":"de","potentialAction":[{"@type":"ReadAction","target":["https:\/\/www.lucyhotel.gr\/de\/rooms\/"]}]},{"@type":"BreadcrumbList","@id":"https:\/\/www.lucyhotel.gr\/de\/rooms\/#breadcrumb","itemListElement":[{"@type":"ListItem","position":1,"name":"Home","item":"https:\/\/www.lucyhotel.gr\/de\/"},{"@type":"ListItem","position":2,"name":"Zimmer &#038; Suiten"}]},{"@type":"WebSite","@id":"https:\/\/www.lucyhotel.gr\/de\/#website","url":"https:\/\/www.lucyhotel.gr\/de\/","name":"Lucy Hotel","description":"Five Star Hotel, Sea View Suites, Kavala, Greece","potentialAction":[{"@type":"SearchAction","target":{"@type":"EntryPoint","urlTemplate":"https:\/\/www.lucyhotel.gr\/de\/?s={search_term_string}"},"query-input":"required name=search_term_string"}],"inLanguage":"de"}]}},"_links":{"self":[{"href":"https:\/\/www.lucyhotel.gr\/de\/wp-json\/wp\/v2\/pages\/885"}],"collection":[{"href":"https:\/\/www.lucyhotel.gr\/de\/wp-json\/wp\/v2\/pages"}],"about":[{"href":"https:\/\/www.lucyhotel.gr\/de\/wp-json\/wp\/v2\/types\/page"}],"author":[{"embeddable":true,"href":"https:\/\/www.lucyhotel.gr\/de\/wp-json\/wp\/v2\/users\/1"}],"replies":[{"embeddable":true,"href":"https:\/\/www.lucyhotel.gr\/de\/wp-json\/wp\/v2\/comments?post=885"}],"version-history":[{"count":4,"href":"https:\/\/www.lucyhotel.gr\/de\/wp-json\/wp\/v2\/pages\/885\/revisions"}],"predecessor-version":[{"id":3459,"href":"https:\/\/www.lucyhotel.gr\/de\/wp-json\/wp\/v2\/pages\/885\/revisions\/3459"}],"wp:featuredmedia":[{"embeddable":true,"href":"https:\/\/www.lucyhotel.gr\/de\/wp-json\/wp\/v2\/media\/2379"}],"wp:attachment":[{"href":"https:\/\/www.lucyhotel.gr\/de\/wp-json\/wp\/v2\/media?parent=885"}],"curies":[{"name":"wp","href":"https:\/\/api.w.org\/{rel}","templated":true}]}}