{"id":3625,"date":"2019-06-14T12:59:49","date_gmt":"2019-06-14T12:59:49","guid":{"rendered":"http:\/\/preview.deventum.com\/lucyhotel\/dining-bars\/"},"modified":"2019-06-19T09:54:22","modified_gmt":"2019-06-19T09:54:22","slug":"dining-bars","status":"publish","type":"page","link":"https:\/\/www.lucyhotel.gr\/fr\/dining-bars\/","title":{"rendered":"Restauration et Bars"},"content":{"rendered":"\n<p>Lucy Hotel dispose des restaurants et bars les plus remarquables de la ville. Du restaurant \u00e0 la carte North 40\u00b0 55\u2019 au Gran Turismo Bar, savourez des suggestions gastronomiques standard et des exp\u00e9riences bar tout en contemplant les vues v\u00e9ritablement splendides depuis notre h\u00f4tel.<\/p>\n","protected":false},"excerpt":{"rendered":"<p>Lucy Hotel dispose des restaurants et bars les plus remarquables de la ville. Du restaurant \u00e0 la carte North 40\u00b0 55\u2019 au Gran Turismo Bar, savourez des suggestions gastronomiques standard et des exp\u00e9riences bar tout en contemplant les vues v\u00e9ritablement splendides depuis notre h\u00f4tel.<\/p>\n","protected":false},"author":1,"featured_media":2392,"parent":0,"menu_order":0,"comment_status":"closed","ping_status":"closed","template":"","meta":[],"acf":[],"yoast_head":"<!-- This site is optimized with the Yoast SEO plugin v20.3 - https:\/\/yoast.com\/wordpress\/plugins\/seo\/ -->\n<title>Restauration et Bars - Lucy Hotel<\/title>\n<meta name=\"robots\" content=\"index, follow, max-snippet:-1, max-image-preview:large, max-video-preview:-1\" \/>\n<link rel=\"canonical\" href=\"https:\/\/www.lucyhotel.gr\/fr\/dining-bars\/\" \/>\n<meta property=\"og:locale\" content=\"fr_FR\" \/>\n<meta property=\"og:type\" content=\"article\" \/>\n<meta property=\"og:title\" content=\"Restauration et Bars - Lucy Hotel\" \/>\n<meta property=\"og:description\" content=\"Lucy Hotel dispose des restaurants et bars les plus remarquables de la ville. Du restaurant \u00e0 la carte North 40\u00b0 55\u2019 au Gran Turismo Bar, savourez des suggestions gastronomiques standard et des exp\u00e9riences bar tout en contemplant les vues v\u00e9ritablement splendides depuis notre h\u00f4tel.\" \/>\n<meta property=\"og:url\" content=\"https:\/\/www.lucyhotel.gr\/fr\/dining-bars\/\" \/>\n<meta property=\"og:site_name\" content=\"Lucy Hotel\" \/>\n<meta property=\"article:modified_time\" content=\"2019-06-19T09:54:22+00:00\" \/>\n<meta property=\"og:image\" content=\"https:\/\/www.lucyhotel.gr\/wp-content\/uploads\/2019\/05\/1.lucy_dining_big_1920-1.jpg\" \/>\n\t<meta property=\"og:image:width\" content=\"1920\" \/>\n\t<meta property=\"og:image:height\" content=\"1080\" \/>\n\t<meta property=\"og:image:type\" content=\"image\/jpeg\" \/>\n<meta name=\"twitter:card\" content=\"summary_large_image\" \/>\n<script type=\"application\/ld+json\" class=\"yoast-schema-graph\">{\"@context\":\"https:\/\/schema.org\",\"@graph\":[{\"@type\":\"WebPage\",\"@id\":\"https:\/\/www.lucyhotel.gr\/fr\/dining-bars\/\",\"url\":\"https:\/\/www.lucyhotel.gr\/fr\/dining-bars\/\",\"name\":\"Restauration et Bars - Lucy Hotel\",\"isPartOf\":{\"@id\":\"https:\/\/www.lucyhotel.gr\/fr\/#website\"},\"datePublished\":\"2019-06-14T12:59:49+00:00\",\"dateModified\":\"2019-06-19T09:54:22+00:00\",\"breadcrumb\":{\"@id\":\"https:\/\/www.lucyhotel.gr\/fr\/dining-bars\/#breadcrumb\"},\"inLanguage\":\"fr-FR\",\"potentialAction\":[{\"@type\":\"ReadAction\",\"target\":[\"https:\/\/www.lucyhotel.gr\/fr\/dining-bars\/\"]}]},{\"@type\":\"BreadcrumbList\",\"@id\":\"https:\/\/www.lucyhotel.gr\/fr\/dining-bars\/#breadcrumb\",\"itemListElement\":[{\"@type\":\"ListItem\",\"position\":1,\"name\":\"Home\",\"item\":\"https:\/\/www.lucyhotel.gr\/fr\/\"},{\"@type\":\"ListItem\",\"position\":2,\"name\":\"Restauration et Bars\"}]},{\"@type\":\"WebSite\",\"@id\":\"https:\/\/www.lucyhotel.gr\/fr\/#website\",\"url\":\"https:\/\/www.lucyhotel.gr\/fr\/\",\"name\":\"Lucy Hotel\",\"description\":\"Five Star Hotel, Sea View Suites, Kavala, Greece\",\"potentialAction\":[{\"@type\":\"SearchAction\",\"target\":{\"@type\":\"EntryPoint\",\"urlTemplate\":\"https:\/\/www.lucyhotel.gr\/fr\/?s={search_term_string}\"},\"query-input\":\"required name=search_term_string\"}],\"inLanguage\":\"fr-FR\"}]}<\/script>\n<!-- \/ Yoast SEO plugin. -->","yoast_head_json":{"title":"Restauration et Bars - Lucy Hotel","robots":{"index":"index","follow":"follow","max-snippet":"max-snippet:-1","max-image-preview":"max-image-preview:large","max-video-preview":"max-video-preview:-1"},"canonical":"https:\/\/www.lucyhotel.gr\/fr\/dining-bars\/","og_locale":"fr_FR","og_type":"article","og_title":"Restauration et Bars - Lucy Hotel","og_description":"Lucy Hotel dispose des restaurants et bars les plus remarquables de la ville. Du restaurant \u00e0 la carte North 40\u00b0 55\u2019 au Gran Turismo Bar, savourez des suggestions gastronomiques standard et des exp\u00e9riences bar tout en contemplant les vues v\u00e9ritablement splendides depuis notre h\u00f4tel.","og_url":"https:\/\/www.lucyhotel.gr\/fr\/dining-bars\/","og_site_name":"Lucy Hotel","article_modified_time":"2019-06-19T09:54:22+00:00","og_image":[{"width":1920,"height":1080,"url":"https:\/\/www.lucyhotel.gr\/wp-content\/uploads\/2019\/05\/1.lucy_dining_big_1920-1.jpg","type":"image\/jpeg"}],"twitter_card":"summary_large_image","schema":{"@context":"https:\/\/schema.org","@graph":[{"@type":"WebPage","@id":"https:\/\/www.lucyhotel.gr\/fr\/dining-bars\/","url":"https:\/\/www.lucyhotel.gr\/fr\/dining-bars\/","name":"Restauration et Bars - Lucy Hotel","isPartOf":{"@id":"https:\/\/www.lucyhotel.gr\/fr\/#website"},"datePublished":"2019-06-14T12:59:49+00:00","dateModified":"2019-06-19T09:54:22+00:00","breadcrumb":{"@id":"https:\/\/www.lucyhotel.gr\/fr\/dining-bars\/#breadcrumb"},"inLanguage":"fr-FR","potentialAction":[{"@type":"ReadAction","target":["https:\/\/www.lucyhotel.gr\/fr\/dining-bars\/"]}]},{"@type":"BreadcrumbList","@id":"https:\/\/www.lucyhotel.gr\/fr\/dining-bars\/#breadcrumb","itemListElement":[{"@type":"ListItem","position":1,"name":"Home","item":"https:\/\/www.lucyhotel.gr\/fr\/"},{"@type":"ListItem","position":2,"name":"Restauration et Bars"}]},{"@type":"WebSite","@id":"https:\/\/www.lucyhotel.gr\/fr\/#website","url":"https:\/\/www.lucyhotel.gr\/fr\/","name":"Lucy Hotel","description":"Five Star Hotel, Sea View Suites, Kavala, Greece","potentialAction":[{"@type":"SearchAction","target":{"@type":"EntryPoint","urlTemplate":"https:\/\/www.lucyhotel.gr\/fr\/?s={search_term_string}"},"query-input":"required name=search_term_string"}],"inLanguage":"fr-FR"}]}},"_links":{"self":[{"href":"https:\/\/www.lucyhotel.gr\/fr\/wp-json\/wp\/v2\/pages\/3625"}],"collection":[{"href":"https:\/\/www.lucyhotel.gr\/fr\/wp-json\/wp\/v2\/pages"}],"about":[{"href":"https:\/\/www.lucyhotel.gr\/fr\/wp-json\/wp\/v2\/types\/page"}],"author":[{"embeddable":true,"href":"https:\/\/www.lucyhotel.gr\/fr\/wp-json\/wp\/v2\/users\/1"}],"replies":[{"embeddable":true,"href":"https:\/\/www.lucyhotel.gr\/fr\/wp-json\/wp\/v2\/comments?post=3625"}],"version-history":[{"count":3,"href":"https:\/\/www.lucyhotel.gr\/fr\/wp-json\/wp\/v2\/pages\/3625\/revisions"}],"predecessor-version":[{"id":4170,"href":"https:\/\/www.lucyhotel.gr\/fr\/wp-json\/wp\/v2\/pages\/3625\/revisions\/4170"}],"wp:featuredmedia":[{"embeddable":true,"href":"https:\/\/www.lucyhotel.gr\/fr\/wp-json\/wp\/v2\/media\/2392"}],"wp:attachment":[{"href":"https:\/\/www.lucyhotel.gr\/fr\/wp-json\/wp\/v2\/media?parent=3625"}],"curies":[{"name":"wp","href":"https:\/\/api.w.org\/{rel}","templated":true}]}}