{"id":3853,"date":"2019-06-14T13:50:22","date_gmt":"2019-06-14T13:50:22","guid":{"rendered":"http:\/\/preview.deventum.com\/lucyhotel\/events\/"},"modified":"2019-06-19T09:55:25","modified_gmt":"2019-06-19T09:55:25","slug":"events","status":"publish","type":"page","link":"https:\/\/www.lucyhotel.gr\/fr\/events\/","title":{"rendered":"R\u00e9unions et \u00e9v\u00e8nements"},"content":{"rendered":"\n<p>Avec ses installations standard, son personnel sp\u00e9cialis\u00e9 et sa situation unique, l\u2019h\u00f4tel Lucy est la destination id\u00e9ale pour accueillir une large gamme de r\u00e9unions et d\u2019\u00e9v\u00e8nements. Nous veillerons sur chaque d\u00e9tail, pour vous offrir la meilleure organisation possible d\u2019un \u00e9v\u00e8nement couronn\u00e9 de succ\u00e8s.<\/p>\n","protected":false},"excerpt":{"rendered":"<p>Avec ses installations standard, son personnel sp\u00e9cialis\u00e9 et sa situation unique, l\u2019h\u00f4tel Lucy est la destination id\u00e9ale pour accueillir une large gamme de r\u00e9unions et d\u2019\u00e9v\u00e8nements. Nous veillerons sur chaque d\u00e9tail, pour vous offrir la meilleure organisation possible d\u2019un \u00e9v\u00e8nement couronn\u00e9 de succ\u00e8s.<\/p>\n","protected":false},"author":1,"featured_media":2856,"parent":0,"menu_order":0,"comment_status":"closed","ping_status":"closed","template":"","meta":[],"acf":[],"yoast_head":"<!-- This site is optimized with the Yoast SEO plugin v20.3 - https:\/\/yoast.com\/wordpress\/plugins\/seo\/ -->\n<title>R\u00e9unions et \u00e9v\u00e8nements - Lucy Hotel<\/title>\n<meta name=\"robots\" content=\"index, follow, max-snippet:-1, max-image-preview:large, max-video-preview:-1\" \/>\n<link rel=\"canonical\" href=\"https:\/\/www.lucyhotel.gr\/fr\/events\/\" \/>\n<meta property=\"og:locale\" content=\"fr_FR\" \/>\n<meta property=\"og:type\" content=\"article\" \/>\n<meta property=\"og:title\" content=\"R\u00e9unions et \u00e9v\u00e8nements - Lucy Hotel\" \/>\n<meta property=\"og:description\" content=\"Avec ses installations standard, son personnel sp\u00e9cialis\u00e9 et sa situation unique, l\u2019h\u00f4tel Lucy est la destination id\u00e9ale pour accueillir une large gamme de r\u00e9unions et d\u2019\u00e9v\u00e8nements. Nous veillerons sur chaque d\u00e9tail, pour vous offrir la meilleure organisation possible d\u2019un \u00e9v\u00e8nement couronn\u00e9 de succ\u00e8s.\" \/>\n<meta property=\"og:url\" content=\"https:\/\/www.lucyhotel.gr\/fr\/events\/\" \/>\n<meta property=\"og:site_name\" content=\"Lucy Hotel\" \/>\n<meta property=\"article:modified_time\" content=\"2019-06-19T09:55:25+00:00\" \/>\n<meta property=\"og:image\" content=\"https:\/\/www.lucyhotel.gr\/wp-content\/uploads\/2019\/05\/meeting_events_big_1920.jpg\" \/>\n\t<meta property=\"og:image:width\" content=\"1920\" \/>\n\t<meta property=\"og:image:height\" content=\"1080\" \/>\n\t<meta property=\"og:image:type\" content=\"image\/jpeg\" \/>\n<meta name=\"twitter:card\" content=\"summary_large_image\" \/>\n<script type=\"application\/ld+json\" class=\"yoast-schema-graph\">{\"@context\":\"https:\/\/schema.org\",\"@graph\":[{\"@type\":\"WebPage\",\"@id\":\"https:\/\/www.lucyhotel.gr\/fr\/events\/\",\"url\":\"https:\/\/www.lucyhotel.gr\/fr\/events\/\",\"name\":\"R\u00e9unions et \u00e9v\u00e8nements - Lucy Hotel\",\"isPartOf\":{\"@id\":\"https:\/\/www.lucyhotel.gr\/fr\/#website\"},\"datePublished\":\"2019-06-14T13:50:22+00:00\",\"dateModified\":\"2019-06-19T09:55:25+00:00\",\"breadcrumb\":{\"@id\":\"https:\/\/www.lucyhotel.gr\/fr\/events\/#breadcrumb\"},\"inLanguage\":\"fr-FR\",\"potentialAction\":[{\"@type\":\"ReadAction\",\"target\":[\"https:\/\/www.lucyhotel.gr\/fr\/events\/\"]}]},{\"@type\":\"BreadcrumbList\",\"@id\":\"https:\/\/www.lucyhotel.gr\/fr\/events\/#breadcrumb\",\"itemListElement\":[{\"@type\":\"ListItem\",\"position\":1,\"name\":\"Home\",\"item\":\"https:\/\/www.lucyhotel.gr\/fr\/\"},{\"@type\":\"ListItem\",\"position\":2,\"name\":\"R\u00e9unions et \u00e9v\u00e8nements\"}]},{\"@type\":\"WebSite\",\"@id\":\"https:\/\/www.lucyhotel.gr\/fr\/#website\",\"url\":\"https:\/\/www.lucyhotel.gr\/fr\/\",\"name\":\"Lucy Hotel\",\"description\":\"Five Star Hotel, Sea View Suites, Kavala, Greece\",\"potentialAction\":[{\"@type\":\"SearchAction\",\"target\":{\"@type\":\"EntryPoint\",\"urlTemplate\":\"https:\/\/www.lucyhotel.gr\/fr\/?s={search_term_string}\"},\"query-input\":\"required name=search_term_string\"}],\"inLanguage\":\"fr-FR\"}]}<\/script>\n<!-- \/ Yoast SEO plugin. -->","yoast_head_json":{"title":"R\u00e9unions et \u00e9v\u00e8nements - Lucy Hotel","robots":{"index":"index","follow":"follow","max-snippet":"max-snippet:-1","max-image-preview":"max-image-preview:large","max-video-preview":"max-video-preview:-1"},"canonical":"https:\/\/www.lucyhotel.gr\/fr\/events\/","og_locale":"fr_FR","og_type":"article","og_title":"R\u00e9unions et \u00e9v\u00e8nements - Lucy Hotel","og_description":"Avec ses installations standard, son personnel sp\u00e9cialis\u00e9 et sa situation unique, l\u2019h\u00f4tel Lucy est la destination id\u00e9ale pour accueillir une large gamme de r\u00e9unions et d\u2019\u00e9v\u00e8nements. Nous veillerons sur chaque d\u00e9tail, pour vous offrir la meilleure organisation possible d\u2019un \u00e9v\u00e8nement couronn\u00e9 de succ\u00e8s.","og_url":"https:\/\/www.lucyhotel.gr\/fr\/events\/","og_site_name":"Lucy Hotel","article_modified_time":"2019-06-19T09:55:25+00:00","og_image":[{"width":1920,"height":1080,"url":"https:\/\/www.lucyhotel.gr\/wp-content\/uploads\/2019\/05\/meeting_events_big_1920.jpg","type":"image\/jpeg"}],"twitter_card":"summary_large_image","schema":{"@context":"https:\/\/schema.org","@graph":[{"@type":"WebPage","@id":"https:\/\/www.lucyhotel.gr\/fr\/events\/","url":"https:\/\/www.lucyhotel.gr\/fr\/events\/","name":"R\u00e9unions et \u00e9v\u00e8nements - Lucy Hotel","isPartOf":{"@id":"https:\/\/www.lucyhotel.gr\/fr\/#website"},"datePublished":"2019-06-14T13:50:22+00:00","dateModified":"2019-06-19T09:55:25+00:00","breadcrumb":{"@id":"https:\/\/www.lucyhotel.gr\/fr\/events\/#breadcrumb"},"inLanguage":"fr-FR","potentialAction":[{"@type":"ReadAction","target":["https:\/\/www.lucyhotel.gr\/fr\/events\/"]}]},{"@type":"BreadcrumbList","@id":"https:\/\/www.lucyhotel.gr\/fr\/events\/#breadcrumb","itemListElement":[{"@type":"ListItem","position":1,"name":"Home","item":"https:\/\/www.lucyhotel.gr\/fr\/"},{"@type":"ListItem","position":2,"name":"R\u00e9unions et \u00e9v\u00e8nements"}]},{"@type":"WebSite","@id":"https:\/\/www.lucyhotel.gr\/fr\/#website","url":"https:\/\/www.lucyhotel.gr\/fr\/","name":"Lucy Hotel","description":"Five Star Hotel, Sea View Suites, Kavala, Greece","potentialAction":[{"@type":"SearchAction","target":{"@type":"EntryPoint","urlTemplate":"https:\/\/www.lucyhotel.gr\/fr\/?s={search_term_string}"},"query-input":"required name=search_term_string"}],"inLanguage":"fr-FR"}]}},"_links":{"self":[{"href":"https:\/\/www.lucyhotel.gr\/fr\/wp-json\/wp\/v2\/pages\/3853"}],"collection":[{"href":"https:\/\/www.lucyhotel.gr\/fr\/wp-json\/wp\/v2\/pages"}],"about":[{"href":"https:\/\/www.lucyhotel.gr\/fr\/wp-json\/wp\/v2\/types\/page"}],"author":[{"embeddable":true,"href":"https:\/\/www.lucyhotel.gr\/fr\/wp-json\/wp\/v2\/users\/1"}],"replies":[{"embeddable":true,"href":"https:\/\/www.lucyhotel.gr\/fr\/wp-json\/wp\/v2\/comments?post=3853"}],"version-history":[{"count":3,"href":"https:\/\/www.lucyhotel.gr\/fr\/wp-json\/wp\/v2\/pages\/3853\/revisions"}],"predecessor-version":[{"id":4184,"href":"https:\/\/www.lucyhotel.gr\/fr\/wp-json\/wp\/v2\/pages\/3853\/revisions\/4184"}],"wp:featuredmedia":[{"embeddable":true,"href":"https:\/\/www.lucyhotel.gr\/fr\/wp-json\/wp\/v2\/media\/2856"}],"wp:attachment":[{"href":"https:\/\/www.lucyhotel.gr\/fr\/wp-json\/wp\/v2\/media?parent=3853"}],"curies":[{"name":"wp","href":"https:\/\/api.w.org\/{rel}","templated":true}]}}