{"id":616,"date":"2019-04-02T12:03:47","date_gmt":"2019-04-02T12:03:47","guid":{"rendered":"http:\/\/preview.deventum.com\/lucyhotel\/location\/"},"modified":"2019-06-14T10:13:06","modified_gmt":"2019-06-14T10:13:06","slug":"location","status":"publish","type":"page","link":"https:\/\/www.lucyhotel.gr\/fr\/location\/","title":{"rendered":"lieux"},"content":{"rendered":"\n<p>Notre h\u00f4tel cinq \u00e9toiles se trouve \u00e0 l\u2019extr\u00e9mit\u00e9 ouest de la ville de Kavala. Son architecture imposante et sa situation unique font de Lucy Hotel un point de r\u00e9f\u00e9rence pour Kavala et pour le paysage environnant. Perch\u00e9 au bord d\u2019une petite p\u00e9ninsule, Lucy ressemble \u00e0 un observatoire d\u2019o\u00f9 l&rsquo;on peut contempler la ville scintillante de Kavala qui se d\u00e9ploie en amphith\u00e9\u00e2tre au bord de la mer \u00c9g\u00e9e. <\/p>\n","protected":false},"excerpt":{"rendered":"<p>Notre h\u00f4tel cinq \u00e9toiles se trouve \u00e0 l\u2019extr\u00e9mit\u00e9 ouest de la ville de Kavala. Son architecture imposante et sa situation unique font de Lucy Hotel un point de r\u00e9f\u00e9rence pour Kavala et pour le paysage environnant. Perch\u00e9 au bord d\u2019une petite p\u00e9ninsule, Lucy ressemble \u00e0 un observatoire d\u2019o\u00f9 l&rsquo;on peut contempler la ville scintillante de [&hellip;]<\/p>\n","protected":false},"author":1,"featured_media":0,"parent":0,"menu_order":0,"comment_status":"closed","ping_status":"closed","template":"","meta":[],"acf":[],"yoast_head":"<!-- This site is optimized with the Yoast SEO plugin v20.3 - https:\/\/yoast.com\/wordpress\/plugins\/seo\/ -->\n<title>lieux - Lucy Hotel<\/title>\n<meta name=\"robots\" content=\"index, follow, max-snippet:-1, max-image-preview:large, max-video-preview:-1\" \/>\n<link rel=\"canonical\" href=\"https:\/\/www.lucyhotel.gr\/fr\/location\/\" \/>\n<meta property=\"og:locale\" content=\"fr_FR\" \/>\n<meta property=\"og:type\" content=\"article\" \/>\n<meta property=\"og:title\" content=\"lieux - Lucy Hotel\" \/>\n<meta property=\"og:description\" content=\"Notre h\u00f4tel cinq \u00e9toiles se trouve \u00e0 l\u2019extr\u00e9mit\u00e9 ouest de la ville de Kavala. Son architecture imposante et sa situation unique font de Lucy Hotel un point de r\u00e9f\u00e9rence pour Kavala et pour le paysage environnant. Perch\u00e9 au bord d\u2019une petite p\u00e9ninsule, Lucy ressemble \u00e0 un observatoire d\u2019o\u00f9 l&rsquo;on peut contempler la ville scintillante de [&hellip;]\" \/>\n<meta property=\"og:url\" content=\"https:\/\/www.lucyhotel.gr\/fr\/location\/\" \/>\n<meta property=\"og:site_name\" content=\"Lucy Hotel\" \/>\n<meta property=\"article:modified_time\" content=\"2019-06-14T10:13:06+00:00\" \/>\n<meta name=\"twitter:card\" content=\"summary_large_image\" \/>\n<script type=\"application\/ld+json\" class=\"yoast-schema-graph\">{\"@context\":\"https:\/\/schema.org\",\"@graph\":[{\"@type\":\"WebPage\",\"@id\":\"https:\/\/www.lucyhotel.gr\/fr\/location\/\",\"url\":\"https:\/\/www.lucyhotel.gr\/fr\/location\/\",\"name\":\"lieux - Lucy Hotel\",\"isPartOf\":{\"@id\":\"https:\/\/www.lucyhotel.gr\/fr\/#website\"},\"datePublished\":\"2019-04-02T12:03:47+00:00\",\"dateModified\":\"2019-06-14T10:13:06+00:00\",\"breadcrumb\":{\"@id\":\"https:\/\/www.lucyhotel.gr\/fr\/location\/#breadcrumb\"},\"inLanguage\":\"fr-FR\",\"potentialAction\":[{\"@type\":\"ReadAction\",\"target\":[\"https:\/\/www.lucyhotel.gr\/fr\/location\/\"]}]},{\"@type\":\"BreadcrumbList\",\"@id\":\"https:\/\/www.lucyhotel.gr\/fr\/location\/#breadcrumb\",\"itemListElement\":[{\"@type\":\"ListItem\",\"position\":1,\"name\":\"Home\",\"item\":\"https:\/\/www.lucyhotel.gr\/fr\/\"},{\"@type\":\"ListItem\",\"position\":2,\"name\":\"lieux\"}]},{\"@type\":\"WebSite\",\"@id\":\"https:\/\/www.lucyhotel.gr\/fr\/#website\",\"url\":\"https:\/\/www.lucyhotel.gr\/fr\/\",\"name\":\"Lucy Hotel\",\"description\":\"Five Star Hotel, Sea View Suites, Kavala, Greece\",\"potentialAction\":[{\"@type\":\"SearchAction\",\"target\":{\"@type\":\"EntryPoint\",\"urlTemplate\":\"https:\/\/www.lucyhotel.gr\/fr\/?s={search_term_string}\"},\"query-input\":\"required name=search_term_string\"}],\"inLanguage\":\"fr-FR\"}]}<\/script>\n<!-- \/ Yoast SEO plugin. -->","yoast_head_json":{"title":"lieux - Lucy Hotel","robots":{"index":"index","follow":"follow","max-snippet":"max-snippet:-1","max-image-preview":"max-image-preview:large","max-video-preview":"max-video-preview:-1"},"canonical":"https:\/\/www.lucyhotel.gr\/fr\/location\/","og_locale":"fr_FR","og_type":"article","og_title":"lieux - Lucy Hotel","og_description":"Notre h\u00f4tel cinq \u00e9toiles se trouve \u00e0 l\u2019extr\u00e9mit\u00e9 ouest de la ville de Kavala. Son architecture imposante et sa situation unique font de Lucy Hotel un point de r\u00e9f\u00e9rence pour Kavala et pour le paysage environnant. Perch\u00e9 au bord d\u2019une petite p\u00e9ninsule, Lucy ressemble \u00e0 un observatoire d\u2019o\u00f9 l&rsquo;on peut contempler la ville scintillante de [&hellip;]","og_url":"https:\/\/www.lucyhotel.gr\/fr\/location\/","og_site_name":"Lucy Hotel","article_modified_time":"2019-06-14T10:13:06+00:00","twitter_card":"summary_large_image","schema":{"@context":"https:\/\/schema.org","@graph":[{"@type":"WebPage","@id":"https:\/\/www.lucyhotel.gr\/fr\/location\/","url":"https:\/\/www.lucyhotel.gr\/fr\/location\/","name":"lieux - Lucy Hotel","isPartOf":{"@id":"https:\/\/www.lucyhotel.gr\/fr\/#website"},"datePublished":"2019-04-02T12:03:47+00:00","dateModified":"2019-06-14T10:13:06+00:00","breadcrumb":{"@id":"https:\/\/www.lucyhotel.gr\/fr\/location\/#breadcrumb"},"inLanguage":"fr-FR","potentialAction":[{"@type":"ReadAction","target":["https:\/\/www.lucyhotel.gr\/fr\/location\/"]}]},{"@type":"BreadcrumbList","@id":"https:\/\/www.lucyhotel.gr\/fr\/location\/#breadcrumb","itemListElement":[{"@type":"ListItem","position":1,"name":"Home","item":"https:\/\/www.lucyhotel.gr\/fr\/"},{"@type":"ListItem","position":2,"name":"lieux"}]},{"@type":"WebSite","@id":"https:\/\/www.lucyhotel.gr\/fr\/#website","url":"https:\/\/www.lucyhotel.gr\/fr\/","name":"Lucy Hotel","description":"Five Star Hotel, Sea View Suites, Kavala, Greece","potentialAction":[{"@type":"SearchAction","target":{"@type":"EntryPoint","urlTemplate":"https:\/\/www.lucyhotel.gr\/fr\/?s={search_term_string}"},"query-input":"required name=search_term_string"}],"inLanguage":"fr-FR"}]}},"_links":{"self":[{"href":"https:\/\/www.lucyhotel.gr\/fr\/wp-json\/wp\/v2\/pages\/616"}],"collection":[{"href":"https:\/\/www.lucyhotel.gr\/fr\/wp-json\/wp\/v2\/pages"}],"about":[{"href":"https:\/\/www.lucyhotel.gr\/fr\/wp-json\/wp\/v2\/types\/page"}],"author":[{"embeddable":true,"href":"https:\/\/www.lucyhotel.gr\/fr\/wp-json\/wp\/v2\/users\/1"}],"replies":[{"embeddable":true,"href":"https:\/\/www.lucyhotel.gr\/fr\/wp-json\/wp\/v2\/comments?post=616"}],"version-history":[{"count":2,"href":"https:\/\/www.lucyhotel.gr\/fr\/wp-json\/wp\/v2\/pages\/616\/revisions"}],"predecessor-version":[{"id":3450,"href":"https:\/\/www.lucyhotel.gr\/fr\/wp-json\/wp\/v2\/pages\/616\/revisions\/3450"}],"wp:attachment":[{"href":"https:\/\/www.lucyhotel.gr\/fr\/wp-json\/wp\/v2\/media?parent=616"}],"curies":[{"name":"wp","href":"https:\/\/api.w.org\/{rel}","templated":true}]}}