{"id":843,"date":"2019-01-07T07:23:07","date_gmt":"2019-01-07T07:23:07","guid":{"rendered":"http:\/\/preview.deventum.com\/lucyhotel\/contact\/"},"modified":"2019-06-19T09:04:31","modified_gmt":"2019-06-19T09:04:31","slug":"contact","status":"publish","type":"page","link":"https:\/\/www.lucyhotel.gr\/fr\/contact\/","title":{"rendered":"Nous contacter"},"content":{"rendered":"<h1>Kavala r\u00e9v\u00e9l\u00e9e<\/h1>\n<p><span lang=\"fr-FR\">La Cit\u00e9 Bleue, comme on l\u2019appelle parfois, est une ville petite mais anim\u00e9e. Am\u00e9nag\u00e9e comme un amphith\u00e9\u00e2tre, elle embrasse la c\u00f4te. Un port pittoresque, point d\u2019attache de nombreux bateaux de p\u00e9cheurs traditionnels, en bois, et de plaisance, qui ressemblent \u00e0 des colombes qui vont et qui viennent. Depuis l\u2019imposant vieux-Kavala, juste au front de mer, de petits bars et caf\u00e9s sont dispers\u00e9s dans les alentours et attendent que vous les d\u00e9couvriez lors de vos balades, en soir\u00e9e.<\/span><\/p>\n<p><span lang=\"fr-FR\">L\u2019ambiance \u00e0 Kavala est cosmopolite, attestant son unique situation g\u00e9ographique qui en fait un carrefour entre l\u2019est et l\u2019ouest. C\u2019est cette m\u00eame ambiance que l\u2019on ressent en se promenant dans les ruelles pav\u00e9es de l\u2019ancienne ville, en descendant des murailles byzantines ou en admirant l\u2019aqueduc de pierre, \u00e9rig\u00e9 \u00e0 l\u2019\u00e8re ottomane. Elle est \u00e9galement un important lieu religieux\u00a0: c\u2019est ici que la premi\u00e8re chr\u00e9tienne d\u2019Europe, une femme nomm\u00e9e Lydie, fut baptis\u00e9e par saint Paul. Pour plusieurs si\u00e8cles, la prosp\u00e9rit\u00e9 de Kavala \u00e9tait due \u00e0 sa production de tabac. L\u2019usine \u00e0 tabac, dor\u00e9navant mus\u00e9e consacr\u00e9e au tabac, vaut la visite, du point de vue aussi bien historique qu\u2019esth\u00e9tique. <\/span><\/p>\n<p><span lang=\"fr-FR\">Avec ses beaux sites en bord de mer et en montagne, Kavala est une destination attrayante tant en \u00e9t\u00e9 qu\u2019en hiver. Ses plages de sable lui accordent avec justice le titre de destination azur de M\u00e9diterran\u00e9e. \u00c0 quelques minutes en auto, aux abords de Kavala, se trouve l\u2019ancien th\u00e9\u00e2tre de <\/span><span lang=\"fr-FR\">Philippi, un site inscrit au patrimoine de l\u2019<\/span><span lang=\"fr-FR\">UNESCO, qui accueille un festival de th\u00e9\u00e2tre (<\/span><span lang=\"fr-FR\">link<\/span><span lang=\"fr-FR\">) tous les \u00e9t\u00e9s. \u00c0 une demi-heure en auto, direction Est, se trouve le delta du fleuve Nestos qui figure parmi les plus grands d\u2019Europe. Les splendides zones humides de Nestos sont prot\u00e9g\u00e9es, int\u00e9gr\u00e9es au r\u00e9seau europ\u00e9en Natura. En effet, elles accueillent une grande vari\u00e9t\u00e9 d\u2019esp\u00e8ces sauvages, tels que des flamands, des cormorans, des chacals, de rares aigles marins et bien plus. La r\u00e9gion offre une occasion \u00e0 ne pas manquer pour une excursion d\u2019une journ\u00e9e, pleine d\u2019activit\u00e9s, tels que le cano\u00eb-kayak ou la randonn\u00e9e, pour les familles et les amateurs de la nature.<\/span><\/p>\n<p><span lang=\"fr-FR\">Le regard tourn\u00e9 vers le Sud, ce qui semble \u00eatre une montagne bleue \u00e9mergeant de la mer n\u2019est autre que l\u2019\u00eele de Thassos. C\u2019est un lieu de beaut\u00e9, aussi riche en flore qu\u2019en plages merveilleuses et sites arch\u00e9ologiques. Bien entendu, nous recommandons la plage de <\/span><span lang=\"fr-FR\">Makryammos, une des destinations les plus pris\u00e9es de Thassos, o\u00f9 se trouvent \u00e9galement les Makryammos Bungalows <\/span><span lang=\"fr-FR\">(<\/span><span lang=\"fr-FR\">link<\/span><span lang=\"fr-FR\">).<\/span><\/p>\n<p><span lang=\"fr-FR\">Pour les amateurs de culture, ils seront heureux de d\u00e9couvrir que Lucy Hotel accueille les R\u00e9sidences Lucy Art (<\/span><span lang=\"fr-FR\">link<\/span><span lang=\"fr-FR\">), un programme de r\u00e9sidence d\u2019artistes qui a re\u00e7u l\u2019\u00e9loge national et international. Les h\u00f4tes qui s\u2019int\u00e9ressent, peuvent suivre les conf\u00e9rences du programme et voir les \u0153uvres des artistes.<\/span><\/p>\n","protected":false},"excerpt":{"rendered":"<p>Kavala r\u00e9v\u00e9l\u00e9e La Cit\u00e9 Bleue, comme on l\u2019appelle parfois, est une ville petite mais anim\u00e9e. Am\u00e9nag\u00e9e comme un amphith\u00e9\u00e2tre, elle embrasse la c\u00f4te. Un port pittoresque, point d\u2019attache de nombreux bateaux de p\u00e9cheurs traditionnels, en bois, et de plaisance, qui ressemblent \u00e0 des colombes qui vont et qui viennent. Depuis l\u2019imposant vieux-Kavala, juste au front [&hellip;]<\/p>\n","protected":false},"author":1,"featured_media":0,"parent":0,"menu_order":0,"comment_status":"closed","ping_status":"closed","template":"","meta":[],"acf":[],"yoast_head":"<!-- This site is optimized with the Yoast SEO plugin v20.3 - https:\/\/yoast.com\/wordpress\/plugins\/seo\/ -->\n<title>Nous contacter - Lucy Hotel<\/title>\n<meta name=\"robots\" content=\"index, follow, max-snippet:-1, max-image-preview:large, max-video-preview:-1\" \/>\n<link rel=\"canonical\" href=\"https:\/\/www.lucyhotel.gr\/fr\/contact\/\" \/>\n<meta property=\"og:locale\" content=\"fr_FR\" \/>\n<meta property=\"og:type\" content=\"article\" \/>\n<meta property=\"og:title\" content=\"Nous contacter - Lucy Hotel\" \/>\n<meta property=\"og:description\" content=\"Kavala r\u00e9v\u00e9l\u00e9e La Cit\u00e9 Bleue, comme on l\u2019appelle parfois, est une ville petite mais anim\u00e9e. Am\u00e9nag\u00e9e comme un amphith\u00e9\u00e2tre, elle embrasse la c\u00f4te. Un port pittoresque, point d\u2019attache de nombreux bateaux de p\u00e9cheurs traditionnels, en bois, et de plaisance, qui ressemblent \u00e0 des colombes qui vont et qui viennent. Depuis l\u2019imposant vieux-Kavala, juste au front [&hellip;]\" \/>\n<meta property=\"og:url\" content=\"https:\/\/www.lucyhotel.gr\/fr\/contact\/\" \/>\n<meta property=\"og:site_name\" content=\"Lucy Hotel\" \/>\n<meta property=\"article:modified_time\" content=\"2019-06-19T09:04:31+00:00\" \/>\n<meta name=\"twitter:card\" content=\"summary_large_image\" \/>\n<meta name=\"twitter:label1\" content=\"Dur\u00e9e de lecture estim\u00e9e\" \/>\n\t<meta name=\"twitter:data1\" content=\"3 minutes\" \/>\n<script type=\"application\/ld+json\" class=\"yoast-schema-graph\">{\"@context\":\"https:\/\/schema.org\",\"@graph\":[{\"@type\":\"WebPage\",\"@id\":\"https:\/\/www.lucyhotel.gr\/fr\/contact\/\",\"url\":\"https:\/\/www.lucyhotel.gr\/fr\/contact\/\",\"name\":\"Nous contacter - Lucy Hotel\",\"isPartOf\":{\"@id\":\"https:\/\/www.lucyhotel.gr\/fr\/#website\"},\"datePublished\":\"2019-01-07T07:23:07+00:00\",\"dateModified\":\"2019-06-19T09:04:31+00:00\",\"breadcrumb\":{\"@id\":\"https:\/\/www.lucyhotel.gr\/fr\/contact\/#breadcrumb\"},\"inLanguage\":\"fr-FR\",\"potentialAction\":[{\"@type\":\"ReadAction\",\"target\":[\"https:\/\/www.lucyhotel.gr\/fr\/contact\/\"]}]},{\"@type\":\"BreadcrumbList\",\"@id\":\"https:\/\/www.lucyhotel.gr\/fr\/contact\/#breadcrumb\",\"itemListElement\":[{\"@type\":\"ListItem\",\"position\":1,\"name\":\"Home\",\"item\":\"https:\/\/www.lucyhotel.gr\/fr\/\"},{\"@type\":\"ListItem\",\"position\":2,\"name\":\"Nous contacter\"}]},{\"@type\":\"WebSite\",\"@id\":\"https:\/\/www.lucyhotel.gr\/fr\/#website\",\"url\":\"https:\/\/www.lucyhotel.gr\/fr\/\",\"name\":\"Lucy Hotel\",\"description\":\"Five Star Hotel, Sea View Suites, Kavala, Greece\",\"potentialAction\":[{\"@type\":\"SearchAction\",\"target\":{\"@type\":\"EntryPoint\",\"urlTemplate\":\"https:\/\/www.lucyhotel.gr\/fr\/?s={search_term_string}\"},\"query-input\":\"required name=search_term_string\"}],\"inLanguage\":\"fr-FR\"}]}<\/script>\n<!-- \/ Yoast SEO plugin. -->","yoast_head_json":{"title":"Nous contacter - Lucy Hotel","robots":{"index":"index","follow":"follow","max-snippet":"max-snippet:-1","max-image-preview":"max-image-preview:large","max-video-preview":"max-video-preview:-1"},"canonical":"https:\/\/www.lucyhotel.gr\/fr\/contact\/","og_locale":"fr_FR","og_type":"article","og_title":"Nous contacter - Lucy Hotel","og_description":"Kavala r\u00e9v\u00e9l\u00e9e La Cit\u00e9 Bleue, comme on l\u2019appelle parfois, est une ville petite mais anim\u00e9e. Am\u00e9nag\u00e9e comme un amphith\u00e9\u00e2tre, elle embrasse la c\u00f4te. Un port pittoresque, point d\u2019attache de nombreux bateaux de p\u00e9cheurs traditionnels, en bois, et de plaisance, qui ressemblent \u00e0 des colombes qui vont et qui viennent. Depuis l\u2019imposant vieux-Kavala, juste au front [&hellip;]","og_url":"https:\/\/www.lucyhotel.gr\/fr\/contact\/","og_site_name":"Lucy Hotel","article_modified_time":"2019-06-19T09:04:31+00:00","twitter_card":"summary_large_image","twitter_misc":{"Dur\u00e9e de lecture estim\u00e9e":"3 minutes"},"schema":{"@context":"https:\/\/schema.org","@graph":[{"@type":"WebPage","@id":"https:\/\/www.lucyhotel.gr\/fr\/contact\/","url":"https:\/\/www.lucyhotel.gr\/fr\/contact\/","name":"Nous contacter - Lucy Hotel","isPartOf":{"@id":"https:\/\/www.lucyhotel.gr\/fr\/#website"},"datePublished":"2019-01-07T07:23:07+00:00","dateModified":"2019-06-19T09:04:31+00:00","breadcrumb":{"@id":"https:\/\/www.lucyhotel.gr\/fr\/contact\/#breadcrumb"},"inLanguage":"fr-FR","potentialAction":[{"@type":"ReadAction","target":["https:\/\/www.lucyhotel.gr\/fr\/contact\/"]}]},{"@type":"BreadcrumbList","@id":"https:\/\/www.lucyhotel.gr\/fr\/contact\/#breadcrumb","itemListElement":[{"@type":"ListItem","position":1,"name":"Home","item":"https:\/\/www.lucyhotel.gr\/fr\/"},{"@type":"ListItem","position":2,"name":"Nous contacter"}]},{"@type":"WebSite","@id":"https:\/\/www.lucyhotel.gr\/fr\/#website","url":"https:\/\/www.lucyhotel.gr\/fr\/","name":"Lucy Hotel","description":"Five Star Hotel, Sea View Suites, Kavala, Greece","potentialAction":[{"@type":"SearchAction","target":{"@type":"EntryPoint","urlTemplate":"https:\/\/www.lucyhotel.gr\/fr\/?s={search_term_string}"},"query-input":"required name=search_term_string"}],"inLanguage":"fr-FR"}]}},"_links":{"self":[{"href":"https:\/\/www.lucyhotel.gr\/fr\/wp-json\/wp\/v2\/pages\/843"}],"collection":[{"href":"https:\/\/www.lucyhotel.gr\/fr\/wp-json\/wp\/v2\/pages"}],"about":[{"href":"https:\/\/www.lucyhotel.gr\/fr\/wp-json\/wp\/v2\/types\/page"}],"author":[{"embeddable":true,"href":"https:\/\/www.lucyhotel.gr\/fr\/wp-json\/wp\/v2\/users\/1"}],"replies":[{"embeddable":true,"href":"https:\/\/www.lucyhotel.gr\/fr\/wp-json\/wp\/v2\/comments?post=843"}],"version-history":[{"count":2,"href":"https:\/\/www.lucyhotel.gr\/fr\/wp-json\/wp\/v2\/pages\/843\/revisions"}],"predecessor-version":[{"id":3911,"href":"https:\/\/www.lucyhotel.gr\/fr\/wp-json\/wp\/v2\/pages\/843\/revisions\/3911"}],"wp:attachment":[{"href":"https:\/\/www.lucyhotel.gr\/fr\/wp-json\/wp\/v2\/media?parent=843"}],"curies":[{"name":"wp","href":"https:\/\/api.w.org\/{rel}","templated":true}]}}