{"id":16128,"date":"2022-08-16T11:50:35","date_gmt":"2022-08-16T08:50:35","guid":{"rendered":"https:\/\/www.lucyhotel.gr\/spa\/"},"modified":"2024-06-26T11:55:31","modified_gmt":"2024-06-26T08:55:31","slug":"spa","status":"publish","type":"page","link":"https:\/\/www.lucyhotel.gr\/ro\/spa\/","title":{"rendered":"SPA"},"content":{"rendered":"\n<p>The Lucy SPA repr\u00e4sentiert das kulturelle Erbe und die langj\u00e4hrige Tradition der \u00f6ffentlichen B\u00e4der von Kavala. Unser SPA befindet sich an einem ruhigen, von S\u00e4ulen umrahmten Ort mit klaren Formen und Strukturen, der dennoch imposante und komplexe Ausblicke bietet. Gew\u00f6lbte Tore, Details aus Marmor, Wasserbecken, Dampf und ein Pool als zentrales Element schaffen das ideale Umfeld f\u00fcr vollkommene Revitalisierung.<\/p>\n\n\n\n<p>La centrul Lucy SPA ve\u021bi descoperi spiritul autentic \u0219i original al Greciei. Inspira\u021bi ad\u00e2nc, reconecta\u021bi-v\u0103 cu natura \u0219i \u00eembog\u0103\u021bi\u021bi-v\u0103 experien\u021ba de vacan\u021b\u0103 prin resetarea ritmului interior la \u201evia\u021ba tihnit\u0103\u201d.<\/p>\n\n\n\n<p>Asigur\u0103m o colec\u021bie vast\u0103 de tratamente adaptate pentru fiecare dintre nevoile dvs. Relaxa\u021bi-v\u0103 \u0219i \u00eentineri\u021bi \u00een m\u00e2inile terapeu\u021bilor no\u0219tri experimenta\u021bi.<\/p>\n","protected":false},"excerpt":{"rendered":"<p>The Lucy SPA repr\u00e4sentiert das kulturelle Erbe und die langj\u00e4hrige Tradition der \u00f6ffentlichen B\u00e4der von Kavala. Unser SPA befindet sich an einem ruhigen, von S\u00e4ulen umrahmten Ort mit klaren Formen und Strukturen, der dennoch imposante und komplexe Ausblicke bietet. Gew\u00f6lbte Tore, Details aus Marmor, Wasserbecken, Dampf und ein Pool als zentrales Element schaffen das ideale [&hellip;]<\/p>\n","protected":false},"author":1,"featured_media":16099,"parent":0,"menu_order":0,"comment_status":"closed","ping_status":"closed","template":"","meta":[],"acf":[],"yoast_head":"<!-- This site is optimized with the Yoast SEO plugin v20.3 - https:\/\/yoast.com\/wordpress\/plugins\/seo\/ -->\n<title>SPA - Lucy Hotel<\/title>\n<meta name=\"robots\" content=\"index, follow, max-snippet:-1, max-image-preview:large, max-video-preview:-1\" \/>\n<link rel=\"canonical\" href=\"https:\/\/www.lucyhotel.gr\/ro\/spa\/\" \/>\n<meta property=\"og:locale\" content=\"ro_RO\" \/>\n<meta property=\"og:type\" content=\"article\" \/>\n<meta property=\"og:title\" content=\"SPA - Lucy Hotel\" \/>\n<meta property=\"og:description\" content=\"The Lucy SPA repr\u00e4sentiert das kulturelle Erbe und die langj\u00e4hrige Tradition der \u00f6ffentlichen B\u00e4der von Kavala. Unser SPA befindet sich an einem ruhigen, von S\u00e4ulen umrahmten Ort mit klaren Formen und Strukturen, der dennoch imposante und komplexe Ausblicke bietet. Gew\u00f6lbte Tore, Details aus Marmor, Wasserbecken, Dampf und ein Pool als zentrales Element schaffen das ideale [&hellip;]\" \/>\n<meta property=\"og:url\" content=\"https:\/\/www.lucyhotel.gr\/ro\/spa\/\" \/>\n<meta property=\"og:site_name\" content=\"Lucy Hotel\" \/>\n<meta property=\"article:modified_time\" content=\"2024-06-26T08:55:31+00:00\" \/>\n<meta property=\"og:image\" content=\"https:\/\/www.lucyhotel.gr\/wp-content\/uploads\/2022\/07\/spafeatlast.jpg\" \/>\n\t<meta property=\"og:image:width\" content=\"1920\" \/>\n\t<meta property=\"og:image:height\" content=\"1080\" \/>\n\t<meta property=\"og:image:type\" content=\"image\/jpeg\" \/>\n<meta name=\"twitter:card\" content=\"summary_large_image\" \/>\n<meta name=\"twitter:label1\" content=\"Timp estimat pentru citire\" \/>\n\t<meta name=\"twitter:data1\" content=\"1 minut\" \/>\n<script type=\"application\/ld+json\" class=\"yoast-schema-graph\">{\"@context\":\"https:\/\/schema.org\",\"@graph\":[{\"@type\":\"WebPage\",\"@id\":\"https:\/\/www.lucyhotel.gr\/ro\/spa\/\",\"url\":\"https:\/\/www.lucyhotel.gr\/ro\/spa\/\",\"name\":\"SPA - Lucy Hotel\",\"isPartOf\":{\"@id\":\"https:\/\/www.lucyhotel.gr\/ro\/#website\"},\"datePublished\":\"2022-08-16T08:50:35+00:00\",\"dateModified\":\"2024-06-26T08:55:31+00:00\",\"breadcrumb\":{\"@id\":\"https:\/\/www.lucyhotel.gr\/ro\/spa\/#breadcrumb\"},\"inLanguage\":\"ro-RO\",\"potentialAction\":[{\"@type\":\"ReadAction\",\"target\":[\"https:\/\/www.lucyhotel.gr\/ro\/spa\/\"]}]},{\"@type\":\"BreadcrumbList\",\"@id\":\"https:\/\/www.lucyhotel.gr\/ro\/spa\/#breadcrumb\",\"itemListElement\":[{\"@type\":\"ListItem\",\"position\":1,\"name\":\"Home\",\"item\":\"https:\/\/www.lucyhotel.gr\/ro\/\"},{\"@type\":\"ListItem\",\"position\":2,\"name\":\"SPA\"}]},{\"@type\":\"WebSite\",\"@id\":\"https:\/\/www.lucyhotel.gr\/ro\/#website\",\"url\":\"https:\/\/www.lucyhotel.gr\/ro\/\",\"name\":\"Lucy Hotel\",\"description\":\"Five Star Hotel, Sea View Suites, Kavala, Greece\",\"potentialAction\":[{\"@type\":\"SearchAction\",\"target\":{\"@type\":\"EntryPoint\",\"urlTemplate\":\"https:\/\/www.lucyhotel.gr\/ro\/?s={search_term_string}\"},\"query-input\":\"required name=search_term_string\"}],\"inLanguage\":\"ro-RO\"}]}<\/script>\n<!-- \/ Yoast SEO plugin. -->","yoast_head_json":{"title":"SPA - Lucy Hotel","robots":{"index":"index","follow":"follow","max-snippet":"max-snippet:-1","max-image-preview":"max-image-preview:large","max-video-preview":"max-video-preview:-1"},"canonical":"https:\/\/www.lucyhotel.gr\/ro\/spa\/","og_locale":"ro_RO","og_type":"article","og_title":"SPA - Lucy Hotel","og_description":"The Lucy SPA repr\u00e4sentiert das kulturelle Erbe und die langj\u00e4hrige Tradition der \u00f6ffentlichen B\u00e4der von Kavala. Unser SPA befindet sich an einem ruhigen, von S\u00e4ulen umrahmten Ort mit klaren Formen und Strukturen, der dennoch imposante und komplexe Ausblicke bietet. Gew\u00f6lbte Tore, Details aus Marmor, Wasserbecken, Dampf und ein Pool als zentrales Element schaffen das ideale [&hellip;]","og_url":"https:\/\/www.lucyhotel.gr\/ro\/spa\/","og_site_name":"Lucy Hotel","article_modified_time":"2024-06-26T08:55:31+00:00","og_image":[{"width":1920,"height":1080,"url":"https:\/\/www.lucyhotel.gr\/wp-content\/uploads\/2022\/07\/spafeatlast.jpg","type":"image\/jpeg"}],"twitter_card":"summary_large_image","twitter_misc":{"Timp estimat pentru citire":"1 minut"},"schema":{"@context":"https:\/\/schema.org","@graph":[{"@type":"WebPage","@id":"https:\/\/www.lucyhotel.gr\/ro\/spa\/","url":"https:\/\/www.lucyhotel.gr\/ro\/spa\/","name":"SPA - Lucy Hotel","isPartOf":{"@id":"https:\/\/www.lucyhotel.gr\/ro\/#website"},"datePublished":"2022-08-16T08:50:35+00:00","dateModified":"2024-06-26T08:55:31+00:00","breadcrumb":{"@id":"https:\/\/www.lucyhotel.gr\/ro\/spa\/#breadcrumb"},"inLanguage":"ro-RO","potentialAction":[{"@type":"ReadAction","target":["https:\/\/www.lucyhotel.gr\/ro\/spa\/"]}]},{"@type":"BreadcrumbList","@id":"https:\/\/www.lucyhotel.gr\/ro\/spa\/#breadcrumb","itemListElement":[{"@type":"ListItem","position":1,"name":"Home","item":"https:\/\/www.lucyhotel.gr\/ro\/"},{"@type":"ListItem","position":2,"name":"SPA"}]},{"@type":"WebSite","@id":"https:\/\/www.lucyhotel.gr\/ro\/#website","url":"https:\/\/www.lucyhotel.gr\/ro\/","name":"Lucy Hotel","description":"Five Star Hotel, Sea View Suites, Kavala, Greece","potentialAction":[{"@type":"SearchAction","target":{"@type":"EntryPoint","urlTemplate":"https:\/\/www.lucyhotel.gr\/ro\/?s={search_term_string}"},"query-input":"required name=search_term_string"}],"inLanguage":"ro-RO"}]}},"_links":{"self":[{"href":"https:\/\/www.lucyhotel.gr\/ro\/wp-json\/wp\/v2\/pages\/16128"}],"collection":[{"href":"https:\/\/www.lucyhotel.gr\/ro\/wp-json\/wp\/v2\/pages"}],"about":[{"href":"https:\/\/www.lucyhotel.gr\/ro\/wp-json\/wp\/v2\/types\/page"}],"author":[{"embeddable":true,"href":"https:\/\/www.lucyhotel.gr\/ro\/wp-json\/wp\/v2\/users\/1"}],"replies":[{"embeddable":true,"href":"https:\/\/www.lucyhotel.gr\/ro\/wp-json\/wp\/v2\/comments?post=16128"}],"version-history":[{"count":2,"href":"https:\/\/www.lucyhotel.gr\/ro\/wp-json\/wp\/v2\/pages\/16128\/revisions"}],"predecessor-version":[{"id":16130,"href":"https:\/\/www.lucyhotel.gr\/ro\/wp-json\/wp\/v2\/pages\/16128\/revisions\/16130"}],"wp:featuredmedia":[{"embeddable":true,"href":"https:\/\/www.lucyhotel.gr\/ro\/wp-json\/wp\/v2\/media\/16099"}],"wp:attachment":[{"href":"https:\/\/www.lucyhotel.gr\/ro\/wp-json\/wp\/v2\/media?parent=16128"}],"curies":[{"name":"wp","href":"https:\/\/api.w.org\/{rel}","templated":true}]}}