{"id":3855,"date":"2019-06-14T13:50:44","date_gmt":"2019-06-14T13:50:44","guid":{"rendered":"http:\/\/preview.deventum.com\/lucyhotel\/events\/"},"modified":"2019-06-19T09:55:28","modified_gmt":"2019-06-19T09:55:28","slug":"events","status":"publish","type":"page","link":"https:\/\/www.lucyhotel.gr\/ro\/events\/","title":{"rendered":"Reuniuni \u0219i evenimente"},"content":{"rendered":"\n<p>Av\u00e2nd facilit\u0103\u021bi de standarde \u00eenalte, personal dedicat \u0219i loca\u021bie unic\u0103, hotelul Lucy dore\u0219te s\u0103 fie destina\u021bia ideal\u0103 pentru g\u0103zduirea unei variet\u0103\u021bi de reuniuni \u0219i evenimente sociale. Ne place sa d\u0103m aten\u021bie fiec\u0103rui detaliu pentru a oferi cadrul unei ocazii de succes.<\/p>\n","protected":false},"excerpt":{"rendered":"<p>Av\u00e2nd facilit\u0103\u021bi de standarde \u00eenalte, personal dedicat \u0219i loca\u021bie unic\u0103, hotelul Lucy dore\u0219te s\u0103 fie destina\u021bia ideal\u0103 pentru g\u0103zduirea unei variet\u0103\u021bi de reuniuni \u0219i evenimente sociale. Ne place sa d\u0103m aten\u021bie fiec\u0103rui detaliu pentru a oferi cadrul unei ocazii de succes.<\/p>\n","protected":false},"author":1,"featured_media":2858,"parent":0,"menu_order":0,"comment_status":"closed","ping_status":"closed","template":"","meta":[],"acf":[],"yoast_head":"<!-- This site is optimized with the Yoast SEO plugin v20.3 - https:\/\/yoast.com\/wordpress\/plugins\/seo\/ -->\n<title>Reuniuni \u0219i evenimente - Lucy Hotel<\/title>\n<meta name=\"robots\" content=\"index, follow, max-snippet:-1, max-image-preview:large, max-video-preview:-1\" \/>\n<link rel=\"canonical\" href=\"https:\/\/www.lucyhotel.gr\/ro\/events\/\" \/>\n<meta property=\"og:locale\" content=\"ro_RO\" \/>\n<meta property=\"og:type\" content=\"article\" \/>\n<meta property=\"og:title\" content=\"Reuniuni \u0219i evenimente - Lucy Hotel\" \/>\n<meta property=\"og:description\" content=\"Av\u00e2nd facilit\u0103\u021bi de standarde \u00eenalte, personal dedicat \u0219i loca\u021bie unic\u0103, hotelul Lucy dore\u0219te s\u0103 fie destina\u021bia ideal\u0103 pentru g\u0103zduirea unei variet\u0103\u021bi de reuniuni \u0219i evenimente sociale. Ne place sa d\u0103m aten\u021bie fiec\u0103rui detaliu pentru a oferi cadrul unei ocazii de succes.\" \/>\n<meta property=\"og:url\" content=\"https:\/\/www.lucyhotel.gr\/ro\/events\/\" \/>\n<meta property=\"og:site_name\" content=\"Lucy Hotel\" \/>\n<meta property=\"article:modified_time\" content=\"2019-06-19T09:55:28+00:00\" \/>\n<meta property=\"og:image\" content=\"https:\/\/www.lucyhotel.gr\/wp-content\/uploads\/2019\/05\/meeting_events_big_1920.jpg\" \/>\n\t<meta property=\"og:image:width\" content=\"1920\" \/>\n\t<meta property=\"og:image:height\" content=\"1080\" \/>\n\t<meta property=\"og:image:type\" content=\"image\/jpeg\" \/>\n<meta name=\"twitter:card\" content=\"summary_large_image\" \/>\n<script type=\"application\/ld+json\" class=\"yoast-schema-graph\">{\"@context\":\"https:\/\/schema.org\",\"@graph\":[{\"@type\":\"WebPage\",\"@id\":\"https:\/\/www.lucyhotel.gr\/ro\/events\/\",\"url\":\"https:\/\/www.lucyhotel.gr\/ro\/events\/\",\"name\":\"Reuniuni \u0219i evenimente - Lucy Hotel\",\"isPartOf\":{\"@id\":\"https:\/\/www.lucyhotel.gr\/ro\/#website\"},\"datePublished\":\"2019-06-14T13:50:44+00:00\",\"dateModified\":\"2019-06-19T09:55:28+00:00\",\"breadcrumb\":{\"@id\":\"https:\/\/www.lucyhotel.gr\/ro\/events\/#breadcrumb\"},\"inLanguage\":\"ro-RO\",\"potentialAction\":[{\"@type\":\"ReadAction\",\"target\":[\"https:\/\/www.lucyhotel.gr\/ro\/events\/\"]}]},{\"@type\":\"BreadcrumbList\",\"@id\":\"https:\/\/www.lucyhotel.gr\/ro\/events\/#breadcrumb\",\"itemListElement\":[{\"@type\":\"ListItem\",\"position\":1,\"name\":\"Home\",\"item\":\"https:\/\/www.lucyhotel.gr\/ro\/\"},{\"@type\":\"ListItem\",\"position\":2,\"name\":\"Reuniuni \u0219i evenimente\"}]},{\"@type\":\"WebSite\",\"@id\":\"https:\/\/www.lucyhotel.gr\/ro\/#website\",\"url\":\"https:\/\/www.lucyhotel.gr\/ro\/\",\"name\":\"Lucy Hotel\",\"description\":\"Five Star Hotel, Sea View Suites, Kavala, Greece\",\"potentialAction\":[{\"@type\":\"SearchAction\",\"target\":{\"@type\":\"EntryPoint\",\"urlTemplate\":\"https:\/\/www.lucyhotel.gr\/ro\/?s={search_term_string}\"},\"query-input\":\"required name=search_term_string\"}],\"inLanguage\":\"ro-RO\"}]}<\/script>\n<!-- \/ Yoast SEO plugin. -->","yoast_head_json":{"title":"Reuniuni \u0219i evenimente - Lucy Hotel","robots":{"index":"index","follow":"follow","max-snippet":"max-snippet:-1","max-image-preview":"max-image-preview:large","max-video-preview":"max-video-preview:-1"},"canonical":"https:\/\/www.lucyhotel.gr\/ro\/events\/","og_locale":"ro_RO","og_type":"article","og_title":"Reuniuni \u0219i evenimente - Lucy Hotel","og_description":"Av\u00e2nd facilit\u0103\u021bi de standarde \u00eenalte, personal dedicat \u0219i loca\u021bie unic\u0103, hotelul Lucy dore\u0219te s\u0103 fie destina\u021bia ideal\u0103 pentru g\u0103zduirea unei variet\u0103\u021bi de reuniuni \u0219i evenimente sociale. Ne place sa d\u0103m aten\u021bie fiec\u0103rui detaliu pentru a oferi cadrul unei ocazii de succes.","og_url":"https:\/\/www.lucyhotel.gr\/ro\/events\/","og_site_name":"Lucy Hotel","article_modified_time":"2019-06-19T09:55:28+00:00","og_image":[{"width":1920,"height":1080,"url":"https:\/\/www.lucyhotel.gr\/wp-content\/uploads\/2019\/05\/meeting_events_big_1920.jpg","type":"image\/jpeg"}],"twitter_card":"summary_large_image","schema":{"@context":"https:\/\/schema.org","@graph":[{"@type":"WebPage","@id":"https:\/\/www.lucyhotel.gr\/ro\/events\/","url":"https:\/\/www.lucyhotel.gr\/ro\/events\/","name":"Reuniuni \u0219i evenimente - Lucy Hotel","isPartOf":{"@id":"https:\/\/www.lucyhotel.gr\/ro\/#website"},"datePublished":"2019-06-14T13:50:44+00:00","dateModified":"2019-06-19T09:55:28+00:00","breadcrumb":{"@id":"https:\/\/www.lucyhotel.gr\/ro\/events\/#breadcrumb"},"inLanguage":"ro-RO","potentialAction":[{"@type":"ReadAction","target":["https:\/\/www.lucyhotel.gr\/ro\/events\/"]}]},{"@type":"BreadcrumbList","@id":"https:\/\/www.lucyhotel.gr\/ro\/events\/#breadcrumb","itemListElement":[{"@type":"ListItem","position":1,"name":"Home","item":"https:\/\/www.lucyhotel.gr\/ro\/"},{"@type":"ListItem","position":2,"name":"Reuniuni \u0219i evenimente"}]},{"@type":"WebSite","@id":"https:\/\/www.lucyhotel.gr\/ro\/#website","url":"https:\/\/www.lucyhotel.gr\/ro\/","name":"Lucy Hotel","description":"Five Star Hotel, Sea View Suites, Kavala, Greece","potentialAction":[{"@type":"SearchAction","target":{"@type":"EntryPoint","urlTemplate":"https:\/\/www.lucyhotel.gr\/ro\/?s={search_term_string}"},"query-input":"required name=search_term_string"}],"inLanguage":"ro-RO"}]}},"_links":{"self":[{"href":"https:\/\/www.lucyhotel.gr\/ro\/wp-json\/wp\/v2\/pages\/3855"}],"collection":[{"href":"https:\/\/www.lucyhotel.gr\/ro\/wp-json\/wp\/v2\/pages"}],"about":[{"href":"https:\/\/www.lucyhotel.gr\/ro\/wp-json\/wp\/v2\/types\/page"}],"author":[{"embeddable":true,"href":"https:\/\/www.lucyhotel.gr\/ro\/wp-json\/wp\/v2\/users\/1"}],"replies":[{"embeddable":true,"href":"https:\/\/www.lucyhotel.gr\/ro\/wp-json\/wp\/v2\/comments?post=3855"}],"version-history":[{"count":3,"href":"https:\/\/www.lucyhotel.gr\/ro\/wp-json\/wp\/v2\/pages\/3855\/revisions"}],"predecessor-version":[{"id":4188,"href":"https:\/\/www.lucyhotel.gr\/ro\/wp-json\/wp\/v2\/pages\/3855\/revisions\/4188"}],"wp:featuredmedia":[{"embeddable":true,"href":"https:\/\/www.lucyhotel.gr\/ro\/wp-json\/wp\/v2\/media\/2858"}],"wp:attachment":[{"href":"https:\/\/www.lucyhotel.gr\/ro\/wp-json\/wp\/v2\/media?parent=3855"}],"curies":[{"name":"wp","href":"https:\/\/api.w.org\/{rel}","templated":true}]}}