{"id":620,"date":"2019-04-02T12:04:31","date_gmt":"2019-04-02T12:04:31","guid":{"rendered":"http:\/\/preview.deventum.com\/lucyhotel\/location\/"},"modified":"2019-06-14T10:13:47","modified_gmt":"2019-06-14T10:13:47","slug":"location","status":"publish","type":"page","link":"https:\/\/www.lucyhotel.gr\/ro\/location\/","title":{"rendered":"Loca\u021bia"},"content":{"rendered":"\n<p>Hotelul nostru de cinci stele poate fi g\u0103sit \u00een partea de vest a ora\u0219ului Kavala. Beneficiind de o arhitectur\u0103 impun\u0103toare \u0219i de loca\u021bie unic\u0103, Hotelul Lucy este considerat un punct de reper \u0219i un punct de observa\u021bie pentru \u00eemprejurimi. \u00cen\u0103l\u021bat la cap\u0103tul unei mici peninsule, hotelul Lucy se aseam\u0103n\u0103 cu un observator unde te po\u021bi delecta cu priveli\u0219tea str\u0103lucitoare a ora\u0219ului Kavala, ora\u0219 ce este a\u0219ezat ca un amfiteatru \u00een fa\u021ba M\u0103rii Egee.<\/p>\n","protected":false},"excerpt":{"rendered":"<p>Hotelul nostru de cinci stele poate fi g\u0103sit \u00een partea de vest a ora\u0219ului Kavala. Beneficiind de o arhitectur\u0103 impun\u0103toare \u0219i de loca\u021bie unic\u0103, Hotelul Lucy este considerat un punct de reper \u0219i un punct de observa\u021bie pentru \u00eemprejurimi. \u00cen\u0103l\u021bat la cap\u0103tul unei mici peninsule, hotelul Lucy se aseam\u0103n\u0103 cu un observator unde te po\u021bi [&hellip;]<\/p>\n","protected":false},"author":1,"featured_media":0,"parent":0,"menu_order":0,"comment_status":"closed","ping_status":"closed","template":"","meta":[],"acf":[],"yoast_head":"<!-- This site is optimized with the Yoast SEO plugin v20.3 - https:\/\/yoast.com\/wordpress\/plugins\/seo\/ -->\n<title>Loca\u021bia - Lucy Hotel<\/title>\n<meta name=\"robots\" content=\"index, follow, max-snippet:-1, max-image-preview:large, max-video-preview:-1\" \/>\n<link rel=\"canonical\" href=\"https:\/\/www.lucyhotel.gr\/ro\/location\/\" \/>\n<meta property=\"og:locale\" content=\"ro_RO\" \/>\n<meta property=\"og:type\" content=\"article\" \/>\n<meta property=\"og:title\" content=\"Loca\u021bia - Lucy Hotel\" \/>\n<meta property=\"og:description\" content=\"Hotelul nostru de cinci stele poate fi g\u0103sit \u00een partea de vest a ora\u0219ului Kavala. Beneficiind de o arhitectur\u0103 impun\u0103toare \u0219i de loca\u021bie unic\u0103, Hotelul Lucy este considerat un punct de reper \u0219i un punct de observa\u021bie pentru \u00eemprejurimi. \u00cen\u0103l\u021bat la cap\u0103tul unei mici peninsule, hotelul Lucy se aseam\u0103n\u0103 cu un observator unde te po\u021bi [&hellip;]\" \/>\n<meta property=\"og:url\" content=\"https:\/\/www.lucyhotel.gr\/ro\/location\/\" \/>\n<meta property=\"og:site_name\" content=\"Lucy Hotel\" \/>\n<meta property=\"article:modified_time\" content=\"2019-06-14T10:13:47+00:00\" \/>\n<meta name=\"twitter:card\" content=\"summary_large_image\" \/>\n<script type=\"application\/ld+json\" class=\"yoast-schema-graph\">{\"@context\":\"https:\/\/schema.org\",\"@graph\":[{\"@type\":\"WebPage\",\"@id\":\"https:\/\/www.lucyhotel.gr\/ro\/location\/\",\"url\":\"https:\/\/www.lucyhotel.gr\/ro\/location\/\",\"name\":\"Loca\u021bia - Lucy Hotel\",\"isPartOf\":{\"@id\":\"https:\/\/www.lucyhotel.gr\/ro\/#website\"},\"datePublished\":\"2019-04-02T12:04:31+00:00\",\"dateModified\":\"2019-06-14T10:13:47+00:00\",\"breadcrumb\":{\"@id\":\"https:\/\/www.lucyhotel.gr\/ro\/location\/#breadcrumb\"},\"inLanguage\":\"ro-RO\",\"potentialAction\":[{\"@type\":\"ReadAction\",\"target\":[\"https:\/\/www.lucyhotel.gr\/ro\/location\/\"]}]},{\"@type\":\"BreadcrumbList\",\"@id\":\"https:\/\/www.lucyhotel.gr\/ro\/location\/#breadcrumb\",\"itemListElement\":[{\"@type\":\"ListItem\",\"position\":1,\"name\":\"Home\",\"item\":\"https:\/\/www.lucyhotel.gr\/ro\/\"},{\"@type\":\"ListItem\",\"position\":2,\"name\":\"Loca\u021bia\"}]},{\"@type\":\"WebSite\",\"@id\":\"https:\/\/www.lucyhotel.gr\/ro\/#website\",\"url\":\"https:\/\/www.lucyhotel.gr\/ro\/\",\"name\":\"Lucy Hotel\",\"description\":\"Five Star Hotel, Sea View Suites, Kavala, Greece\",\"potentialAction\":[{\"@type\":\"SearchAction\",\"target\":{\"@type\":\"EntryPoint\",\"urlTemplate\":\"https:\/\/www.lucyhotel.gr\/ro\/?s={search_term_string}\"},\"query-input\":\"required name=search_term_string\"}],\"inLanguage\":\"ro-RO\"}]}<\/script>\n<!-- \/ Yoast SEO plugin. -->","yoast_head_json":{"title":"Loca\u021bia - Lucy Hotel","robots":{"index":"index","follow":"follow","max-snippet":"max-snippet:-1","max-image-preview":"max-image-preview:large","max-video-preview":"max-video-preview:-1"},"canonical":"https:\/\/www.lucyhotel.gr\/ro\/location\/","og_locale":"ro_RO","og_type":"article","og_title":"Loca\u021bia - Lucy Hotel","og_description":"Hotelul nostru de cinci stele poate fi g\u0103sit \u00een partea de vest a ora\u0219ului Kavala. Beneficiind de o arhitectur\u0103 impun\u0103toare \u0219i de loca\u021bie unic\u0103, Hotelul Lucy este considerat un punct de reper \u0219i un punct de observa\u021bie pentru \u00eemprejurimi. \u00cen\u0103l\u021bat la cap\u0103tul unei mici peninsule, hotelul Lucy se aseam\u0103n\u0103 cu un observator unde te po\u021bi [&hellip;]","og_url":"https:\/\/www.lucyhotel.gr\/ro\/location\/","og_site_name":"Lucy Hotel","article_modified_time":"2019-06-14T10:13:47+00:00","twitter_card":"summary_large_image","schema":{"@context":"https:\/\/schema.org","@graph":[{"@type":"WebPage","@id":"https:\/\/www.lucyhotel.gr\/ro\/location\/","url":"https:\/\/www.lucyhotel.gr\/ro\/location\/","name":"Loca\u021bia - Lucy Hotel","isPartOf":{"@id":"https:\/\/www.lucyhotel.gr\/ro\/#website"},"datePublished":"2019-04-02T12:04:31+00:00","dateModified":"2019-06-14T10:13:47+00:00","breadcrumb":{"@id":"https:\/\/www.lucyhotel.gr\/ro\/location\/#breadcrumb"},"inLanguage":"ro-RO","potentialAction":[{"@type":"ReadAction","target":["https:\/\/www.lucyhotel.gr\/ro\/location\/"]}]},{"@type":"BreadcrumbList","@id":"https:\/\/www.lucyhotel.gr\/ro\/location\/#breadcrumb","itemListElement":[{"@type":"ListItem","position":1,"name":"Home","item":"https:\/\/www.lucyhotel.gr\/ro\/"},{"@type":"ListItem","position":2,"name":"Loca\u021bia"}]},{"@type":"WebSite","@id":"https:\/\/www.lucyhotel.gr\/ro\/#website","url":"https:\/\/www.lucyhotel.gr\/ro\/","name":"Lucy Hotel","description":"Five Star Hotel, Sea View Suites, Kavala, Greece","potentialAction":[{"@type":"SearchAction","target":{"@type":"EntryPoint","urlTemplate":"https:\/\/www.lucyhotel.gr\/ro\/?s={search_term_string}"},"query-input":"required name=search_term_string"}],"inLanguage":"ro-RO"}]}},"_links":{"self":[{"href":"https:\/\/www.lucyhotel.gr\/ro\/wp-json\/wp\/v2\/pages\/620"}],"collection":[{"href":"https:\/\/www.lucyhotel.gr\/ro\/wp-json\/wp\/v2\/pages"}],"about":[{"href":"https:\/\/www.lucyhotel.gr\/ro\/wp-json\/wp\/v2\/types\/page"}],"author":[{"embeddable":true,"href":"https:\/\/www.lucyhotel.gr\/ro\/wp-json\/wp\/v2\/users\/1"}],"replies":[{"embeddable":true,"href":"https:\/\/www.lucyhotel.gr\/ro\/wp-json\/wp\/v2\/comments?post=620"}],"version-history":[{"count":2,"href":"https:\/\/www.lucyhotel.gr\/ro\/wp-json\/wp\/v2\/pages\/620\/revisions"}],"predecessor-version":[{"id":3452,"href":"https:\/\/www.lucyhotel.gr\/ro\/wp-json\/wp\/v2\/pages\/620\/revisions\/3452"}],"wp:attachment":[{"href":"https:\/\/www.lucyhotel.gr\/ro\/wp-json\/wp\/v2\/media?parent=620"}],"curies":[{"name":"wp","href":"https:\/\/api.w.org\/{rel}","templated":true}]}}