{"id":845,"date":"2019-01-07T07:23:07","date_gmt":"2019-01-07T07:23:07","guid":{"rendered":"http:\/\/preview.deventum.com\/lucyhotel\/contact\/"},"modified":"2019-06-19T09:05:27","modified_gmt":"2019-06-19T09:05:27","slug":"contact","status":"publish","type":"page","link":"https:\/\/www.lucyhotel.gr\/ro\/contact\/","title":{"rendered":"Contact"},"content":{"rendered":"<h1>Prezentarea ora\u0219ului Kavala<\/h1>\n<p><span lang=\"ro-RO\">Ora\u0219ul albastru, cum i se mai spune, este un loc intim \u0219i totu\u0219i plin de via\u021b\u0103. \u00cen form\u0103 de amfiteatru, \u00eembr\u0103\u021bi\u0219eaz\u0103 coasta. Portul pitoresc este cas\u0103 multor b\u0103rci tradi\u021bionale din lemn, pentru pescuit \u0219i navigat, b\u0103rci care arat\u0103 ca ni\u0219te porumbei albi intr\u00e2nd \u0219i ie\u0219ind. De la impun\u0103torul ora\u0219 vechi, p\u00e2n\u0103 la malul apei, sunt \u00eempr\u0103\u0219tiate baruri \u0219i cafenele micu\u021be, a\u0219tept\u00e2nd s\u0103 fie descoperite \u00een timpul unei plimb\u0103ri de sear\u0103.<\/span><\/p>\n<p><span lang=\"ro-RO\">Ora\u0219ul Kavala are o atmosfer\u0103 cosmopolit\u0103 care atest\u0103 loca\u021bia unic\u0103 la \u00eent\u00e2lnirea dintre est \u0219i vest. Acela\u0219i sentiment \u00eel are \u0219i cel care merge pe str\u0103zile pietruite ale ora\u0219ului vechi cobor\u00e2nd de la fort\u0103rea\u021ba bizantin\u0103 sau c\u00e2nd \u00eent\u00e2lne\u0219te apeductul de piatr\u0103 p\u0103strat a\u0219a cum a fost \u00een\u0103l\u021bat ultima dat\u0103 \u00een perioada otoman\u0103. Este \u0219i un centru religios important, deoarece este locul unde primul cre\u0219tin din Europa, o femeie numit\u0103 Lidia, a fost botezat\u0103 de apostolul Pavel. Timp de secole, bog\u0103\u021bia Kavalei s-a datorat produc\u021biei de tutun; a c\u0103rei fabric\u0103, ast\u0103zi muzeul de tutun, merit\u0103 vizitat\u0103 datorit\u0103 interesului at\u00e2t istoric c\u00e2t \u0219i estetic. <\/span><\/p>\n<p><span lang=\"ro-RO\">Cu locuri frumoase pe \u021b\u0103rm dar \u0219i la munte, Kavala se prezint\u0103 ca o destina\u021bie atractiv\u0103 at\u00e2t vara c\u00e2t \u0219i iarna. Plajele sale de nisip ofer\u0103 ora\u0219ului, pe bun\u0103 dreptate, titlul de destina\u021bia albastr\u0103 a Mediteranei. La doar c\u00e2teva minute de mers cu ma\u0219ina \u00een afara ora\u0219ului, se \u00eentinde Teatrul antic din Filipi, un sit de patrimoniu UNESCO, ce g\u0103zduie\u0219te un spectacol de teatru festival (<\/span><span lang=\"ro-RO\">link<\/span><span lang=\"ro-RO\">) \u00een fiecare var\u0103. La o jum\u0103tate de or\u0103 de mers cu ma\u0219ina spre est, se \u00eentinde delta r\u00e2ului Nestos, una dintre cele mai mari din Europa. Extinderile frumoase de p\u0103m\u00e2nt ml\u0103\u0219tinos ale r\u00e2ului Nestos sunt protejate de re\u021beaua european\u0103 Natura, deoarece ad\u0103postesc multe feluri de p\u0103s\u0103ri \u0219i animale s\u0103lbatice cum ar fi flamingo, cormorani, \u0219acali, o specie rar\u0103 de vultur pescar \u0219i multe altele. Este oportunitatea pe care nu vre\u021bi s\u0103 o pierde\u021bi, a unei c\u0103l\u0103torii de o zi cu multe activit\u0103\u021bi, cum ar fi caiac sau drume\u021bii, pentru familii sau pasiona\u021bii de natur\u0103.<\/span><\/p>\n<p><span lang=\"ro-RO\">Privind spre sud, ceea ce pare a fi un munte albastru ie\u0219ind din mare, nu este altceva dec\u00e2t insula Thassos. Este un loc frumos la fel de bogat \u00een vegeta\u021bie ca \u0219i \u00een plaje magnifice \u0219i situri arheologice. Recomandarea noastr\u0103 este, desigur, plaja Makryammos, una dintre cele mai ispititoare destina\u021bii pe Thassos, care ad\u0103poste\u0219te \u0219i bungalourile Makryammos (<\/span><span lang=\"ro-RO\">link<\/span><span lang=\"ro-RO\">).<\/span><\/p>\n<p><span lang=\"ro-RO\">Cei cu \u00eenclina\u021bii culturale vor fi bucuro\u0219i s\u0103 afle c\u0103 hotelul Lucy g\u0103zduie\u0219te Lucy &#8211; Re\u0219edin\u021ba artei<\/span><span lang=\"ro-RO\"> (link)<\/span><span lang=\"ro-RO\">, un program de re\u0219edin\u021b\u0103 pentru arti\u0219ti, apreciat la nivel na\u021bional \u0219i interna\u021bional. Oaspe\u021bii interesa\u021bi pot audia prelegerile re\u0219edin\u021bei \u0219i viziona lucr\u0103rile arti\u0219tilor.<\/span><\/p>\n","protected":false},"excerpt":{"rendered":"<p>Prezentarea ora\u0219ului Kavala Ora\u0219ul albastru, cum i se mai spune, este un loc intim \u0219i totu\u0219i plin de via\u021b\u0103. \u00cen form\u0103 de amfiteatru, \u00eembr\u0103\u021bi\u0219eaz\u0103 coasta. Portul pitoresc este cas\u0103 multor b\u0103rci tradi\u021bionale din lemn, pentru pescuit \u0219i navigat, b\u0103rci care arat\u0103 ca ni\u0219te porumbei albi intr\u00e2nd \u0219i ie\u0219ind. De la impun\u0103torul ora\u0219 vechi, p\u00e2n\u0103 la [&hellip;]<\/p>\n","protected":false},"author":1,"featured_media":0,"parent":0,"menu_order":0,"comment_status":"closed","ping_status":"closed","template":"","meta":[],"acf":[],"yoast_head":"<!-- This site is optimized with the Yoast SEO plugin v20.3 - https:\/\/yoast.com\/wordpress\/plugins\/seo\/ -->\n<title>Contact - Lucy Hotel<\/title>\n<meta name=\"robots\" content=\"index, follow, max-snippet:-1, max-image-preview:large, max-video-preview:-1\" \/>\n<link rel=\"canonical\" href=\"https:\/\/www.lucyhotel.gr\/ro\/contact\/\" \/>\n<meta property=\"og:locale\" content=\"ro_RO\" \/>\n<meta property=\"og:type\" content=\"article\" \/>\n<meta property=\"og:title\" content=\"Contact - Lucy Hotel\" \/>\n<meta property=\"og:description\" content=\"Prezentarea ora\u0219ului Kavala Ora\u0219ul albastru, cum i se mai spune, este un loc intim \u0219i totu\u0219i plin de via\u021b\u0103. \u00cen form\u0103 de amfiteatru, \u00eembr\u0103\u021bi\u0219eaz\u0103 coasta. Portul pitoresc este cas\u0103 multor b\u0103rci tradi\u021bionale din lemn, pentru pescuit \u0219i navigat, b\u0103rci care arat\u0103 ca ni\u0219te porumbei albi intr\u00e2nd \u0219i ie\u0219ind. De la impun\u0103torul ora\u0219 vechi, p\u00e2n\u0103 la [&hellip;]\" \/>\n<meta property=\"og:url\" content=\"https:\/\/www.lucyhotel.gr\/ro\/contact\/\" \/>\n<meta property=\"og:site_name\" content=\"Lucy Hotel\" \/>\n<meta property=\"article:modified_time\" content=\"2019-06-19T09:05:27+00:00\" \/>\n<meta name=\"twitter:card\" content=\"summary_large_image\" \/>\n<meta name=\"twitter:label1\" content=\"Timp estimat pentru citire\" \/>\n\t<meta name=\"twitter:data1\" content=\"3 minute\" \/>\n<script type=\"application\/ld+json\" class=\"yoast-schema-graph\">{\"@context\":\"https:\/\/schema.org\",\"@graph\":[{\"@type\":\"WebPage\",\"@id\":\"https:\/\/www.lucyhotel.gr\/ro\/contact\/\",\"url\":\"https:\/\/www.lucyhotel.gr\/ro\/contact\/\",\"name\":\"Contact - Lucy Hotel\",\"isPartOf\":{\"@id\":\"https:\/\/www.lucyhotel.gr\/ro\/#website\"},\"datePublished\":\"2019-01-07T07:23:07+00:00\",\"dateModified\":\"2019-06-19T09:05:27+00:00\",\"breadcrumb\":{\"@id\":\"https:\/\/www.lucyhotel.gr\/ro\/contact\/#breadcrumb\"},\"inLanguage\":\"ro-RO\",\"potentialAction\":[{\"@type\":\"ReadAction\",\"target\":[\"https:\/\/www.lucyhotel.gr\/ro\/contact\/\"]}]},{\"@type\":\"BreadcrumbList\",\"@id\":\"https:\/\/www.lucyhotel.gr\/ro\/contact\/#breadcrumb\",\"itemListElement\":[{\"@type\":\"ListItem\",\"position\":1,\"name\":\"Home\",\"item\":\"https:\/\/www.lucyhotel.gr\/ro\/\"},{\"@type\":\"ListItem\",\"position\":2,\"name\":\"Contact\"}]},{\"@type\":\"WebSite\",\"@id\":\"https:\/\/www.lucyhotel.gr\/ro\/#website\",\"url\":\"https:\/\/www.lucyhotel.gr\/ro\/\",\"name\":\"Lucy Hotel\",\"description\":\"Five Star Hotel, Sea View Suites, Kavala, Greece\",\"potentialAction\":[{\"@type\":\"SearchAction\",\"target\":{\"@type\":\"EntryPoint\",\"urlTemplate\":\"https:\/\/www.lucyhotel.gr\/ro\/?s={search_term_string}\"},\"query-input\":\"required name=search_term_string\"}],\"inLanguage\":\"ro-RO\"}]}<\/script>\n<!-- \/ Yoast SEO plugin. -->","yoast_head_json":{"title":"Contact - Lucy Hotel","robots":{"index":"index","follow":"follow","max-snippet":"max-snippet:-1","max-image-preview":"max-image-preview:large","max-video-preview":"max-video-preview:-1"},"canonical":"https:\/\/www.lucyhotel.gr\/ro\/contact\/","og_locale":"ro_RO","og_type":"article","og_title":"Contact - Lucy Hotel","og_description":"Prezentarea ora\u0219ului Kavala Ora\u0219ul albastru, cum i se mai spune, este un loc intim \u0219i totu\u0219i plin de via\u021b\u0103. \u00cen form\u0103 de amfiteatru, \u00eembr\u0103\u021bi\u0219eaz\u0103 coasta. Portul pitoresc este cas\u0103 multor b\u0103rci tradi\u021bionale din lemn, pentru pescuit \u0219i navigat, b\u0103rci care arat\u0103 ca ni\u0219te porumbei albi intr\u00e2nd \u0219i ie\u0219ind. De la impun\u0103torul ora\u0219 vechi, p\u00e2n\u0103 la [&hellip;]","og_url":"https:\/\/www.lucyhotel.gr\/ro\/contact\/","og_site_name":"Lucy Hotel","article_modified_time":"2019-06-19T09:05:27+00:00","twitter_card":"summary_large_image","twitter_misc":{"Timp estimat pentru citire":"3 minute"},"schema":{"@context":"https:\/\/schema.org","@graph":[{"@type":"WebPage","@id":"https:\/\/www.lucyhotel.gr\/ro\/contact\/","url":"https:\/\/www.lucyhotel.gr\/ro\/contact\/","name":"Contact - Lucy Hotel","isPartOf":{"@id":"https:\/\/www.lucyhotel.gr\/ro\/#website"},"datePublished":"2019-01-07T07:23:07+00:00","dateModified":"2019-06-19T09:05:27+00:00","breadcrumb":{"@id":"https:\/\/www.lucyhotel.gr\/ro\/contact\/#breadcrumb"},"inLanguage":"ro-RO","potentialAction":[{"@type":"ReadAction","target":["https:\/\/www.lucyhotel.gr\/ro\/contact\/"]}]},{"@type":"BreadcrumbList","@id":"https:\/\/www.lucyhotel.gr\/ro\/contact\/#breadcrumb","itemListElement":[{"@type":"ListItem","position":1,"name":"Home","item":"https:\/\/www.lucyhotel.gr\/ro\/"},{"@type":"ListItem","position":2,"name":"Contact"}]},{"@type":"WebSite","@id":"https:\/\/www.lucyhotel.gr\/ro\/#website","url":"https:\/\/www.lucyhotel.gr\/ro\/","name":"Lucy Hotel","description":"Five Star Hotel, Sea View Suites, Kavala, Greece","potentialAction":[{"@type":"SearchAction","target":{"@type":"EntryPoint","urlTemplate":"https:\/\/www.lucyhotel.gr\/ro\/?s={search_term_string}"},"query-input":"required name=search_term_string"}],"inLanguage":"ro-RO"}]}},"_links":{"self":[{"href":"https:\/\/www.lucyhotel.gr\/ro\/wp-json\/wp\/v2\/pages\/845"}],"collection":[{"href":"https:\/\/www.lucyhotel.gr\/ro\/wp-json\/wp\/v2\/pages"}],"about":[{"href":"https:\/\/www.lucyhotel.gr\/ro\/wp-json\/wp\/v2\/types\/page"}],"author":[{"embeddable":true,"href":"https:\/\/www.lucyhotel.gr\/ro\/wp-json\/wp\/v2\/users\/1"}],"replies":[{"embeddable":true,"href":"https:\/\/www.lucyhotel.gr\/ro\/wp-json\/wp\/v2\/comments?post=845"}],"version-history":[{"count":2,"href":"https:\/\/www.lucyhotel.gr\/ro\/wp-json\/wp\/v2\/pages\/845\/revisions"}],"predecessor-version":[{"id":3912,"href":"https:\/\/www.lucyhotel.gr\/ro\/wp-json\/wp\/v2\/pages\/845\/revisions\/3912"}],"wp:attachment":[{"href":"https:\/\/www.lucyhotel.gr\/ro\/wp-json\/wp\/v2\/media?parent=845"}],"curies":[{"name":"wp","href":"https:\/\/api.w.org\/{rel}","templated":true}]}}