{"id":888,"date":"2018-12-31T10:00:37","date_gmt":"2018-12-31T10:00:37","guid":{"rendered":"http:\/\/preview.deventum.com\/lucyhotel\/rooms\/"},"modified":"2019-06-14T10:20:16","modified_gmt":"2019-06-14T10:20:16","slug":"rooms","status":"publish","type":"page","link":"https:\/\/www.lucyhotel.gr\/ro\/rooms\/","title":{"rendered":"Camere \u0219i apartamente"},"content":{"rendered":"<p>Cele 149 de camere \u0219i apartamente afi\u0219eaz\u0103 influen\u021be moderne, p\u0103str\u00e2ndu-\u0219i totu\u0219i caracterul avangardist clasic al hotelului. Fiecare dintre acestea av\u00e2nd vederi magice, permit oaspe\u021bilor no\u0219tri s\u0103 devin\u0103 adev\u0103ra\u021bi spectatori ai ora\u0219ului Kavala \u0219i ai albastrului infinit al Egeei ce str\u0103luce\u0219te \u00eentotdeauna sub soarele mediteranean.<\/p>\n","protected":false},"excerpt":{"rendered":"<p>Cele 149 de camere \u0219i apartamente afi\u0219eaz\u0103 influen\u021be moderne, p\u0103str\u00e2ndu-\u0219i totu\u0219i caracterul avangardist clasic al hotelului. Fiecare dintre acestea av\u00e2nd vederi magice, permit oaspe\u021bilor no\u0219tri s\u0103 devin\u0103 adev\u0103ra\u021bi spectatori ai ora\u0219ului Kavala \u0219i ai albastrului infinit al Egeei ce str\u0103luce\u0219te \u00eentotdeauna sub soarele mediteranean.<\/p>\n","protected":false},"author":1,"featured_media":2380,"parent":0,"menu_order":0,"comment_status":"closed","ping_status":"closed","template":"","meta":[],"acf":[],"yoast_head":"<!-- This site is optimized with the Yoast SEO plugin v20.3 - https:\/\/yoast.com\/wordpress\/plugins\/seo\/ -->\n<title>Camere \u0219i apartamente - Lucy Hotel<\/title>\n<meta name=\"robots\" content=\"index, follow, max-snippet:-1, max-image-preview:large, max-video-preview:-1\" \/>\n<link rel=\"canonical\" href=\"https:\/\/www.lucyhotel.gr\/ro\/rooms\/\" \/>\n<meta property=\"og:locale\" content=\"ro_RO\" \/>\n<meta property=\"og:type\" content=\"article\" \/>\n<meta property=\"og:title\" content=\"Camere \u0219i apartamente - Lucy Hotel\" \/>\n<meta property=\"og:description\" content=\"Cele 149 de camere \u0219i apartamente afi\u0219eaz\u0103 influen\u021be moderne, p\u0103str\u00e2ndu-\u0219i totu\u0219i caracterul avangardist clasic al hotelului. Fiecare dintre acestea av\u00e2nd vederi magice, permit oaspe\u021bilor no\u0219tri s\u0103 devin\u0103 adev\u0103ra\u021bi spectatori ai ora\u0219ului Kavala \u0219i ai albastrului infinit al Egeei ce str\u0103luce\u0219te \u00eentotdeauna sub soarele mediteranean.\" \/>\n<meta property=\"og:url\" content=\"https:\/\/www.lucyhotel.gr\/ro\/rooms\/\" \/>\n<meta property=\"og:site_name\" content=\"Lucy Hotel\" \/>\n<meta property=\"article:modified_time\" content=\"2019-06-14T10:20:16+00:00\" \/>\n<meta property=\"og:image\" content=\"https:\/\/www.lucyhotel.gr\/wp-content\/uploads\/2019\/05\/big_rooms_1920x1080-1.jpg\" \/>\n\t<meta property=\"og:image:width\" content=\"1920\" \/>\n\t<meta property=\"og:image:height\" content=\"1080\" \/>\n\t<meta property=\"og:image:type\" content=\"image\/jpeg\" \/>\n<meta name=\"twitter:card\" content=\"summary_large_image\" \/>\n<script type=\"application\/ld+json\" class=\"yoast-schema-graph\">{\"@context\":\"https:\/\/schema.org\",\"@graph\":[{\"@type\":\"WebPage\",\"@id\":\"https:\/\/www.lucyhotel.gr\/ro\/rooms\/\",\"url\":\"https:\/\/www.lucyhotel.gr\/ro\/rooms\/\",\"name\":\"Camere \u0219i apartamente - Lucy Hotel\",\"isPartOf\":{\"@id\":\"https:\/\/www.lucyhotel.gr\/ro\/#website\"},\"datePublished\":\"2018-12-31T10:00:37+00:00\",\"dateModified\":\"2019-06-14T10:20:16+00:00\",\"breadcrumb\":{\"@id\":\"https:\/\/www.lucyhotel.gr\/ro\/rooms\/#breadcrumb\"},\"inLanguage\":\"ro-RO\",\"potentialAction\":[{\"@type\":\"ReadAction\",\"target\":[\"https:\/\/www.lucyhotel.gr\/ro\/rooms\/\"]}]},{\"@type\":\"BreadcrumbList\",\"@id\":\"https:\/\/www.lucyhotel.gr\/ro\/rooms\/#breadcrumb\",\"itemListElement\":[{\"@type\":\"ListItem\",\"position\":1,\"name\":\"Home\",\"item\":\"https:\/\/www.lucyhotel.gr\/ro\/\"},{\"@type\":\"ListItem\",\"position\":2,\"name\":\"Camere \u0219i apartamente\"}]},{\"@type\":\"WebSite\",\"@id\":\"https:\/\/www.lucyhotel.gr\/ro\/#website\",\"url\":\"https:\/\/www.lucyhotel.gr\/ro\/\",\"name\":\"Lucy Hotel\",\"description\":\"Five Star Hotel, Sea View Suites, Kavala, Greece\",\"potentialAction\":[{\"@type\":\"SearchAction\",\"target\":{\"@type\":\"EntryPoint\",\"urlTemplate\":\"https:\/\/www.lucyhotel.gr\/ro\/?s={search_term_string}\"},\"query-input\":\"required name=search_term_string\"}],\"inLanguage\":\"ro-RO\"}]}<\/script>\n<!-- \/ Yoast SEO plugin. -->","yoast_head_json":{"title":"Camere \u0219i apartamente - Lucy Hotel","robots":{"index":"index","follow":"follow","max-snippet":"max-snippet:-1","max-image-preview":"max-image-preview:large","max-video-preview":"max-video-preview:-1"},"canonical":"https:\/\/www.lucyhotel.gr\/ro\/rooms\/","og_locale":"ro_RO","og_type":"article","og_title":"Camere \u0219i apartamente - Lucy Hotel","og_description":"Cele 149 de camere \u0219i apartamente afi\u0219eaz\u0103 influen\u021be moderne, p\u0103str\u00e2ndu-\u0219i totu\u0219i caracterul avangardist clasic al hotelului. Fiecare dintre acestea av\u00e2nd vederi magice, permit oaspe\u021bilor no\u0219tri s\u0103 devin\u0103 adev\u0103ra\u021bi spectatori ai ora\u0219ului Kavala \u0219i ai albastrului infinit al Egeei ce str\u0103luce\u0219te \u00eentotdeauna sub soarele mediteranean.","og_url":"https:\/\/www.lucyhotel.gr\/ro\/rooms\/","og_site_name":"Lucy Hotel","article_modified_time":"2019-06-14T10:20:16+00:00","og_image":[{"width":1920,"height":1080,"url":"https:\/\/www.lucyhotel.gr\/wp-content\/uploads\/2019\/05\/big_rooms_1920x1080-1.jpg","type":"image\/jpeg"}],"twitter_card":"summary_large_image","schema":{"@context":"https:\/\/schema.org","@graph":[{"@type":"WebPage","@id":"https:\/\/www.lucyhotel.gr\/ro\/rooms\/","url":"https:\/\/www.lucyhotel.gr\/ro\/rooms\/","name":"Camere \u0219i apartamente - Lucy Hotel","isPartOf":{"@id":"https:\/\/www.lucyhotel.gr\/ro\/#website"},"datePublished":"2018-12-31T10:00:37+00:00","dateModified":"2019-06-14T10:20:16+00:00","breadcrumb":{"@id":"https:\/\/www.lucyhotel.gr\/ro\/rooms\/#breadcrumb"},"inLanguage":"ro-RO","potentialAction":[{"@type":"ReadAction","target":["https:\/\/www.lucyhotel.gr\/ro\/rooms\/"]}]},{"@type":"BreadcrumbList","@id":"https:\/\/www.lucyhotel.gr\/ro\/rooms\/#breadcrumb","itemListElement":[{"@type":"ListItem","position":1,"name":"Home","item":"https:\/\/www.lucyhotel.gr\/ro\/"},{"@type":"ListItem","position":2,"name":"Camere \u0219i apartamente"}]},{"@type":"WebSite","@id":"https:\/\/www.lucyhotel.gr\/ro\/#website","url":"https:\/\/www.lucyhotel.gr\/ro\/","name":"Lucy Hotel","description":"Five Star Hotel, Sea View Suites, Kavala, Greece","potentialAction":[{"@type":"SearchAction","target":{"@type":"EntryPoint","urlTemplate":"https:\/\/www.lucyhotel.gr\/ro\/?s={search_term_string}"},"query-input":"required name=search_term_string"}],"inLanguage":"ro-RO"}]}},"_links":{"self":[{"href":"https:\/\/www.lucyhotel.gr\/ro\/wp-json\/wp\/v2\/pages\/888"}],"collection":[{"href":"https:\/\/www.lucyhotel.gr\/ro\/wp-json\/wp\/v2\/pages"}],"about":[{"href":"https:\/\/www.lucyhotel.gr\/ro\/wp-json\/wp\/v2\/types\/page"}],"author":[{"embeddable":true,"href":"https:\/\/www.lucyhotel.gr\/ro\/wp-json\/wp\/v2\/users\/1"}],"replies":[{"embeddable":true,"href":"https:\/\/www.lucyhotel.gr\/ro\/wp-json\/wp\/v2\/comments?post=888"}],"version-history":[{"count":4,"href":"https:\/\/www.lucyhotel.gr\/ro\/wp-json\/wp\/v2\/pages\/888\/revisions"}],"predecessor-version":[{"id":3460,"href":"https:\/\/www.lucyhotel.gr\/ro\/wp-json\/wp\/v2\/pages\/888\/revisions\/3460"}],"wp:featuredmedia":[{"embeddable":true,"href":"https:\/\/www.lucyhotel.gr\/ro\/wp-json\/wp\/v2\/media\/2380"}],"wp:attachment":[{"href":"https:\/\/www.lucyhotel.gr\/ro\/wp-json\/wp\/v2\/media?parent=888"}],"curies":[{"name":"wp","href":"https:\/\/api.w.org\/{rel}","templated":true}]}}