{"id":16138,"date":"2022-08-16T12:04:34","date_gmt":"2022-08-16T09:04:34","guid":{"rendered":"https:\/\/www.lucyhotel.gr\/spa\/"},"modified":"2024-06-26T11:56:11","modified_gmt":"2024-06-26T08:56:11","slug":"spa","status":"publish","type":"page","link":"https:\/\/www.lucyhotel.gr\/sr\/spa\/","title":{"rendered":"SPA"},"content":{"rendered":"\n<p>Lucy SPA nagove\u0161tava kulturnu ba\u0161tinu Kavale i dugove\u010dnu tradiciju javnih kupatila. Usred stubova, na\u0161 SPA je zauzeo svoj tihi i spokojni prostor jednostavnih formi i oblika, a opet pun bogatih i slo\u017eenih pogleda: spu\u0161tena lu\u010dna vrata, mermerni detalji, umivaonici, para i bazen sa vodom, dragulj u sredini, pru\u017eaju idealan ambijent za revitalizaciju.<\/p>\n\n\n\n<p>U Lucy SPA otkri\u0107ete \u0161to je jo\u0161 uvek autenti\u010dno i originalno u Gr\u010dkoj. Duboko udahnite, ponovno se pove\u017eite s prirodom i obogatite svoje iskustvo odmora vra\u0107aju\u0107i svoj unutra\u0161nji ritam &#8222;sporog \u017eivlenja&#8220;. <\/p>\n\n\n\n<p>Nudimo ogromnu kolekciju tretmana prilago\u0111enih svim va\u0161im potrebama. Opustite se i podmladite u rukama na\u0161ih iskusnih terapeuta.<\/p>\n","protected":false},"excerpt":{"rendered":"<p>Lucy SPA nagove\u0161tava kulturnu ba\u0161tinu Kavale i dugove\u010dnu tradiciju javnih kupatila. Usred stubova, na\u0161 SPA je zauzeo svoj tihi i spokojni prostor jednostavnih formi i oblika, a opet pun bogatih i slo\u017eenih pogleda: spu\u0161tena lu\u010dna vrata, mermerni detalji, umivaonici, para i bazen sa vodom, dragulj u sredini, pru\u017eaju idealan ambijent za revitalizaciju. U Lucy SPA [&hellip;]<\/p>\n","protected":false},"author":1,"featured_media":16101,"parent":0,"menu_order":0,"comment_status":"closed","ping_status":"closed","template":"","meta":[],"acf":[],"yoast_head":"<!-- This site is optimized with the Yoast SEO plugin v20.3 - https:\/\/yoast.com\/wordpress\/plugins\/seo\/ -->\n<title>SPA - Lucy Hotel<\/title>\n<meta name=\"robots\" content=\"index, follow, max-snippet:-1, max-image-preview:large, max-video-preview:-1\" \/>\n<link rel=\"canonical\" href=\"https:\/\/www.lucyhotel.gr\/sr\/spa\/\" \/>\n<meta property=\"og:locale\" content=\"sr_RS\" \/>\n<meta property=\"og:type\" content=\"article\" \/>\n<meta property=\"og:title\" content=\"SPA - Lucy Hotel\" \/>\n<meta property=\"og:description\" content=\"Lucy SPA nagove\u0161tava kulturnu ba\u0161tinu Kavale i dugove\u010dnu tradiciju javnih kupatila. Usred stubova, na\u0161 SPA je zauzeo svoj tihi i spokojni prostor jednostavnih formi i oblika, a opet pun bogatih i slo\u017eenih pogleda: spu\u0161tena lu\u010dna vrata, mermerni detalji, umivaonici, para i bazen sa vodom, dragulj u sredini, pru\u017eaju idealan ambijent za revitalizaciju. U Lucy SPA [&hellip;]\" \/>\n<meta property=\"og:url\" content=\"https:\/\/www.lucyhotel.gr\/sr\/spa\/\" \/>\n<meta property=\"og:site_name\" content=\"Lucy Hotel\" \/>\n<meta property=\"article:modified_time\" content=\"2024-06-26T08:56:11+00:00\" \/>\n<meta property=\"og:image\" content=\"https:\/\/www.lucyhotel.gr\/wp-content\/uploads\/2022\/07\/spafeatlast.jpg\" \/>\n\t<meta property=\"og:image:width\" content=\"1920\" \/>\n\t<meta property=\"og:image:height\" content=\"1080\" \/>\n\t<meta property=\"og:image:type\" content=\"image\/jpeg\" \/>\n<meta name=\"twitter:card\" content=\"summary_large_image\" \/>\n<meta name=\"twitter:label1\" content=\"\u041f\u0440\u043e\u0446\u0435\u045a\u0435\u043d\u043e \u0432\u0440\u0435\u043c\u0435 \u0447\u0438\u0442\u0430\u045a\u0430\" \/>\n\t<meta name=\"twitter:data1\" content=\"1 \u043c\u0438\u043d\u0443\u0442\" \/>\n<script type=\"application\/ld+json\" class=\"yoast-schema-graph\">{\"@context\":\"https:\/\/schema.org\",\"@graph\":[{\"@type\":\"WebPage\",\"@id\":\"https:\/\/www.lucyhotel.gr\/sr\/spa\/\",\"url\":\"https:\/\/www.lucyhotel.gr\/sr\/spa\/\",\"name\":\"SPA - Lucy Hotel\",\"isPartOf\":{\"@id\":\"https:\/\/www.lucyhotel.gr\/sr\/#website\"},\"datePublished\":\"2022-08-16T09:04:34+00:00\",\"dateModified\":\"2024-06-26T08:56:11+00:00\",\"breadcrumb\":{\"@id\":\"https:\/\/www.lucyhotel.gr\/sr\/spa\/#breadcrumb\"},\"inLanguage\":\"sr-RS\",\"potentialAction\":[{\"@type\":\"ReadAction\",\"target\":[\"https:\/\/www.lucyhotel.gr\/sr\/spa\/\"]}]},{\"@type\":\"BreadcrumbList\",\"@id\":\"https:\/\/www.lucyhotel.gr\/sr\/spa\/#breadcrumb\",\"itemListElement\":[{\"@type\":\"ListItem\",\"position\":1,\"name\":\"Home\",\"item\":\"https:\/\/www.lucyhotel.gr\/sr\/\"},{\"@type\":\"ListItem\",\"position\":2,\"name\":\"SPA\"}]},{\"@type\":\"WebSite\",\"@id\":\"https:\/\/www.lucyhotel.gr\/sr\/#website\",\"url\":\"https:\/\/www.lucyhotel.gr\/sr\/\",\"name\":\"Lucy Hotel\",\"description\":\"Five Star Hotel, Sea View Suites, Kavala, Greece\",\"potentialAction\":[{\"@type\":\"SearchAction\",\"target\":{\"@type\":\"EntryPoint\",\"urlTemplate\":\"https:\/\/www.lucyhotel.gr\/sr\/?s={search_term_string}\"},\"query-input\":\"required name=search_term_string\"}],\"inLanguage\":\"sr-RS\"}]}<\/script>\n<!-- \/ Yoast SEO plugin. -->","yoast_head_json":{"title":"SPA - Lucy Hotel","robots":{"index":"index","follow":"follow","max-snippet":"max-snippet:-1","max-image-preview":"max-image-preview:large","max-video-preview":"max-video-preview:-1"},"canonical":"https:\/\/www.lucyhotel.gr\/sr\/spa\/","og_locale":"sr_RS","og_type":"article","og_title":"SPA - Lucy Hotel","og_description":"Lucy SPA nagove\u0161tava kulturnu ba\u0161tinu Kavale i dugove\u010dnu tradiciju javnih kupatila. Usred stubova, na\u0161 SPA je zauzeo svoj tihi i spokojni prostor jednostavnih formi i oblika, a opet pun bogatih i slo\u017eenih pogleda: spu\u0161tena lu\u010dna vrata, mermerni detalji, umivaonici, para i bazen sa vodom, dragulj u sredini, pru\u017eaju idealan ambijent za revitalizaciju. U Lucy SPA [&hellip;]","og_url":"https:\/\/www.lucyhotel.gr\/sr\/spa\/","og_site_name":"Lucy Hotel","article_modified_time":"2024-06-26T08:56:11+00:00","og_image":[{"width":1920,"height":1080,"url":"https:\/\/www.lucyhotel.gr\/wp-content\/uploads\/2022\/07\/spafeatlast.jpg","type":"image\/jpeg"}],"twitter_card":"summary_large_image","twitter_misc":{"\u041f\u0440\u043e\u0446\u0435\u045a\u0435\u043d\u043e \u0432\u0440\u0435\u043c\u0435 \u0447\u0438\u0442\u0430\u045a\u0430":"1 \u043c\u0438\u043d\u0443\u0442"},"schema":{"@context":"https:\/\/schema.org","@graph":[{"@type":"WebPage","@id":"https:\/\/www.lucyhotel.gr\/sr\/spa\/","url":"https:\/\/www.lucyhotel.gr\/sr\/spa\/","name":"SPA - Lucy Hotel","isPartOf":{"@id":"https:\/\/www.lucyhotel.gr\/sr\/#website"},"datePublished":"2022-08-16T09:04:34+00:00","dateModified":"2024-06-26T08:56:11+00:00","breadcrumb":{"@id":"https:\/\/www.lucyhotel.gr\/sr\/spa\/#breadcrumb"},"inLanguage":"sr-RS","potentialAction":[{"@type":"ReadAction","target":["https:\/\/www.lucyhotel.gr\/sr\/spa\/"]}]},{"@type":"BreadcrumbList","@id":"https:\/\/www.lucyhotel.gr\/sr\/spa\/#breadcrumb","itemListElement":[{"@type":"ListItem","position":1,"name":"Home","item":"https:\/\/www.lucyhotel.gr\/sr\/"},{"@type":"ListItem","position":2,"name":"SPA"}]},{"@type":"WebSite","@id":"https:\/\/www.lucyhotel.gr\/sr\/#website","url":"https:\/\/www.lucyhotel.gr\/sr\/","name":"Lucy Hotel","description":"Five Star Hotel, Sea View Suites, Kavala, Greece","potentialAction":[{"@type":"SearchAction","target":{"@type":"EntryPoint","urlTemplate":"https:\/\/www.lucyhotel.gr\/sr\/?s={search_term_string}"},"query-input":"required name=search_term_string"}],"inLanguage":"sr-RS"}]}},"_links":{"self":[{"href":"https:\/\/www.lucyhotel.gr\/sr\/wp-json\/wp\/v2\/pages\/16138"}],"collection":[{"href":"https:\/\/www.lucyhotel.gr\/sr\/wp-json\/wp\/v2\/pages"}],"about":[{"href":"https:\/\/www.lucyhotel.gr\/sr\/wp-json\/wp\/v2\/types\/page"}],"author":[{"embeddable":true,"href":"https:\/\/www.lucyhotel.gr\/sr\/wp-json\/wp\/v2\/users\/1"}],"replies":[{"embeddable":true,"href":"https:\/\/www.lucyhotel.gr\/sr\/wp-json\/wp\/v2\/comments?post=16138"}],"version-history":[{"count":2,"href":"https:\/\/www.lucyhotel.gr\/sr\/wp-json\/wp\/v2\/pages\/16138\/revisions"}],"predecessor-version":[{"id":16143,"href":"https:\/\/www.lucyhotel.gr\/sr\/wp-json\/wp\/v2\/pages\/16138\/revisions\/16143"}],"wp:featuredmedia":[{"embeddable":true,"href":"https:\/\/www.lucyhotel.gr\/sr\/wp-json\/wp\/v2\/media\/16101"}],"wp:attachment":[{"href":"https:\/\/www.lucyhotel.gr\/sr\/wp-json\/wp\/v2\/media?parent=16138"}],"curies":[{"name":"wp","href":"https:\/\/api.w.org\/{rel}","templated":true}]}}