{"id":3454,"date":"2019-06-14T10:14:29","date_gmt":"2019-06-14T10:14:29","guid":{"rendered":"http:\/\/preview.deventum.com\/lucyhotel\/location\/"},"modified":"2019-06-14T10:14:29","modified_gmt":"2019-06-14T10:14:29","slug":"location","status":"publish","type":"page","link":"https:\/\/www.lucyhotel.gr\/sr\/location\/","title":{"rendered":"Polo\u017eaj"},"content":{"rendered":"\n<p>Na\u0161 hotel sa pet zvezdica nalazi se u zapadnom delu grada Kavale. Svojim impresivnim arhitektonskim re\u0161enjem i jedinstvenom lokacijom, hotel &#8222;Lucy&#8220; se smatra za\u0161titnim znakom grada Kavale i mestom sa dobrim pogledom na okolni predeo. Sme\u0161ten na samoj ivici malog poluostrva, &#8222;Lucy&#8220; podse\u0107a na opservatoriju sa koje se mo\u017ee posmatrati blistavi grad Kavala koji se prostire u obliku amfiteatra okrenutog prema Egejskom moru.<\/p>\n","protected":false},"excerpt":{"rendered":"<p>Na\u0161 hotel sa pet zvezdica nalazi se u zapadnom delu grada Kavale. Svojim impresivnim arhitektonskim re\u0161enjem i jedinstvenom lokacijom, hotel &#8222;Lucy&#8220; se smatra za\u0161titnim znakom grada Kavale i mestom sa dobrim pogledom na okolni predeo. Sme\u0161ten na samoj ivici malog poluostrva, &#8222;Lucy&#8220; podse\u0107a na opservatoriju sa koje se mo\u017ee posmatrati blistavi grad Kavala koji se [&hellip;]<\/p>\n","protected":false},"author":1,"featured_media":0,"parent":0,"menu_order":0,"comment_status":"closed","ping_status":"closed","template":"","meta":[],"acf":[],"yoast_head":"<!-- This site is optimized with the Yoast SEO plugin v20.3 - https:\/\/yoast.com\/wordpress\/plugins\/seo\/ -->\n<title>Polo\u017eaj - Lucy Hotel<\/title>\n<meta name=\"robots\" content=\"index, follow, max-snippet:-1, max-image-preview:large, max-video-preview:-1\" \/>\n<link rel=\"canonical\" href=\"https:\/\/www.lucyhotel.gr\/sr\/location\/\" \/>\n<meta property=\"og:locale\" content=\"sr_RS\" \/>\n<meta property=\"og:type\" content=\"article\" \/>\n<meta property=\"og:title\" content=\"Polo\u017eaj - Lucy Hotel\" \/>\n<meta property=\"og:description\" content=\"Na\u0161 hotel sa pet zvezdica nalazi se u zapadnom delu grada Kavale. Svojim impresivnim arhitektonskim re\u0161enjem i jedinstvenom lokacijom, hotel &#8222;Lucy&#8220; se smatra za\u0161titnim znakom grada Kavale i mestom sa dobrim pogledom na okolni predeo. Sme\u0161ten na samoj ivici malog poluostrva, &#8222;Lucy&#8220; podse\u0107a na opservatoriju sa koje se mo\u017ee posmatrati blistavi grad Kavala koji se [&hellip;]\" \/>\n<meta property=\"og:url\" content=\"https:\/\/www.lucyhotel.gr\/sr\/location\/\" \/>\n<meta property=\"og:site_name\" content=\"Lucy Hotel\" \/>\n<meta name=\"twitter:card\" content=\"summary_large_image\" \/>\n<script type=\"application\/ld+json\" class=\"yoast-schema-graph\">{\"@context\":\"https:\/\/schema.org\",\"@graph\":[{\"@type\":\"WebPage\",\"@id\":\"https:\/\/www.lucyhotel.gr\/sr\/location\/\",\"url\":\"https:\/\/www.lucyhotel.gr\/sr\/location\/\",\"name\":\"Polo\u017eaj - Lucy Hotel\",\"isPartOf\":{\"@id\":\"https:\/\/www.lucyhotel.gr\/sr\/#website\"},\"datePublished\":\"2019-06-14T10:14:29+00:00\",\"dateModified\":\"2019-06-14T10:14:29+00:00\",\"breadcrumb\":{\"@id\":\"https:\/\/www.lucyhotel.gr\/sr\/location\/#breadcrumb\"},\"inLanguage\":\"sr-RS\",\"potentialAction\":[{\"@type\":\"ReadAction\",\"target\":[\"https:\/\/www.lucyhotel.gr\/sr\/location\/\"]}]},{\"@type\":\"BreadcrumbList\",\"@id\":\"https:\/\/www.lucyhotel.gr\/sr\/location\/#breadcrumb\",\"itemListElement\":[{\"@type\":\"ListItem\",\"position\":1,\"name\":\"Home\",\"item\":\"https:\/\/www.lucyhotel.gr\/sr\/\"},{\"@type\":\"ListItem\",\"position\":2,\"name\":\"Polo\u017eaj\"}]},{\"@type\":\"WebSite\",\"@id\":\"https:\/\/www.lucyhotel.gr\/sr\/#website\",\"url\":\"https:\/\/www.lucyhotel.gr\/sr\/\",\"name\":\"Lucy Hotel\",\"description\":\"Five Star Hotel, Sea View Suites, Kavala, Greece\",\"potentialAction\":[{\"@type\":\"SearchAction\",\"target\":{\"@type\":\"EntryPoint\",\"urlTemplate\":\"https:\/\/www.lucyhotel.gr\/sr\/?s={search_term_string}\"},\"query-input\":\"required name=search_term_string\"}],\"inLanguage\":\"sr-RS\"}]}<\/script>\n<!-- \/ Yoast SEO plugin. -->","yoast_head_json":{"title":"Polo\u017eaj - Lucy Hotel","robots":{"index":"index","follow":"follow","max-snippet":"max-snippet:-1","max-image-preview":"max-image-preview:large","max-video-preview":"max-video-preview:-1"},"canonical":"https:\/\/www.lucyhotel.gr\/sr\/location\/","og_locale":"sr_RS","og_type":"article","og_title":"Polo\u017eaj - Lucy Hotel","og_description":"Na\u0161 hotel sa pet zvezdica nalazi se u zapadnom delu grada Kavale. Svojim impresivnim arhitektonskim re\u0161enjem i jedinstvenom lokacijom, hotel &#8222;Lucy&#8220; se smatra za\u0161titnim znakom grada Kavale i mestom sa dobrim pogledom na okolni predeo. Sme\u0161ten na samoj ivici malog poluostrva, &#8222;Lucy&#8220; podse\u0107a na opservatoriju sa koje se mo\u017ee posmatrati blistavi grad Kavala koji se [&hellip;]","og_url":"https:\/\/www.lucyhotel.gr\/sr\/location\/","og_site_name":"Lucy Hotel","twitter_card":"summary_large_image","schema":{"@context":"https:\/\/schema.org","@graph":[{"@type":"WebPage","@id":"https:\/\/www.lucyhotel.gr\/sr\/location\/","url":"https:\/\/www.lucyhotel.gr\/sr\/location\/","name":"Polo\u017eaj - Lucy Hotel","isPartOf":{"@id":"https:\/\/www.lucyhotel.gr\/sr\/#website"},"datePublished":"2019-06-14T10:14:29+00:00","dateModified":"2019-06-14T10:14:29+00:00","breadcrumb":{"@id":"https:\/\/www.lucyhotel.gr\/sr\/location\/#breadcrumb"},"inLanguage":"sr-RS","potentialAction":[{"@type":"ReadAction","target":["https:\/\/www.lucyhotel.gr\/sr\/location\/"]}]},{"@type":"BreadcrumbList","@id":"https:\/\/www.lucyhotel.gr\/sr\/location\/#breadcrumb","itemListElement":[{"@type":"ListItem","position":1,"name":"Home","item":"https:\/\/www.lucyhotel.gr\/sr\/"},{"@type":"ListItem","position":2,"name":"Polo\u017eaj"}]},{"@type":"WebSite","@id":"https:\/\/www.lucyhotel.gr\/sr\/#website","url":"https:\/\/www.lucyhotel.gr\/sr\/","name":"Lucy Hotel","description":"Five Star Hotel, Sea View Suites, Kavala, Greece","potentialAction":[{"@type":"SearchAction","target":{"@type":"EntryPoint","urlTemplate":"https:\/\/www.lucyhotel.gr\/sr\/?s={search_term_string}"},"query-input":"required name=search_term_string"}],"inLanguage":"sr-RS"}]}},"_links":{"self":[{"href":"https:\/\/www.lucyhotel.gr\/sr\/wp-json\/wp\/v2\/pages\/3454"}],"collection":[{"href":"https:\/\/www.lucyhotel.gr\/sr\/wp-json\/wp\/v2\/pages"}],"about":[{"href":"https:\/\/www.lucyhotel.gr\/sr\/wp-json\/wp\/v2\/types\/page"}],"author":[{"embeddable":true,"href":"https:\/\/www.lucyhotel.gr\/sr\/wp-json\/wp\/v2\/users\/1"}],"replies":[{"embeddable":true,"href":"https:\/\/www.lucyhotel.gr\/sr\/wp-json\/wp\/v2\/comments?post=3454"}],"version-history":[{"count":1,"href":"https:\/\/www.lucyhotel.gr\/sr\/wp-json\/wp\/v2\/pages\/3454\/revisions"}],"predecessor-version":[{"id":3455,"href":"https:\/\/www.lucyhotel.gr\/sr\/wp-json\/wp\/v2\/pages\/3454\/revisions\/3455"}],"wp:attachment":[{"href":"https:\/\/www.lucyhotel.gr\/sr\/wp-json\/wp\/v2\/media?parent=3454"}],"curies":[{"name":"wp","href":"https:\/\/api.w.org\/{rel}","templated":true}]}}