{"id":3633,"date":"2019-06-14T13:01:19","date_gmt":"2019-06-14T13:01:19","guid":{"rendered":"http:\/\/preview.deventum.com\/lucyhotel\/dining-bars\/"},"modified":"2019-06-19T09:54:30","modified_gmt":"2019-06-19T09:54:30","slug":"dining-bars","status":"publish","type":"page","link":"https:\/\/www.lucyhotel.gr\/sr\/dining-bars\/","title":{"rendered":"Restorani i barovi"},"content":{"rendered":"\n<p>U hotelu &#8222;Lucy&#8220; bez sumnje se nalaze najimpresivniji restorani i barovi u gradu.  Od a-la-kart restorana North 40\u00b0 55&#8242; do &#8222;Gran Turismo Bar&#8220;-a isprobavajte izvanredne gastronomske specijalitete i u\u017eivajte u baru i u zaista veli\u010danstvenim pogledima iz na\u0161eg hotela.<\/p>\n","protected":false},"excerpt":{"rendered":"<p>U hotelu &#8222;Lucy&#8220; bez sumnje se nalaze najimpresivniji restorani i barovi u gradu. Od a-la-kart restorana North 40\u00b0 55&#8242; do &#8222;Gran Turismo Bar&#8220;-a isprobavajte izvanredne gastronomske specijalitete i u\u017eivajte u baru i u zaista veli\u010danstvenim pogledima iz na\u0161eg hotela.<\/p>\n","protected":false},"author":1,"featured_media":3619,"parent":0,"menu_order":0,"comment_status":"closed","ping_status":"closed","template":"","meta":[],"acf":[],"yoast_head":"<!-- This site is optimized with the Yoast SEO plugin v20.3 - https:\/\/yoast.com\/wordpress\/plugins\/seo\/ -->\n<title>Restorani i barovi - Lucy Hotel<\/title>\n<meta name=\"robots\" content=\"index, follow, max-snippet:-1, max-image-preview:large, max-video-preview:-1\" \/>\n<link rel=\"canonical\" href=\"https:\/\/www.lucyhotel.gr\/sr\/dining-bars\/\" \/>\n<meta property=\"og:locale\" content=\"sr_RS\" \/>\n<meta property=\"og:type\" content=\"article\" \/>\n<meta property=\"og:title\" content=\"Restorani i barovi - Lucy Hotel\" \/>\n<meta property=\"og:description\" content=\"U hotelu &#8222;Lucy&#8220; bez sumnje se nalaze najimpresivniji restorani i barovi u gradu. Od a-la-kart restorana North 40\u00b0 55&#8242; do &#8222;Gran Turismo Bar&#8220;-a isprobavajte izvanredne gastronomske specijalitete i u\u017eivajte u baru i u zaista veli\u010danstvenim pogledima iz na\u0161eg hotela.\" \/>\n<meta property=\"og:url\" content=\"https:\/\/www.lucyhotel.gr\/sr\/dining-bars\/\" \/>\n<meta property=\"og:site_name\" content=\"Lucy Hotel\" \/>\n<meta property=\"article:modified_time\" content=\"2019-06-19T09:54:30+00:00\" \/>\n<meta property=\"og:image\" content=\"https:\/\/www.lucyhotel.gr\/wp-content\/uploads\/2019\/05\/1.lucy_dining_big_1920-1.jpg\" \/>\n\t<meta property=\"og:image:width\" content=\"1920\" \/>\n\t<meta property=\"og:image:height\" content=\"1080\" \/>\n\t<meta property=\"og:image:type\" content=\"image\/jpeg\" \/>\n<meta name=\"twitter:card\" content=\"summary_large_image\" \/>\n<script type=\"application\/ld+json\" class=\"yoast-schema-graph\">{\"@context\":\"https:\/\/schema.org\",\"@graph\":[{\"@type\":\"WebPage\",\"@id\":\"https:\/\/www.lucyhotel.gr\/sr\/dining-bars\/\",\"url\":\"https:\/\/www.lucyhotel.gr\/sr\/dining-bars\/\",\"name\":\"Restorani i barovi - Lucy Hotel\",\"isPartOf\":{\"@id\":\"https:\/\/www.lucyhotel.gr\/sr\/#website\"},\"datePublished\":\"2019-06-14T13:01:19+00:00\",\"dateModified\":\"2019-06-19T09:54:30+00:00\",\"breadcrumb\":{\"@id\":\"https:\/\/www.lucyhotel.gr\/sr\/dining-bars\/#breadcrumb\"},\"inLanguage\":\"sr-RS\",\"potentialAction\":[{\"@type\":\"ReadAction\",\"target\":[\"https:\/\/www.lucyhotel.gr\/sr\/dining-bars\/\"]}]},{\"@type\":\"BreadcrumbList\",\"@id\":\"https:\/\/www.lucyhotel.gr\/sr\/dining-bars\/#breadcrumb\",\"itemListElement\":[{\"@type\":\"ListItem\",\"position\":1,\"name\":\"Home\",\"item\":\"https:\/\/www.lucyhotel.gr\/sr\/\"},{\"@type\":\"ListItem\",\"position\":2,\"name\":\"Restorani i barovi\"}]},{\"@type\":\"WebSite\",\"@id\":\"https:\/\/www.lucyhotel.gr\/sr\/#website\",\"url\":\"https:\/\/www.lucyhotel.gr\/sr\/\",\"name\":\"Lucy Hotel\",\"description\":\"Five Star Hotel, Sea View Suites, Kavala, Greece\",\"potentialAction\":[{\"@type\":\"SearchAction\",\"target\":{\"@type\":\"EntryPoint\",\"urlTemplate\":\"https:\/\/www.lucyhotel.gr\/sr\/?s={search_term_string}\"},\"query-input\":\"required name=search_term_string\"}],\"inLanguage\":\"sr-RS\"}]}<\/script>\n<!-- \/ Yoast SEO plugin. -->","yoast_head_json":{"title":"Restorani i barovi - Lucy Hotel","robots":{"index":"index","follow":"follow","max-snippet":"max-snippet:-1","max-image-preview":"max-image-preview:large","max-video-preview":"max-video-preview:-1"},"canonical":"https:\/\/www.lucyhotel.gr\/sr\/dining-bars\/","og_locale":"sr_RS","og_type":"article","og_title":"Restorani i barovi - Lucy Hotel","og_description":"U hotelu &#8222;Lucy&#8220; bez sumnje se nalaze najimpresivniji restorani i barovi u gradu. Od a-la-kart restorana North 40\u00b0 55&#8242; do &#8222;Gran Turismo Bar&#8220;-a isprobavajte izvanredne gastronomske specijalitete i u\u017eivajte u baru i u zaista veli\u010danstvenim pogledima iz na\u0161eg hotela.","og_url":"https:\/\/www.lucyhotel.gr\/sr\/dining-bars\/","og_site_name":"Lucy Hotel","article_modified_time":"2019-06-19T09:54:30+00:00","og_image":[{"width":1920,"height":1080,"url":"https:\/\/www.lucyhotel.gr\/wp-content\/uploads\/2019\/05\/1.lucy_dining_big_1920-1.jpg","type":"image\/jpeg"}],"twitter_card":"summary_large_image","schema":{"@context":"https:\/\/schema.org","@graph":[{"@type":"WebPage","@id":"https:\/\/www.lucyhotel.gr\/sr\/dining-bars\/","url":"https:\/\/www.lucyhotel.gr\/sr\/dining-bars\/","name":"Restorani i barovi - Lucy Hotel","isPartOf":{"@id":"https:\/\/www.lucyhotel.gr\/sr\/#website"},"datePublished":"2019-06-14T13:01:19+00:00","dateModified":"2019-06-19T09:54:30+00:00","breadcrumb":{"@id":"https:\/\/www.lucyhotel.gr\/sr\/dining-bars\/#breadcrumb"},"inLanguage":"sr-RS","potentialAction":[{"@type":"ReadAction","target":["https:\/\/www.lucyhotel.gr\/sr\/dining-bars\/"]}]},{"@type":"BreadcrumbList","@id":"https:\/\/www.lucyhotel.gr\/sr\/dining-bars\/#breadcrumb","itemListElement":[{"@type":"ListItem","position":1,"name":"Home","item":"https:\/\/www.lucyhotel.gr\/sr\/"},{"@type":"ListItem","position":2,"name":"Restorani i barovi"}]},{"@type":"WebSite","@id":"https:\/\/www.lucyhotel.gr\/sr\/#website","url":"https:\/\/www.lucyhotel.gr\/sr\/","name":"Lucy Hotel","description":"Five Star Hotel, Sea View Suites, Kavala, Greece","potentialAction":[{"@type":"SearchAction","target":{"@type":"EntryPoint","urlTemplate":"https:\/\/www.lucyhotel.gr\/sr\/?s={search_term_string}"},"query-input":"required name=search_term_string"}],"inLanguage":"sr-RS"}]}},"_links":{"self":[{"href":"https:\/\/www.lucyhotel.gr\/sr\/wp-json\/wp\/v2\/pages\/3633"}],"collection":[{"href":"https:\/\/www.lucyhotel.gr\/sr\/wp-json\/wp\/v2\/pages"}],"about":[{"href":"https:\/\/www.lucyhotel.gr\/sr\/wp-json\/wp\/v2\/types\/page"}],"author":[{"embeddable":true,"href":"https:\/\/www.lucyhotel.gr\/sr\/wp-json\/wp\/v2\/users\/1"}],"replies":[{"embeddable":true,"href":"https:\/\/www.lucyhotel.gr\/sr\/wp-json\/wp\/v2\/comments?post=3633"}],"version-history":[{"count":3,"href":"https:\/\/www.lucyhotel.gr\/sr\/wp-json\/wp\/v2\/pages\/3633\/revisions"}],"predecessor-version":[{"id":4178,"href":"https:\/\/www.lucyhotel.gr\/sr\/wp-json\/wp\/v2\/pages\/3633\/revisions\/4178"}],"wp:featuredmedia":[{"embeddable":true,"href":"https:\/\/www.lucyhotel.gr\/sr\/wp-json\/wp\/v2\/media\/3619"}],"wp:attachment":[{"href":"https:\/\/www.lucyhotel.gr\/sr\/wp-json\/wp\/v2\/media?parent=3633"}],"curies":[{"name":"wp","href":"https:\/\/api.w.org\/{rel}","templated":true}]}}