{"id":3769,"date":"2019-06-14T13:38:18","date_gmt":"2019-06-14T13:38:18","guid":{"rendered":"http:\/\/preview.deventum.com\/lucyhotel\/beach\/"},"modified":"2019-06-14T13:38:19","modified_gmt":"2019-06-14T13:38:19","slug":"beach","status":"publish","type":"page","link":"https:\/\/www.lucyhotel.gr\/sr\/beach\/","title":{"rendered":"Pla\u017ea i bazen"},"content":{"rendered":"\n<p>Doslovno okru\u017een morem, hotel &#8222;Lucy&#8220; ima lokaciju koja omogu\u0107ava pristup trima pla\u017eama od kojih svaka ima svoje jedinstvene osobenosti, dok isto tako sve pohvale zaslu\u017euje i spoljni bazen na kojem gosti mogu u\u017eivati tokom letnjih meseci.<\/p>\n","protected":false},"excerpt":{"rendered":"<p>Doslovno okru\u017een morem, hotel &#8222;Lucy&#8220; ima lokaciju koja omogu\u0107ava pristup trima pla\u017eama od kojih svaka ima svoje jedinstvene osobenosti, dok isto tako sve pohvale zaslu\u017euje i spoljni bazen na kojem gosti mogu u\u017eivati tokom letnjih meseci.<\/p>\n","protected":false},"author":1,"featured_media":3789,"parent":0,"menu_order":0,"comment_status":"closed","ping_status":"closed","template":"","meta":[],"acf":[],"yoast_head":"<!-- This site is optimized with the Yoast SEO plugin v20.3 - https:\/\/yoast.com\/wordpress\/plugins\/seo\/ -->\n<title>Pla\u017ea i bazen - Lucy Hotel<\/title>\n<meta name=\"robots\" content=\"index, follow, max-snippet:-1, max-image-preview:large, max-video-preview:-1\" \/>\n<link rel=\"canonical\" href=\"https:\/\/www.lucyhotel.gr\/sr\/beach\/\" \/>\n<meta property=\"og:locale\" content=\"sr_RS\" \/>\n<meta property=\"og:type\" content=\"article\" \/>\n<meta property=\"og:title\" content=\"Pla\u017ea i bazen - Lucy Hotel\" \/>\n<meta property=\"og:description\" content=\"Doslovno okru\u017een morem, hotel &#8222;Lucy&#8220; ima lokaciju koja omogu\u0107ava pristup trima pla\u017eama od kojih svaka ima svoje jedinstvene osobenosti, dok isto tako sve pohvale zaslu\u017euje i spoljni bazen na kojem gosti mogu u\u017eivati tokom letnjih meseci.\" \/>\n<meta property=\"og:url\" content=\"https:\/\/www.lucyhotel.gr\/sr\/beach\/\" \/>\n<meta property=\"og:site_name\" content=\"Lucy Hotel\" \/>\n<meta property=\"article:modified_time\" content=\"2019-06-14T13:38:19+00:00\" \/>\n<meta property=\"og:image\" content=\"https:\/\/www.lucyhotel.gr\/wp-content\/uploads\/2019\/05\/beachpool_big_1920-1.jpg\" \/>\n\t<meta property=\"og:image:width\" content=\"1920\" \/>\n\t<meta property=\"og:image:height\" content=\"1080\" \/>\n\t<meta property=\"og:image:type\" content=\"image\/jpeg\" \/>\n<meta name=\"twitter:card\" content=\"summary_large_image\" \/>\n<script type=\"application\/ld+json\" class=\"yoast-schema-graph\">{\"@context\":\"https:\/\/schema.org\",\"@graph\":[{\"@type\":\"WebPage\",\"@id\":\"https:\/\/www.lucyhotel.gr\/sr\/beach\/\",\"url\":\"https:\/\/www.lucyhotel.gr\/sr\/beach\/\",\"name\":\"Pla\u017ea i bazen - Lucy Hotel\",\"isPartOf\":{\"@id\":\"https:\/\/www.lucyhotel.gr\/sr\/#website\"},\"datePublished\":\"2019-06-14T13:38:18+00:00\",\"dateModified\":\"2019-06-14T13:38:19+00:00\",\"breadcrumb\":{\"@id\":\"https:\/\/www.lucyhotel.gr\/sr\/beach\/#breadcrumb\"},\"inLanguage\":\"sr-RS\",\"potentialAction\":[{\"@type\":\"ReadAction\",\"target\":[\"https:\/\/www.lucyhotel.gr\/sr\/beach\/\"]}]},{\"@type\":\"BreadcrumbList\",\"@id\":\"https:\/\/www.lucyhotel.gr\/sr\/beach\/#breadcrumb\",\"itemListElement\":[{\"@type\":\"ListItem\",\"position\":1,\"name\":\"Home\",\"item\":\"https:\/\/www.lucyhotel.gr\/sr\/\"},{\"@type\":\"ListItem\",\"position\":2,\"name\":\"Pla\u017ea i bazen\"}]},{\"@type\":\"WebSite\",\"@id\":\"https:\/\/www.lucyhotel.gr\/sr\/#website\",\"url\":\"https:\/\/www.lucyhotel.gr\/sr\/\",\"name\":\"Lucy Hotel\",\"description\":\"Five Star Hotel, Sea View Suites, Kavala, Greece\",\"potentialAction\":[{\"@type\":\"SearchAction\",\"target\":{\"@type\":\"EntryPoint\",\"urlTemplate\":\"https:\/\/www.lucyhotel.gr\/sr\/?s={search_term_string}\"},\"query-input\":\"required name=search_term_string\"}],\"inLanguage\":\"sr-RS\"}]}<\/script>\n<!-- \/ Yoast SEO plugin. -->","yoast_head_json":{"title":"Pla\u017ea i bazen - Lucy Hotel","robots":{"index":"index","follow":"follow","max-snippet":"max-snippet:-1","max-image-preview":"max-image-preview:large","max-video-preview":"max-video-preview:-1"},"canonical":"https:\/\/www.lucyhotel.gr\/sr\/beach\/","og_locale":"sr_RS","og_type":"article","og_title":"Pla\u017ea i bazen - Lucy Hotel","og_description":"Doslovno okru\u017een morem, hotel &#8222;Lucy&#8220; ima lokaciju koja omogu\u0107ava pristup trima pla\u017eama od kojih svaka ima svoje jedinstvene osobenosti, dok isto tako sve pohvale zaslu\u017euje i spoljni bazen na kojem gosti mogu u\u017eivati tokom letnjih meseci.","og_url":"https:\/\/www.lucyhotel.gr\/sr\/beach\/","og_site_name":"Lucy Hotel","article_modified_time":"2019-06-14T13:38:19+00:00","og_image":[{"width":1920,"height":1080,"url":"https:\/\/www.lucyhotel.gr\/wp-content\/uploads\/2019\/05\/beachpool_big_1920-1.jpg","type":"image\/jpeg"}],"twitter_card":"summary_large_image","schema":{"@context":"https:\/\/schema.org","@graph":[{"@type":"WebPage","@id":"https:\/\/www.lucyhotel.gr\/sr\/beach\/","url":"https:\/\/www.lucyhotel.gr\/sr\/beach\/","name":"Pla\u017ea i bazen - Lucy Hotel","isPartOf":{"@id":"https:\/\/www.lucyhotel.gr\/sr\/#website"},"datePublished":"2019-06-14T13:38:18+00:00","dateModified":"2019-06-14T13:38:19+00:00","breadcrumb":{"@id":"https:\/\/www.lucyhotel.gr\/sr\/beach\/#breadcrumb"},"inLanguage":"sr-RS","potentialAction":[{"@type":"ReadAction","target":["https:\/\/www.lucyhotel.gr\/sr\/beach\/"]}]},{"@type":"BreadcrumbList","@id":"https:\/\/www.lucyhotel.gr\/sr\/beach\/#breadcrumb","itemListElement":[{"@type":"ListItem","position":1,"name":"Home","item":"https:\/\/www.lucyhotel.gr\/sr\/"},{"@type":"ListItem","position":2,"name":"Pla\u017ea i bazen"}]},{"@type":"WebSite","@id":"https:\/\/www.lucyhotel.gr\/sr\/#website","url":"https:\/\/www.lucyhotel.gr\/sr\/","name":"Lucy Hotel","description":"Five Star Hotel, Sea View Suites, Kavala, Greece","potentialAction":[{"@type":"SearchAction","target":{"@type":"EntryPoint","urlTemplate":"https:\/\/www.lucyhotel.gr\/sr\/?s={search_term_string}"},"query-input":"required name=search_term_string"}],"inLanguage":"sr-RS"}]}},"_links":{"self":[{"href":"https:\/\/www.lucyhotel.gr\/sr\/wp-json\/wp\/v2\/pages\/3769"}],"collection":[{"href":"https:\/\/www.lucyhotel.gr\/sr\/wp-json\/wp\/v2\/pages"}],"about":[{"href":"https:\/\/www.lucyhotel.gr\/sr\/wp-json\/wp\/v2\/types\/page"}],"author":[{"embeddable":true,"href":"https:\/\/www.lucyhotel.gr\/sr\/wp-json\/wp\/v2\/users\/1"}],"replies":[{"embeddable":true,"href":"https:\/\/www.lucyhotel.gr\/sr\/wp-json\/wp\/v2\/comments?post=3769"}],"version-history":[{"count":1,"href":"https:\/\/www.lucyhotel.gr\/sr\/wp-json\/wp\/v2\/pages\/3769\/revisions"}],"predecessor-version":[{"id":3806,"href":"https:\/\/www.lucyhotel.gr\/sr\/wp-json\/wp\/v2\/pages\/3769\/revisions\/3806"}],"wp:featuredmedia":[{"embeddable":true,"href":"https:\/\/www.lucyhotel.gr\/sr\/wp-json\/wp\/v2\/media\/3789"}],"wp:attachment":[{"href":"https:\/\/www.lucyhotel.gr\/sr\/wp-json\/wp\/v2\/media?parent=3769"}],"curies":[{"name":"wp","href":"https:\/\/api.w.org\/{rel}","templated":true}]}}