{"id":3915,"date":"2019-06-19T09:07:59","date_gmt":"2019-06-19T09:07:59","guid":{"rendered":"http:\/\/preview.deventum.com\/lucyhotel\/contact\/"},"modified":"2019-06-19T09:07:59","modified_gmt":"2019-06-19T09:07:59","slug":"contact","status":"publish","type":"page","link":"https:\/\/www.lucyhotel.gr\/sr\/contact\/","title":{"rendered":"Kontakt"},"content":{"rendered":"<h1>Upoznavanje grada Kavale<\/h1>\n<p>Plavi grad, kako ga ponekad nazivaju, intimno je, pa ipak \u017eivo mesto. Svojim oblikom nalik amfiteatru obuhvata \u010ditavu obalu. On je pitoreskna luka za mnoge drvene brodove za ribolov i plovidbu koji izgledaju kao bele golubice koje lagano ulaze i izlaze iz nje. Od impresivnog starog grada pa sve do same obale, svuda unaokolo su ra\u0161trkani mali barovi i kafei \u010dekaju\u0107i da ih otkrijete u ve\u010dernjoj \u0161etnji.<\/p>\n<p>Kavala ima kosmopolitsku atmosferu \u0161to potvr\u0111uje svojom jedinstvenom geografskom lokacijom na raskr\u0161\u0107u izme\u0111u Istoka i Zapada. Poseban ose\u0107aj se mo\u017ee do\u017eiveti kada \u0161etate kaldrmisanim ulicama staroga grada spu\u0161taju\u0107i se sa vizantijske tvr\u0111ave ili kada nai\u0111ete na kameni akvadukt podignut jo\u0161 u otomansko doba. On je tako\u0111e zna\u010dajno mesto doga\u0111anja u religijskom smislu, jer je u njemu prvog hri\u0161\u0107anina u Evropi, \u017eenu po imenu Lidija, krstio Sveti Pavle. Vekovima se bogatstvo Kavale pripisivalo proizvodnji duvana \u010diju je fabriku, sada muzej duvana, vredno posetiti kao zanimljiv objekat i u istorijskom i u estetskom smislu.<\/p>\n<p>Puna divnih mesta na obali i u planinama, Kavala je privla\u010dna destinacija i leti i zimi. Njene pe\u0161\u010dane pla\u017ee opravdano potvr\u0111uju njenu titulu azurne destinacije Mediterana. Na samo nekoliko minuta vo\u017enje od Kavale nalazi se Anti\u010dko pozori\u0161te Filipija, mesto pod za\u0161titom UNESCO-a, u kojem se svakog leta odr\u017eava pozori\u0161ni festival (link). Na pola sata vo\u017enje na istok le\u017ei delta reke Nestos koja spada me\u0111u najve\u0107e u Evropi. Divan mo\u010dvarni ekosistem Nestosa za\u0161ti\u0107en je od strane evropske mre\u017ee Natura, jer je on stani\u0161te raznih vrsta \u017eivog sveta divljine, kao \u0161to su flamingosi, kormorani, \u0161akali, retki morski orlovi i mnoge druge. Porodice i ljubitelji prirode ne treba da propuste priliku da odu na jednodnevni izlet uz mnoge aktivnosti, kao \u0161to su vo\u017enja kajakom ili pe\u0161a\u010denje.<\/p>\n<p>Gledaju\u0107i prema jugu, ono \u0161to deluje kao plava planina koja se izdi\u017ee iz mora nije ni\u0161ta drugo nego ostrvo Tasos. To je mesto lepote ne samo bogato vegetacijom, ve\u0107 i \u010darobnim pla\u017eama i arheolo\u0161kim lokacijama. Mi svakako preporu\u010dujemo pla\u017eu Makriamos, jednu od najdivnijih destinacija Tasosa i mesto gde se nalaze bungalovi &#8222;Makriamos&#8220; (link).<\/p>\n<p>Ljubiteljima kulturnih de\u0161avanja bi\u0107e drago kada otkriju da je hotel &#8222;Lucy&#8220; doma\u0107in &#8222;Umetni\u010dke rezidencije Lucy&#8220; (link), rezidencijskog programa za umetnike koji su dobili nacionalno i me\u0111unarodno priznanje. Zainteresovani gosti mogu prisustvovati rezidencijskim predavanjima i razgledati umetni\u010dka dela.<\/p>\n","protected":false},"excerpt":{"rendered":"<p>Upoznavanje grada Kavale Plavi grad, kako ga ponekad nazivaju, intimno je, pa ipak \u017eivo mesto. Svojim oblikom nalik amfiteatru obuhvata \u010ditavu obalu. On je pitoreskna luka za mnoge drvene brodove za ribolov i plovidbu koji izgledaju kao bele golubice koje lagano ulaze i izlaze iz nje. Od impresivnog starog grada pa sve do same obale, [&hellip;]<\/p>\n","protected":false},"author":1,"featured_media":0,"parent":0,"menu_order":0,"comment_status":"closed","ping_status":"closed","template":"","meta":[],"acf":[],"yoast_head":"<!-- This site is optimized with the Yoast SEO plugin v20.3 - https:\/\/yoast.com\/wordpress\/plugins\/seo\/ -->\n<title>Kontakt - Lucy Hotel<\/title>\n<meta name=\"robots\" content=\"index, follow, max-snippet:-1, max-image-preview:large, max-video-preview:-1\" \/>\n<link rel=\"canonical\" href=\"https:\/\/www.lucyhotel.gr\/sr\/contact\/\" \/>\n<meta property=\"og:locale\" content=\"sr_RS\" \/>\n<meta property=\"og:type\" content=\"article\" \/>\n<meta property=\"og:title\" content=\"Kontakt - Lucy Hotel\" \/>\n<meta property=\"og:description\" content=\"Upoznavanje grada Kavale Plavi grad, kako ga ponekad nazivaju, intimno je, pa ipak \u017eivo mesto. Svojim oblikom nalik amfiteatru obuhvata \u010ditavu obalu. On je pitoreskna luka za mnoge drvene brodove za ribolov i plovidbu koji izgledaju kao bele golubice koje lagano ulaze i izlaze iz nje. Od impresivnog starog grada pa sve do same obale, [&hellip;]\" \/>\n<meta property=\"og:url\" content=\"https:\/\/www.lucyhotel.gr\/sr\/contact\/\" \/>\n<meta property=\"og:site_name\" content=\"Lucy Hotel\" \/>\n<meta name=\"twitter:card\" content=\"summary_large_image\" \/>\n<meta name=\"twitter:label1\" content=\"\u041f\u0440\u043e\u0446\u0435\u045a\u0435\u043d\u043e \u0432\u0440\u0435\u043c\u0435 \u0447\u0438\u0442\u0430\u045a\u0430\" \/>\n\t<meta name=\"twitter:data1\" content=\"2 \u043c\u0438\u043d\u0443\u0442\u0430\" \/>\n<script type=\"application\/ld+json\" class=\"yoast-schema-graph\">{\"@context\":\"https:\/\/schema.org\",\"@graph\":[{\"@type\":\"WebPage\",\"@id\":\"https:\/\/www.lucyhotel.gr\/sr\/contact\/\",\"url\":\"https:\/\/www.lucyhotel.gr\/sr\/contact\/\",\"name\":\"Kontakt - Lucy Hotel\",\"isPartOf\":{\"@id\":\"https:\/\/www.lucyhotel.gr\/sr\/#website\"},\"datePublished\":\"2019-06-19T09:07:59+00:00\",\"dateModified\":\"2019-06-19T09:07:59+00:00\",\"breadcrumb\":{\"@id\":\"https:\/\/www.lucyhotel.gr\/sr\/contact\/#breadcrumb\"},\"inLanguage\":\"sr-RS\",\"potentialAction\":[{\"@type\":\"ReadAction\",\"target\":[\"https:\/\/www.lucyhotel.gr\/sr\/contact\/\"]}]},{\"@type\":\"BreadcrumbList\",\"@id\":\"https:\/\/www.lucyhotel.gr\/sr\/contact\/#breadcrumb\",\"itemListElement\":[{\"@type\":\"ListItem\",\"position\":1,\"name\":\"Home\",\"item\":\"https:\/\/www.lucyhotel.gr\/sr\/\"},{\"@type\":\"ListItem\",\"position\":2,\"name\":\"Kontakt\"}]},{\"@type\":\"WebSite\",\"@id\":\"https:\/\/www.lucyhotel.gr\/sr\/#website\",\"url\":\"https:\/\/www.lucyhotel.gr\/sr\/\",\"name\":\"Lucy Hotel\",\"description\":\"Five Star Hotel, Sea View Suites, Kavala, Greece\",\"potentialAction\":[{\"@type\":\"SearchAction\",\"target\":{\"@type\":\"EntryPoint\",\"urlTemplate\":\"https:\/\/www.lucyhotel.gr\/sr\/?s={search_term_string}\"},\"query-input\":\"required name=search_term_string\"}],\"inLanguage\":\"sr-RS\"}]}<\/script>\n<!-- \/ Yoast SEO plugin. -->","yoast_head_json":{"title":"Kontakt - Lucy Hotel","robots":{"index":"index","follow":"follow","max-snippet":"max-snippet:-1","max-image-preview":"max-image-preview:large","max-video-preview":"max-video-preview:-1"},"canonical":"https:\/\/www.lucyhotel.gr\/sr\/contact\/","og_locale":"sr_RS","og_type":"article","og_title":"Kontakt - Lucy Hotel","og_description":"Upoznavanje grada Kavale Plavi grad, kako ga ponekad nazivaju, intimno je, pa ipak \u017eivo mesto. Svojim oblikom nalik amfiteatru obuhvata \u010ditavu obalu. On je pitoreskna luka za mnoge drvene brodove za ribolov i plovidbu koji izgledaju kao bele golubice koje lagano ulaze i izlaze iz nje. Od impresivnog starog grada pa sve do same obale, [&hellip;]","og_url":"https:\/\/www.lucyhotel.gr\/sr\/contact\/","og_site_name":"Lucy Hotel","twitter_card":"summary_large_image","twitter_misc":{"\u041f\u0440\u043e\u0446\u0435\u045a\u0435\u043d\u043e \u0432\u0440\u0435\u043c\u0435 \u0447\u0438\u0442\u0430\u045a\u0430":"2 \u043c\u0438\u043d\u0443\u0442\u0430"},"schema":{"@context":"https:\/\/schema.org","@graph":[{"@type":"WebPage","@id":"https:\/\/www.lucyhotel.gr\/sr\/contact\/","url":"https:\/\/www.lucyhotel.gr\/sr\/contact\/","name":"Kontakt - Lucy Hotel","isPartOf":{"@id":"https:\/\/www.lucyhotel.gr\/sr\/#website"},"datePublished":"2019-06-19T09:07:59+00:00","dateModified":"2019-06-19T09:07:59+00:00","breadcrumb":{"@id":"https:\/\/www.lucyhotel.gr\/sr\/contact\/#breadcrumb"},"inLanguage":"sr-RS","potentialAction":[{"@type":"ReadAction","target":["https:\/\/www.lucyhotel.gr\/sr\/contact\/"]}]},{"@type":"BreadcrumbList","@id":"https:\/\/www.lucyhotel.gr\/sr\/contact\/#breadcrumb","itemListElement":[{"@type":"ListItem","position":1,"name":"Home","item":"https:\/\/www.lucyhotel.gr\/sr\/"},{"@type":"ListItem","position":2,"name":"Kontakt"}]},{"@type":"WebSite","@id":"https:\/\/www.lucyhotel.gr\/sr\/#website","url":"https:\/\/www.lucyhotel.gr\/sr\/","name":"Lucy Hotel","description":"Five Star Hotel, Sea View Suites, Kavala, Greece","potentialAction":[{"@type":"SearchAction","target":{"@type":"EntryPoint","urlTemplate":"https:\/\/www.lucyhotel.gr\/sr\/?s={search_term_string}"},"query-input":"required name=search_term_string"}],"inLanguage":"sr-RS"}]}},"_links":{"self":[{"href":"https:\/\/www.lucyhotel.gr\/sr\/wp-json\/wp\/v2\/pages\/3915"}],"collection":[{"href":"https:\/\/www.lucyhotel.gr\/sr\/wp-json\/wp\/v2\/pages"}],"about":[{"href":"https:\/\/www.lucyhotel.gr\/sr\/wp-json\/wp\/v2\/types\/page"}],"author":[{"embeddable":true,"href":"https:\/\/www.lucyhotel.gr\/sr\/wp-json\/wp\/v2\/users\/1"}],"replies":[{"embeddable":true,"href":"https:\/\/www.lucyhotel.gr\/sr\/wp-json\/wp\/v2\/comments?post=3915"}],"version-history":[{"count":0,"href":"https:\/\/www.lucyhotel.gr\/sr\/wp-json\/wp\/v2\/pages\/3915\/revisions"}],"wp:attachment":[{"href":"https:\/\/www.lucyhotel.gr\/sr\/wp-json\/wp\/v2\/media?parent=3915"}],"curies":[{"name":"wp","href":"https:\/\/api.w.org\/{rel}","templated":true}]}}