{"id":16140,"date":"2022-08-16T12:04:39","date_gmt":"2022-08-16T09:04:39","guid":{"rendered":"https:\/\/www.lucyhotel.gr\/spa\/"},"modified":"2024-06-26T11:55:48","modified_gmt":"2024-06-26T08:55:48","slug":"spa","status":"publish","type":"page","link":"https:\/\/www.lucyhotel.gr\/tr\/spa\/","title":{"rendered":"SPA"},"content":{"rendered":"\n<p>Lucy SPA Kavala&#8217;n\u0131n k\u00fclt\u00fcrel miras\u0131na ve k\u00f6kl\u00fc bir ge\u00e7mi\u015fe sahip halk hamamlar\u0131 hakk\u0131nda ipu\u00e7lar\u0131 veriyor. SPA&#8217;m\u0131z s\u00fctunlar aras\u0131nda, sade form ve \u015fekillerin olu\u015fturdu\u011fu bir alanda yer al\u0131yor, ancak yal\u0131n kemerli giri\u015fler, mermer detaylar, kurnalar ile buhar ve su havuzlar\u0131n\u0131n tam ortada bir m\u00fccevher gibi durdu\u011fu zengin ve kompleks g\u00f6r\u00fcn\u00fcm\u00fcyle, kendinizi yeniden zinde hissedebilece\u011finiz ideal ortam\u0131 da size sunmaktan geri durmuyor.<\/p>\n\n\n\n<p>Yunanistan&#8217;\u0131n otantikli\u011fini ve ger\u00e7ekli\u011fini hala koruyan y\u00f6nlerini Lucy SPA&#8217;da ke\u015ffedeceksiniz. Derin bir nefes al\u0131n, do\u011fayla b\u00fct\u00fcnle\u015fin ve i\u00e7sel benli\u011finizi &#8220;yava\u015f ya\u015faman\u0131n&#8221; ritmiyle yenileyerek tatil deneyiminizi zenginle\u015ftirin.<\/p>\n\n\n\n<p>Her t\u00fcrl\u00fc ihtiyac\u0131n\u0131za uygun \u00e7ok say\u0131da uygulama se\u00e7ene\u011fimiz bulunuyor. Kendinizi deneyimli terapistlerimizin ellerine b\u0131rakarak rahatlay\u0131n ve gen\u00e7le\u015fin.<\/p>\n","protected":false},"excerpt":{"rendered":"<p>Lucy SPA Kavala&#8217;n\u0131n k\u00fclt\u00fcrel miras\u0131na ve k\u00f6kl\u00fc bir ge\u00e7mi\u015fe sahip halk hamamlar\u0131 hakk\u0131nda ipu\u00e7lar\u0131 veriyor. SPA&#8217;m\u0131z s\u00fctunlar aras\u0131nda, sade form ve \u015fekillerin olu\u015fturdu\u011fu bir alanda yer al\u0131yor, ancak yal\u0131n kemerli giri\u015fler, mermer detaylar, kurnalar ile buhar ve su havuzlar\u0131n\u0131n tam ortada bir m\u00fccevher gibi durdu\u011fu zengin ve kompleks g\u00f6r\u00fcn\u00fcm\u00fcyle, kendinizi yeniden zinde hissedebilece\u011finiz ideal ortam\u0131 [&hellip;]<\/p>\n","protected":false},"author":1,"featured_media":16102,"parent":0,"menu_order":0,"comment_status":"closed","ping_status":"closed","template":"","meta":[],"acf":[],"yoast_head":"<!-- This site is optimized with the Yoast SEO plugin v20.3 - https:\/\/yoast.com\/wordpress\/plugins\/seo\/ -->\n<title>SPA - Lucy Hotel<\/title>\n<meta name=\"robots\" content=\"index, follow, max-snippet:-1, max-image-preview:large, max-video-preview:-1\" \/>\n<link rel=\"canonical\" href=\"https:\/\/www.lucyhotel.gr\/tr\/spa\/\" \/>\n<meta property=\"og:locale\" content=\"tr_TR\" \/>\n<meta property=\"og:type\" content=\"article\" \/>\n<meta property=\"og:title\" content=\"SPA - Lucy Hotel\" \/>\n<meta property=\"og:description\" content=\"Lucy SPA Kavala&#8217;n\u0131n k\u00fclt\u00fcrel miras\u0131na ve k\u00f6kl\u00fc bir ge\u00e7mi\u015fe sahip halk hamamlar\u0131 hakk\u0131nda ipu\u00e7lar\u0131 veriyor. SPA&#8217;m\u0131z s\u00fctunlar aras\u0131nda, sade form ve \u015fekillerin olu\u015fturdu\u011fu bir alanda yer al\u0131yor, ancak yal\u0131n kemerli giri\u015fler, mermer detaylar, kurnalar ile buhar ve su havuzlar\u0131n\u0131n tam ortada bir m\u00fccevher gibi durdu\u011fu zengin ve kompleks g\u00f6r\u00fcn\u00fcm\u00fcyle, kendinizi yeniden zinde hissedebilece\u011finiz ideal ortam\u0131 [&hellip;]\" \/>\n<meta property=\"og:url\" content=\"https:\/\/www.lucyhotel.gr\/tr\/spa\/\" \/>\n<meta property=\"og:site_name\" content=\"Lucy Hotel\" \/>\n<meta property=\"article:modified_time\" content=\"2024-06-26T08:55:48+00:00\" \/>\n<meta property=\"og:image\" content=\"https:\/\/www.lucyhotel.gr\/wp-content\/uploads\/2022\/07\/spafeatlast.jpg\" \/>\n\t<meta property=\"og:image:width\" content=\"1920\" \/>\n\t<meta property=\"og:image:height\" content=\"1080\" \/>\n\t<meta property=\"og:image:type\" content=\"image\/jpeg\" \/>\n<meta name=\"twitter:card\" content=\"summary_large_image\" \/>\n<meta name=\"twitter:label1\" content=\"Tahmini okuma s\u00fcresi\" \/>\n\t<meta name=\"twitter:data1\" content=\"1 dakika\" \/>\n<script type=\"application\/ld+json\" class=\"yoast-schema-graph\">{\"@context\":\"https:\/\/schema.org\",\"@graph\":[{\"@type\":\"WebPage\",\"@id\":\"https:\/\/www.lucyhotel.gr\/tr\/spa\/\",\"url\":\"https:\/\/www.lucyhotel.gr\/tr\/spa\/\",\"name\":\"SPA - Lucy Hotel\",\"isPartOf\":{\"@id\":\"https:\/\/www.lucyhotel.gr\/tr\/#website\"},\"datePublished\":\"2022-08-16T09:04:39+00:00\",\"dateModified\":\"2024-06-26T08:55:48+00:00\",\"breadcrumb\":{\"@id\":\"https:\/\/www.lucyhotel.gr\/tr\/spa\/#breadcrumb\"},\"inLanguage\":\"tr\",\"potentialAction\":[{\"@type\":\"ReadAction\",\"target\":[\"https:\/\/www.lucyhotel.gr\/tr\/spa\/\"]}]},{\"@type\":\"BreadcrumbList\",\"@id\":\"https:\/\/www.lucyhotel.gr\/tr\/spa\/#breadcrumb\",\"itemListElement\":[{\"@type\":\"ListItem\",\"position\":1,\"name\":\"Home\",\"item\":\"https:\/\/www.lucyhotel.gr\/tr\/\"},{\"@type\":\"ListItem\",\"position\":2,\"name\":\"SPA\"}]},{\"@type\":\"WebSite\",\"@id\":\"https:\/\/www.lucyhotel.gr\/tr\/#website\",\"url\":\"https:\/\/www.lucyhotel.gr\/tr\/\",\"name\":\"Lucy Hotel\",\"description\":\"Five Star Hotel, Sea View Suites, Kavala, Greece\",\"potentialAction\":[{\"@type\":\"SearchAction\",\"target\":{\"@type\":\"EntryPoint\",\"urlTemplate\":\"https:\/\/www.lucyhotel.gr\/tr\/?s={search_term_string}\"},\"query-input\":\"required name=search_term_string\"}],\"inLanguage\":\"tr\"}]}<\/script>\n<!-- \/ Yoast SEO plugin. -->","yoast_head_json":{"title":"SPA - Lucy Hotel","robots":{"index":"index","follow":"follow","max-snippet":"max-snippet:-1","max-image-preview":"max-image-preview:large","max-video-preview":"max-video-preview:-1"},"canonical":"https:\/\/www.lucyhotel.gr\/tr\/spa\/","og_locale":"tr_TR","og_type":"article","og_title":"SPA - Lucy Hotel","og_description":"Lucy SPA Kavala&#8217;n\u0131n k\u00fclt\u00fcrel miras\u0131na ve k\u00f6kl\u00fc bir ge\u00e7mi\u015fe sahip halk hamamlar\u0131 hakk\u0131nda ipu\u00e7lar\u0131 veriyor. SPA&#8217;m\u0131z s\u00fctunlar aras\u0131nda, sade form ve \u015fekillerin olu\u015fturdu\u011fu bir alanda yer al\u0131yor, ancak yal\u0131n kemerli giri\u015fler, mermer detaylar, kurnalar ile buhar ve su havuzlar\u0131n\u0131n tam ortada bir m\u00fccevher gibi durdu\u011fu zengin ve kompleks g\u00f6r\u00fcn\u00fcm\u00fcyle, kendinizi yeniden zinde hissedebilece\u011finiz ideal ortam\u0131 [&hellip;]","og_url":"https:\/\/www.lucyhotel.gr\/tr\/spa\/","og_site_name":"Lucy Hotel","article_modified_time":"2024-06-26T08:55:48+00:00","og_image":[{"width":1920,"height":1080,"url":"https:\/\/www.lucyhotel.gr\/wp-content\/uploads\/2022\/07\/spafeatlast.jpg","type":"image\/jpeg"}],"twitter_card":"summary_large_image","twitter_misc":{"Tahmini okuma s\u00fcresi":"1 dakika"},"schema":{"@context":"https:\/\/schema.org","@graph":[{"@type":"WebPage","@id":"https:\/\/www.lucyhotel.gr\/tr\/spa\/","url":"https:\/\/www.lucyhotel.gr\/tr\/spa\/","name":"SPA - Lucy Hotel","isPartOf":{"@id":"https:\/\/www.lucyhotel.gr\/tr\/#website"},"datePublished":"2022-08-16T09:04:39+00:00","dateModified":"2024-06-26T08:55:48+00:00","breadcrumb":{"@id":"https:\/\/www.lucyhotel.gr\/tr\/spa\/#breadcrumb"},"inLanguage":"tr","potentialAction":[{"@type":"ReadAction","target":["https:\/\/www.lucyhotel.gr\/tr\/spa\/"]}]},{"@type":"BreadcrumbList","@id":"https:\/\/www.lucyhotel.gr\/tr\/spa\/#breadcrumb","itemListElement":[{"@type":"ListItem","position":1,"name":"Home","item":"https:\/\/www.lucyhotel.gr\/tr\/"},{"@type":"ListItem","position":2,"name":"SPA"}]},{"@type":"WebSite","@id":"https:\/\/www.lucyhotel.gr\/tr\/#website","url":"https:\/\/www.lucyhotel.gr\/tr\/","name":"Lucy Hotel","description":"Five Star Hotel, Sea View Suites, Kavala, Greece","potentialAction":[{"@type":"SearchAction","target":{"@type":"EntryPoint","urlTemplate":"https:\/\/www.lucyhotel.gr\/tr\/?s={search_term_string}"},"query-input":"required name=search_term_string"}],"inLanguage":"tr"}]}},"_links":{"self":[{"href":"https:\/\/www.lucyhotel.gr\/tr\/wp-json\/wp\/v2\/pages\/16140"}],"collection":[{"href":"https:\/\/www.lucyhotel.gr\/tr\/wp-json\/wp\/v2\/pages"}],"about":[{"href":"https:\/\/www.lucyhotel.gr\/tr\/wp-json\/wp\/v2\/types\/page"}],"author":[{"embeddable":true,"href":"https:\/\/www.lucyhotel.gr\/tr\/wp-json\/wp\/v2\/users\/1"}],"replies":[{"embeddable":true,"href":"https:\/\/www.lucyhotel.gr\/tr\/wp-json\/wp\/v2\/comments?post=16140"}],"version-history":[{"count":2,"href":"https:\/\/www.lucyhotel.gr\/tr\/wp-json\/wp\/v2\/pages\/16140\/revisions"}],"predecessor-version":[{"id":16147,"href":"https:\/\/www.lucyhotel.gr\/tr\/wp-json\/wp\/v2\/pages\/16140\/revisions\/16147"}],"wp:featuredmedia":[{"embeddable":true,"href":"https:\/\/www.lucyhotel.gr\/tr\/wp-json\/wp\/v2\/media\/16102"}],"wp:attachment":[{"href":"https:\/\/www.lucyhotel.gr\/tr\/wp-json\/wp\/v2\/media?parent=16140"}],"curies":[{"name":"wp","href":"https:\/\/api.w.org\/{rel}","templated":true}]}}