{"id":3859,"date":"2019-06-14T13:51:24","date_gmt":"2019-06-14T13:51:24","guid":{"rendered":"http:\/\/preview.deventum.com\/lucyhotel\/events\/"},"modified":"2019-06-19T09:55:33","modified_gmt":"2019-06-19T09:55:33","slug":"events","status":"publish","type":"page","link":"https:\/\/www.lucyhotel.gr\/tr\/events\/","title":{"rendered":"Toplant\u0131 ve Etkinlikler"},"content":{"rendered":"\n<p>Y\u00fcksek standartlardaki olanaklar\u0131, \u00e7al\u0131\u015fkan personeli ve e\u015fsiz konumuyla Lucy Hotel, \u00e7e\u015fitli toplant\u0131 ve sosyal etkinli\u011fe ev sahipli\u011fi yapan ideal bir turistik mek\u00e2n olarak \u00f6n plana \u00e7\u0131kmaktad\u0131r. \u00d6zel g\u00fcnlerinizi en iyi \u015fekilde ge\u00e7irebilmeniz i\u00e7in ihtiyac\u0131n\u0131z olan ortam\u0131 yarat\u0131rken her t\u00fcrl\u00fc ayr\u0131nt\u0131ya dikkat etmekteyiz.<\/p>\n","protected":false},"excerpt":{"rendered":"<p>Y\u00fcksek standartlardaki olanaklar\u0131, \u00e7al\u0131\u015fkan personeli ve e\u015fsiz konumuyla Lucy Hotel, \u00e7e\u015fitli toplant\u0131 ve sosyal etkinli\u011fe ev sahipli\u011fi yapan ideal bir turistik mek\u00e2n olarak \u00f6n plana \u00e7\u0131kmaktad\u0131r. \u00d6zel g\u00fcnlerinizi en iyi \u015fekilde ge\u00e7irebilmeniz i\u00e7in ihtiyac\u0131n\u0131z olan ortam\u0131 yarat\u0131rken her t\u00fcrl\u00fc ayr\u0131nt\u0131ya dikkat etmekteyiz.<\/p>\n","protected":false},"author":1,"featured_media":2860,"parent":0,"menu_order":0,"comment_status":"closed","ping_status":"closed","template":"","meta":[],"acf":[],"yoast_head":"<!-- This site is optimized with the Yoast SEO plugin v20.3 - https:\/\/yoast.com\/wordpress\/plugins\/seo\/ -->\n<title>Toplant\u0131 ve Etkinlikler - Lucy Hotel<\/title>\n<meta name=\"robots\" content=\"index, follow, max-snippet:-1, max-image-preview:large, max-video-preview:-1\" \/>\n<link rel=\"canonical\" href=\"https:\/\/www.lucyhotel.gr\/tr\/events\/\" \/>\n<meta property=\"og:locale\" content=\"tr_TR\" \/>\n<meta property=\"og:type\" content=\"article\" \/>\n<meta property=\"og:title\" content=\"Toplant\u0131 ve Etkinlikler - Lucy Hotel\" \/>\n<meta property=\"og:description\" content=\"Y\u00fcksek standartlardaki olanaklar\u0131, \u00e7al\u0131\u015fkan personeli ve e\u015fsiz konumuyla Lucy Hotel, \u00e7e\u015fitli toplant\u0131 ve sosyal etkinli\u011fe ev sahipli\u011fi yapan ideal bir turistik mek\u00e2n olarak \u00f6n plana \u00e7\u0131kmaktad\u0131r. \u00d6zel g\u00fcnlerinizi en iyi \u015fekilde ge\u00e7irebilmeniz i\u00e7in ihtiyac\u0131n\u0131z olan ortam\u0131 yarat\u0131rken her t\u00fcrl\u00fc ayr\u0131nt\u0131ya dikkat etmekteyiz.\" \/>\n<meta property=\"og:url\" content=\"https:\/\/www.lucyhotel.gr\/tr\/events\/\" \/>\n<meta property=\"og:site_name\" content=\"Lucy Hotel\" \/>\n<meta property=\"article:modified_time\" content=\"2019-06-19T09:55:33+00:00\" \/>\n<meta property=\"og:image\" content=\"https:\/\/www.lucyhotel.gr\/wp-content\/uploads\/2019\/05\/meeting_events_big_1920.jpg\" \/>\n\t<meta property=\"og:image:width\" content=\"1920\" \/>\n\t<meta property=\"og:image:height\" content=\"1080\" \/>\n\t<meta property=\"og:image:type\" content=\"image\/jpeg\" \/>\n<meta name=\"twitter:card\" content=\"summary_large_image\" \/>\n<script type=\"application\/ld+json\" class=\"yoast-schema-graph\">{\"@context\":\"https:\/\/schema.org\",\"@graph\":[{\"@type\":\"WebPage\",\"@id\":\"https:\/\/www.lucyhotel.gr\/tr\/events\/\",\"url\":\"https:\/\/www.lucyhotel.gr\/tr\/events\/\",\"name\":\"Toplant\u0131 ve Etkinlikler - Lucy Hotel\",\"isPartOf\":{\"@id\":\"https:\/\/www.lucyhotel.gr\/tr\/#website\"},\"datePublished\":\"2019-06-14T13:51:24+00:00\",\"dateModified\":\"2019-06-19T09:55:33+00:00\",\"breadcrumb\":{\"@id\":\"https:\/\/www.lucyhotel.gr\/tr\/events\/#breadcrumb\"},\"inLanguage\":\"tr\",\"potentialAction\":[{\"@type\":\"ReadAction\",\"target\":[\"https:\/\/www.lucyhotel.gr\/tr\/events\/\"]}]},{\"@type\":\"BreadcrumbList\",\"@id\":\"https:\/\/www.lucyhotel.gr\/tr\/events\/#breadcrumb\",\"itemListElement\":[{\"@type\":\"ListItem\",\"position\":1,\"name\":\"Home\",\"item\":\"https:\/\/www.lucyhotel.gr\/tr\/\"},{\"@type\":\"ListItem\",\"position\":2,\"name\":\"Toplant\u0131 ve Etkinlikler\"}]},{\"@type\":\"WebSite\",\"@id\":\"https:\/\/www.lucyhotel.gr\/tr\/#website\",\"url\":\"https:\/\/www.lucyhotel.gr\/tr\/\",\"name\":\"Lucy Hotel\",\"description\":\"Five Star Hotel, Sea View Suites, Kavala, Greece\",\"potentialAction\":[{\"@type\":\"SearchAction\",\"target\":{\"@type\":\"EntryPoint\",\"urlTemplate\":\"https:\/\/www.lucyhotel.gr\/tr\/?s={search_term_string}\"},\"query-input\":\"required name=search_term_string\"}],\"inLanguage\":\"tr\"}]}<\/script>\n<!-- \/ Yoast SEO plugin. -->","yoast_head_json":{"title":"Toplant\u0131 ve Etkinlikler - Lucy Hotel","robots":{"index":"index","follow":"follow","max-snippet":"max-snippet:-1","max-image-preview":"max-image-preview:large","max-video-preview":"max-video-preview:-1"},"canonical":"https:\/\/www.lucyhotel.gr\/tr\/events\/","og_locale":"tr_TR","og_type":"article","og_title":"Toplant\u0131 ve Etkinlikler - Lucy Hotel","og_description":"Y\u00fcksek standartlardaki olanaklar\u0131, \u00e7al\u0131\u015fkan personeli ve e\u015fsiz konumuyla Lucy Hotel, \u00e7e\u015fitli toplant\u0131 ve sosyal etkinli\u011fe ev sahipli\u011fi yapan ideal bir turistik mek\u00e2n olarak \u00f6n plana \u00e7\u0131kmaktad\u0131r. \u00d6zel g\u00fcnlerinizi en iyi \u015fekilde ge\u00e7irebilmeniz i\u00e7in ihtiyac\u0131n\u0131z olan ortam\u0131 yarat\u0131rken her t\u00fcrl\u00fc ayr\u0131nt\u0131ya dikkat etmekteyiz.","og_url":"https:\/\/www.lucyhotel.gr\/tr\/events\/","og_site_name":"Lucy Hotel","article_modified_time":"2019-06-19T09:55:33+00:00","og_image":[{"width":1920,"height":1080,"url":"https:\/\/www.lucyhotel.gr\/wp-content\/uploads\/2019\/05\/meeting_events_big_1920.jpg","type":"image\/jpeg"}],"twitter_card":"summary_large_image","schema":{"@context":"https:\/\/schema.org","@graph":[{"@type":"WebPage","@id":"https:\/\/www.lucyhotel.gr\/tr\/events\/","url":"https:\/\/www.lucyhotel.gr\/tr\/events\/","name":"Toplant\u0131 ve Etkinlikler - Lucy Hotel","isPartOf":{"@id":"https:\/\/www.lucyhotel.gr\/tr\/#website"},"datePublished":"2019-06-14T13:51:24+00:00","dateModified":"2019-06-19T09:55:33+00:00","breadcrumb":{"@id":"https:\/\/www.lucyhotel.gr\/tr\/events\/#breadcrumb"},"inLanguage":"tr","potentialAction":[{"@type":"ReadAction","target":["https:\/\/www.lucyhotel.gr\/tr\/events\/"]}]},{"@type":"BreadcrumbList","@id":"https:\/\/www.lucyhotel.gr\/tr\/events\/#breadcrumb","itemListElement":[{"@type":"ListItem","position":1,"name":"Home","item":"https:\/\/www.lucyhotel.gr\/tr\/"},{"@type":"ListItem","position":2,"name":"Toplant\u0131 ve Etkinlikler"}]},{"@type":"WebSite","@id":"https:\/\/www.lucyhotel.gr\/tr\/#website","url":"https:\/\/www.lucyhotel.gr\/tr\/","name":"Lucy Hotel","description":"Five Star Hotel, Sea View Suites, Kavala, Greece","potentialAction":[{"@type":"SearchAction","target":{"@type":"EntryPoint","urlTemplate":"https:\/\/www.lucyhotel.gr\/tr\/?s={search_term_string}"},"query-input":"required name=search_term_string"}],"inLanguage":"tr"}]}},"_links":{"self":[{"href":"https:\/\/www.lucyhotel.gr\/tr\/wp-json\/wp\/v2\/pages\/3859"}],"collection":[{"href":"https:\/\/www.lucyhotel.gr\/tr\/wp-json\/wp\/v2\/pages"}],"about":[{"href":"https:\/\/www.lucyhotel.gr\/tr\/wp-json\/wp\/v2\/types\/page"}],"author":[{"embeddable":true,"href":"https:\/\/www.lucyhotel.gr\/tr\/wp-json\/wp\/v2\/users\/1"}],"replies":[{"embeddable":true,"href":"https:\/\/www.lucyhotel.gr\/tr\/wp-json\/wp\/v2\/comments?post=3859"}],"version-history":[{"count":3,"href":"https:\/\/www.lucyhotel.gr\/tr\/wp-json\/wp\/v2\/pages\/3859\/revisions"}],"predecessor-version":[{"id":4194,"href":"https:\/\/www.lucyhotel.gr\/tr\/wp-json\/wp\/v2\/pages\/3859\/revisions\/4194"}],"wp:featuredmedia":[{"embeddable":true,"href":"https:\/\/www.lucyhotel.gr\/tr\/wp-json\/wp\/v2\/media\/2860"}],"wp:attachment":[{"href":"https:\/\/www.lucyhotel.gr\/tr\/wp-json\/wp\/v2\/media?parent=3859"}],"curies":[{"name":"wp","href":"https:\/\/api.w.org\/{rel}","templated":true}]}}