{"id":624,"date":"2019-04-02T12:05:13","date_gmt":"2019-04-02T12:05:13","guid":{"rendered":"http:\/\/preview.deventum.com\/lucyhotel\/location\/"},"modified":"2019-06-14T10:14:45","modified_gmt":"2019-06-14T10:14:45","slug":"location","status":"publish","type":"page","link":"https:\/\/www.lucyhotel.gr\/tr\/location\/","title":{"rendered":"Yeri"},"content":{"rendered":"\n<p>Be\u015f y\u0131ld\u0131zl\u0131 otelimiz Kavala\u2019n\u0131n bat\u0131s\u0131nda bulunmaktad\u0131r. \u00c7evredeki manzaray\u0131 izlemek i\u00e7in ideal bir yer olan Lucy Hotel, etkileyici mimarisi ve e\u015fsiz konumuyla Kavala kenti ile \u00f6zde\u015fle\u015fmi\u015f mek\u00e2nlardan biridir. Minik yar\u0131madam\u0131z\u0131n en u\u00e7 noktas\u0131nda bulunan Lucy Hotel, Ege Denizi\u2019ne do\u011fru bir amfi tiyatro edas\u0131yla uzanan, \u0131\u015f\u0131lt\u0131l\u0131 Kavala kentini seyredebilece\u011finiz bir g\u00f6zlemevi gibidir.<\/p>\n","protected":false},"excerpt":{"rendered":"<p>Be\u015f y\u0131ld\u0131zl\u0131 otelimiz Kavala\u2019n\u0131n bat\u0131s\u0131nda bulunmaktad\u0131r. \u00c7evredeki manzaray\u0131 izlemek i\u00e7in ideal bir yer olan Lucy Hotel, etkileyici mimarisi ve e\u015fsiz konumuyla Kavala kenti ile \u00f6zde\u015fle\u015fmi\u015f mek\u00e2nlardan biridir. Minik yar\u0131madam\u0131z\u0131n en u\u00e7 noktas\u0131nda bulunan Lucy Hotel, Ege Denizi\u2019ne do\u011fru bir amfi tiyatro edas\u0131yla uzanan, \u0131\u015f\u0131lt\u0131l\u0131 Kavala kentini seyredebilece\u011finiz bir g\u00f6zlemevi gibidir.<\/p>\n","protected":false},"author":1,"featured_media":0,"parent":0,"menu_order":0,"comment_status":"closed","ping_status":"closed","template":"","meta":[],"acf":[],"yoast_head":"<!-- This site is optimized with the Yoast SEO plugin v20.3 - https:\/\/yoast.com\/wordpress\/plugins\/seo\/ -->\n<title>Yeri - Lucy Hotel<\/title>\n<meta name=\"robots\" content=\"index, follow, max-snippet:-1, max-image-preview:large, max-video-preview:-1\" \/>\n<link rel=\"canonical\" href=\"https:\/\/www.lucyhotel.gr\/tr\/location\/\" \/>\n<meta property=\"og:locale\" content=\"tr_TR\" \/>\n<meta property=\"og:type\" content=\"article\" \/>\n<meta property=\"og:title\" content=\"Yeri - Lucy Hotel\" \/>\n<meta property=\"og:description\" content=\"Be\u015f y\u0131ld\u0131zl\u0131 otelimiz Kavala\u2019n\u0131n bat\u0131s\u0131nda bulunmaktad\u0131r. \u00c7evredeki manzaray\u0131 izlemek i\u00e7in ideal bir yer olan Lucy Hotel, etkileyici mimarisi ve e\u015fsiz konumuyla Kavala kenti ile \u00f6zde\u015fle\u015fmi\u015f mek\u00e2nlardan biridir. Minik yar\u0131madam\u0131z\u0131n en u\u00e7 noktas\u0131nda bulunan Lucy Hotel, Ege Denizi\u2019ne do\u011fru bir amfi tiyatro edas\u0131yla uzanan, \u0131\u015f\u0131lt\u0131l\u0131 Kavala kentini seyredebilece\u011finiz bir g\u00f6zlemevi gibidir.\" \/>\n<meta property=\"og:url\" content=\"https:\/\/www.lucyhotel.gr\/tr\/location\/\" \/>\n<meta property=\"og:site_name\" content=\"Lucy Hotel\" \/>\n<meta property=\"article:modified_time\" content=\"2019-06-14T10:14:45+00:00\" \/>\n<meta name=\"twitter:card\" content=\"summary_large_image\" \/>\n<script type=\"application\/ld+json\" class=\"yoast-schema-graph\">{\"@context\":\"https:\/\/schema.org\",\"@graph\":[{\"@type\":\"WebPage\",\"@id\":\"https:\/\/www.lucyhotel.gr\/tr\/location\/\",\"url\":\"https:\/\/www.lucyhotel.gr\/tr\/location\/\",\"name\":\"Yeri - Lucy Hotel\",\"isPartOf\":{\"@id\":\"https:\/\/www.lucyhotel.gr\/tr\/#website\"},\"datePublished\":\"2019-04-02T12:05:13+00:00\",\"dateModified\":\"2019-06-14T10:14:45+00:00\",\"breadcrumb\":{\"@id\":\"https:\/\/www.lucyhotel.gr\/tr\/location\/#breadcrumb\"},\"inLanguage\":\"tr\",\"potentialAction\":[{\"@type\":\"ReadAction\",\"target\":[\"https:\/\/www.lucyhotel.gr\/tr\/location\/\"]}]},{\"@type\":\"BreadcrumbList\",\"@id\":\"https:\/\/www.lucyhotel.gr\/tr\/location\/#breadcrumb\",\"itemListElement\":[{\"@type\":\"ListItem\",\"position\":1,\"name\":\"Home\",\"item\":\"https:\/\/www.lucyhotel.gr\/tr\/\"},{\"@type\":\"ListItem\",\"position\":2,\"name\":\"Yeri\"}]},{\"@type\":\"WebSite\",\"@id\":\"https:\/\/www.lucyhotel.gr\/tr\/#website\",\"url\":\"https:\/\/www.lucyhotel.gr\/tr\/\",\"name\":\"Lucy Hotel\",\"description\":\"Five Star Hotel, Sea View Suites, Kavala, Greece\",\"potentialAction\":[{\"@type\":\"SearchAction\",\"target\":{\"@type\":\"EntryPoint\",\"urlTemplate\":\"https:\/\/www.lucyhotel.gr\/tr\/?s={search_term_string}\"},\"query-input\":\"required name=search_term_string\"}],\"inLanguage\":\"tr\"}]}<\/script>\n<!-- \/ Yoast SEO plugin. -->","yoast_head_json":{"title":"Yeri - Lucy Hotel","robots":{"index":"index","follow":"follow","max-snippet":"max-snippet:-1","max-image-preview":"max-image-preview:large","max-video-preview":"max-video-preview:-1"},"canonical":"https:\/\/www.lucyhotel.gr\/tr\/location\/","og_locale":"tr_TR","og_type":"article","og_title":"Yeri - Lucy Hotel","og_description":"Be\u015f y\u0131ld\u0131zl\u0131 otelimiz Kavala\u2019n\u0131n bat\u0131s\u0131nda bulunmaktad\u0131r. \u00c7evredeki manzaray\u0131 izlemek i\u00e7in ideal bir yer olan Lucy Hotel, etkileyici mimarisi ve e\u015fsiz konumuyla Kavala kenti ile \u00f6zde\u015fle\u015fmi\u015f mek\u00e2nlardan biridir. Minik yar\u0131madam\u0131z\u0131n en u\u00e7 noktas\u0131nda bulunan Lucy Hotel, Ege Denizi\u2019ne do\u011fru bir amfi tiyatro edas\u0131yla uzanan, \u0131\u015f\u0131lt\u0131l\u0131 Kavala kentini seyredebilece\u011finiz bir g\u00f6zlemevi gibidir.","og_url":"https:\/\/www.lucyhotel.gr\/tr\/location\/","og_site_name":"Lucy Hotel","article_modified_time":"2019-06-14T10:14:45+00:00","twitter_card":"summary_large_image","schema":{"@context":"https:\/\/schema.org","@graph":[{"@type":"WebPage","@id":"https:\/\/www.lucyhotel.gr\/tr\/location\/","url":"https:\/\/www.lucyhotel.gr\/tr\/location\/","name":"Yeri - Lucy Hotel","isPartOf":{"@id":"https:\/\/www.lucyhotel.gr\/tr\/#website"},"datePublished":"2019-04-02T12:05:13+00:00","dateModified":"2019-06-14T10:14:45+00:00","breadcrumb":{"@id":"https:\/\/www.lucyhotel.gr\/tr\/location\/#breadcrumb"},"inLanguage":"tr","potentialAction":[{"@type":"ReadAction","target":["https:\/\/www.lucyhotel.gr\/tr\/location\/"]}]},{"@type":"BreadcrumbList","@id":"https:\/\/www.lucyhotel.gr\/tr\/location\/#breadcrumb","itemListElement":[{"@type":"ListItem","position":1,"name":"Home","item":"https:\/\/www.lucyhotel.gr\/tr\/"},{"@type":"ListItem","position":2,"name":"Yeri"}]},{"@type":"WebSite","@id":"https:\/\/www.lucyhotel.gr\/tr\/#website","url":"https:\/\/www.lucyhotel.gr\/tr\/","name":"Lucy Hotel","description":"Five Star Hotel, Sea View Suites, Kavala, Greece","potentialAction":[{"@type":"SearchAction","target":{"@type":"EntryPoint","urlTemplate":"https:\/\/www.lucyhotel.gr\/tr\/?s={search_term_string}"},"query-input":"required name=search_term_string"}],"inLanguage":"tr"}]}},"_links":{"self":[{"href":"https:\/\/www.lucyhotel.gr\/tr\/wp-json\/wp\/v2\/pages\/624"}],"collection":[{"href":"https:\/\/www.lucyhotel.gr\/tr\/wp-json\/wp\/v2\/pages"}],"about":[{"href":"https:\/\/www.lucyhotel.gr\/tr\/wp-json\/wp\/v2\/types\/page"}],"author":[{"embeddable":true,"href":"https:\/\/www.lucyhotel.gr\/tr\/wp-json\/wp\/v2\/users\/1"}],"replies":[{"embeddable":true,"href":"https:\/\/www.lucyhotel.gr\/tr\/wp-json\/wp\/v2\/comments?post=624"}],"version-history":[{"count":2,"href":"https:\/\/www.lucyhotel.gr\/tr\/wp-json\/wp\/v2\/pages\/624\/revisions"}],"predecessor-version":[{"id":3456,"href":"https:\/\/www.lucyhotel.gr\/tr\/wp-json\/wp\/v2\/pages\/624\/revisions\/3456"}],"wp:attachment":[{"href":"https:\/\/www.lucyhotel.gr\/tr\/wp-json\/wp\/v2\/media?parent=624"}],"curies":[{"name":"wp","href":"https:\/\/api.w.org\/{rel}","templated":true}]}}