{"id":835,"date":"2019-04-02T12:22:52","date_gmt":"2019-04-02T12:22:52","guid":{"rendered":"http:\/\/preview.deventum.com\/lucyhotel\/beach\/"},"modified":"2019-06-14T13:37:58","modified_gmt":"2019-06-14T13:37:58","slug":"beach","status":"publish","type":"page","link":"https:\/\/www.lucyhotel.gr\/tr\/beach\/","title":{"rendered":"Plaj ve Havuz"},"content":{"rendered":"\n<p>Kelimenin tam anlam\u0131yla denizin \u00e7epe\u00e7evre sard\u0131\u011f\u0131 konumu sayesinde Lucy, her biri e\u015fsiz \u00f6zelliklere sahip \u00fc\u00e7 farkl\u0131 plaja a\u00e7\u0131l\u0131yor ve bununla da kalmay\u0131p yaz boyunca keyfini \u00e7\u0131karabilece\u011finiz bir a\u00e7\u0131k havuz olana\u011f\u0131 da sunuyor.<\/p>\n","protected":false},"excerpt":{"rendered":"<p>Kelimenin tam anlam\u0131yla denizin \u00e7epe\u00e7evre sard\u0131\u011f\u0131 konumu sayesinde Lucy, her biri e\u015fsiz \u00f6zelliklere sahip \u00fc\u00e7 farkl\u0131 plaja a\u00e7\u0131l\u0131yor ve bununla da kalmay\u0131p yaz boyunca keyfini \u00e7\u0131karabilece\u011finiz bir a\u00e7\u0131k havuz olana\u011f\u0131 da sunuyor.<\/p>\n","protected":false},"author":1,"featured_media":2404,"parent":0,"menu_order":0,"comment_status":"closed","ping_status":"closed","template":"","meta":[],"acf":[],"yoast_head":"<!-- This site is optimized with the Yoast SEO plugin v20.3 - https:\/\/yoast.com\/wordpress\/plugins\/seo\/ -->\n<title>Plaj ve Havuz - Lucy Hotel<\/title>\n<meta name=\"robots\" content=\"index, follow, max-snippet:-1, max-image-preview:large, max-video-preview:-1\" \/>\n<link rel=\"canonical\" href=\"https:\/\/www.lucyhotel.gr\/tr\/beach\/\" \/>\n<meta property=\"og:locale\" content=\"tr_TR\" \/>\n<meta property=\"og:type\" content=\"article\" \/>\n<meta property=\"og:title\" content=\"Plaj ve Havuz - Lucy Hotel\" \/>\n<meta property=\"og:description\" content=\"Kelimenin tam anlam\u0131yla denizin \u00e7epe\u00e7evre sard\u0131\u011f\u0131 konumu sayesinde Lucy, her biri e\u015fsiz \u00f6zelliklere sahip \u00fc\u00e7 farkl\u0131 plaja a\u00e7\u0131l\u0131yor ve bununla da kalmay\u0131p yaz boyunca keyfini \u00e7\u0131karabilece\u011finiz bir a\u00e7\u0131k havuz olana\u011f\u0131 da sunuyor.\" \/>\n<meta property=\"og:url\" content=\"https:\/\/www.lucyhotel.gr\/tr\/beach\/\" \/>\n<meta property=\"og:site_name\" content=\"Lucy Hotel\" \/>\n<meta property=\"article:modified_time\" content=\"2019-06-14T13:37:58+00:00\" \/>\n<meta property=\"og:image\" content=\"https:\/\/www.lucyhotel.gr\/wp-content\/uploads\/2019\/05\/beachpool_big_1920-1.jpg\" \/>\n\t<meta property=\"og:image:width\" content=\"1920\" \/>\n\t<meta property=\"og:image:height\" content=\"1080\" \/>\n\t<meta property=\"og:image:type\" content=\"image\/jpeg\" \/>\n<meta name=\"twitter:card\" content=\"summary_large_image\" \/>\n<script type=\"application\/ld+json\" class=\"yoast-schema-graph\">{\"@context\":\"https:\/\/schema.org\",\"@graph\":[{\"@type\":\"WebPage\",\"@id\":\"https:\/\/www.lucyhotel.gr\/tr\/beach\/\",\"url\":\"https:\/\/www.lucyhotel.gr\/tr\/beach\/\",\"name\":\"Plaj ve Havuz - Lucy Hotel\",\"isPartOf\":{\"@id\":\"https:\/\/www.lucyhotel.gr\/tr\/#website\"},\"datePublished\":\"2019-04-02T12:22:52+00:00\",\"dateModified\":\"2019-06-14T13:37:58+00:00\",\"breadcrumb\":{\"@id\":\"https:\/\/www.lucyhotel.gr\/tr\/beach\/#breadcrumb\"},\"inLanguage\":\"tr\",\"potentialAction\":[{\"@type\":\"ReadAction\",\"target\":[\"https:\/\/www.lucyhotel.gr\/tr\/beach\/\"]}]},{\"@type\":\"BreadcrumbList\",\"@id\":\"https:\/\/www.lucyhotel.gr\/tr\/beach\/#breadcrumb\",\"itemListElement\":[{\"@type\":\"ListItem\",\"position\":1,\"name\":\"Home\",\"item\":\"https:\/\/www.lucyhotel.gr\/tr\/\"},{\"@type\":\"ListItem\",\"position\":2,\"name\":\"Plaj ve Havuz\"}]},{\"@type\":\"WebSite\",\"@id\":\"https:\/\/www.lucyhotel.gr\/tr\/#website\",\"url\":\"https:\/\/www.lucyhotel.gr\/tr\/\",\"name\":\"Lucy Hotel\",\"description\":\"Five Star Hotel, Sea View Suites, Kavala, Greece\",\"potentialAction\":[{\"@type\":\"SearchAction\",\"target\":{\"@type\":\"EntryPoint\",\"urlTemplate\":\"https:\/\/www.lucyhotel.gr\/tr\/?s={search_term_string}\"},\"query-input\":\"required name=search_term_string\"}],\"inLanguage\":\"tr\"}]}<\/script>\n<!-- \/ Yoast SEO plugin. -->","yoast_head_json":{"title":"Plaj ve Havuz - Lucy Hotel","robots":{"index":"index","follow":"follow","max-snippet":"max-snippet:-1","max-image-preview":"max-image-preview:large","max-video-preview":"max-video-preview:-1"},"canonical":"https:\/\/www.lucyhotel.gr\/tr\/beach\/","og_locale":"tr_TR","og_type":"article","og_title":"Plaj ve Havuz - Lucy Hotel","og_description":"Kelimenin tam anlam\u0131yla denizin \u00e7epe\u00e7evre sard\u0131\u011f\u0131 konumu sayesinde Lucy, her biri e\u015fsiz \u00f6zelliklere sahip \u00fc\u00e7 farkl\u0131 plaja a\u00e7\u0131l\u0131yor ve bununla da kalmay\u0131p yaz boyunca keyfini \u00e7\u0131karabilece\u011finiz bir a\u00e7\u0131k havuz olana\u011f\u0131 da sunuyor.","og_url":"https:\/\/www.lucyhotel.gr\/tr\/beach\/","og_site_name":"Lucy Hotel","article_modified_time":"2019-06-14T13:37:58+00:00","og_image":[{"width":1920,"height":1080,"url":"https:\/\/www.lucyhotel.gr\/wp-content\/uploads\/2019\/05\/beachpool_big_1920-1.jpg","type":"image\/jpeg"}],"twitter_card":"summary_large_image","schema":{"@context":"https:\/\/schema.org","@graph":[{"@type":"WebPage","@id":"https:\/\/www.lucyhotel.gr\/tr\/beach\/","url":"https:\/\/www.lucyhotel.gr\/tr\/beach\/","name":"Plaj ve Havuz - Lucy Hotel","isPartOf":{"@id":"https:\/\/www.lucyhotel.gr\/tr\/#website"},"datePublished":"2019-04-02T12:22:52+00:00","dateModified":"2019-06-14T13:37:58+00:00","breadcrumb":{"@id":"https:\/\/www.lucyhotel.gr\/tr\/beach\/#breadcrumb"},"inLanguage":"tr","potentialAction":[{"@type":"ReadAction","target":["https:\/\/www.lucyhotel.gr\/tr\/beach\/"]}]},{"@type":"BreadcrumbList","@id":"https:\/\/www.lucyhotel.gr\/tr\/beach\/#breadcrumb","itemListElement":[{"@type":"ListItem","position":1,"name":"Home","item":"https:\/\/www.lucyhotel.gr\/tr\/"},{"@type":"ListItem","position":2,"name":"Plaj ve Havuz"}]},{"@type":"WebSite","@id":"https:\/\/www.lucyhotel.gr\/tr\/#website","url":"https:\/\/www.lucyhotel.gr\/tr\/","name":"Lucy Hotel","description":"Five Star Hotel, Sea View Suites, Kavala, Greece","potentialAction":[{"@type":"SearchAction","target":{"@type":"EntryPoint","urlTemplate":"https:\/\/www.lucyhotel.gr\/tr\/?s={search_term_string}"},"query-input":"required name=search_term_string"}],"inLanguage":"tr"}]}},"_links":{"self":[{"href":"https:\/\/www.lucyhotel.gr\/tr\/wp-json\/wp\/v2\/pages\/835"}],"collection":[{"href":"https:\/\/www.lucyhotel.gr\/tr\/wp-json\/wp\/v2\/pages"}],"about":[{"href":"https:\/\/www.lucyhotel.gr\/tr\/wp-json\/wp\/v2\/types\/page"}],"author":[{"embeddable":true,"href":"https:\/\/www.lucyhotel.gr\/tr\/wp-json\/wp\/v2\/users\/1"}],"replies":[{"embeddable":true,"href":"https:\/\/www.lucyhotel.gr\/tr\/wp-json\/wp\/v2\/comments?post=835"}],"version-history":[{"count":3,"href":"https:\/\/www.lucyhotel.gr\/tr\/wp-json\/wp\/v2\/pages\/835\/revisions"}],"predecessor-version":[{"id":3768,"href":"https:\/\/www.lucyhotel.gr\/tr\/wp-json\/wp\/v2\/pages\/835\/revisions\/3768"}],"wp:featuredmedia":[{"embeddable":true,"href":"https:\/\/www.lucyhotel.gr\/tr\/wp-json\/wp\/v2\/media\/2404"}],"wp:attachment":[{"href":"https:\/\/www.lucyhotel.gr\/tr\/wp-json\/wp\/v2\/media?parent=835"}],"curies":[{"name":"wp","href":"https:\/\/api.w.org\/{rel}","templated":true}]}}