{"id":847,"date":"2019-01-07T07:23:07","date_gmt":"2019-01-07T07:23:07","guid":{"rendered":"http:\/\/preview.deventum.com\/lucyhotel\/contact\/"},"modified":"2019-06-19T09:07:07","modified_gmt":"2019-06-19T09:07:07","slug":"contact","status":"publish","type":"page","link":"https:\/\/www.lucyhotel.gr\/tr\/contact\/","title":{"rendered":"\u0130leti\u015fim"},"content":{"rendered":"<h1>Huzurlar\u0131n\u0131zda Kavala<\/h1>\n<p>Mavi \u015eehir olarak da bilinen Kavala sakl\u0131 bir cennet oldu\u011fu kadar ayn\u0131 zamanda dinamik ve canl\u0131 bir yerdir. Bir amfi tiyatro \u015feklindeki bu kent adeta sahili kucaklamaktad\u0131r. Yuvalar\u0131na girip \u00e7\u0131kan beyaz g\u00fcvercinleri and\u0131ran, tahtadan yap\u0131lm\u0131\u015f geleneksel bir\u00e7ok bal\u0131k\u00e7\u0131 kay\u0131\u011f\u0131 ve teknenin demirleme liman\u0131 olan tablo gibi bir yer. Kentteki keyifli ak\u015fam gezintilerinde mola verilebilecek bir\u00e7ok ufak bar ve kafe g\u00f6rkemli antik kentten kordon boyuna kadar uzanan alanda misafirlerini bekler.<\/p>\n<p>E\u015fsiz co\u011frafi konumuyla do\u011fu ve bat\u0131n\u0131n kesi\u015fti\u011fi noktada yer alan Kavala, kozmopolit yap\u0131s\u0131yla da bu \u00f6zelli\u011fini per\u00e7inlemektedir. Bizans kalesinden a\u015fa\u011f\u0131 do\u011fru uzanan antik kentin Arnavut kald\u0131r\u0131ml\u0131 sokaklar\u0131nda y\u00fcr\u00fcrken veya Osmanl\u0131 d\u00f6neminden kalma ta\u015ftan su kemeri ile kar\u015f\u0131la\u015f\u0131l\u0131nca \u015fehrin bu \u00f6zelli\u011fi daha da fark edilmektedir. Avrupa\u2019da Hristiyanl\u0131\u011fa ilk ge\u00e7en kad\u0131n olarak bilinen Lidya\u2019n\u0131n Aziz Pavlus taraf\u0131ndan vaftiz edildi\u011fi \u015fehir olmas\u0131 itibar\u0131yla da \u00f6nemli bir inan\u00e7 merkezidir. Y\u00fczy\u0131llard\u0131r Kavala\u2019n\u0131n zenginli\u011fini \u015fimdilerde m\u00fcze olan t\u00fct\u00fcn fabrikas\u0131ndaki \u00fcretime bor\u00e7lu oldu\u011fu d\u00fc\u015f\u00fcn\u00fclm\u00fc\u015ft\u00fcr. Bu m\u00fcze hem tarihsel hem de estetik de\u011ferler a\u00e7\u0131s\u0131ndan gidip g\u00f6r\u00fclmesi gereken yerlerden biridir.<\/p>\n<p>Deniz kenar\u0131 ve da\u011flar\u0131nda bulunan muhte\u015fem mek\u00e2nlarla Kavala yaz ve k\u0131\u015f turizmi i\u00e7in bir cazibe merkezidir. Akdeniz\u2019de mavi \u015fehir olarak bilinen kent bu unvan\u0131n\u0131 \u015f\u00fcphesiz ki kumsallar\u0131ndan alm\u0131\u015ft\u0131r. Kavala\u2019n\u0131n arabayla birka\u00e7 dakika d\u0131\u015f\u0131nda, UNESCO D\u00fcnya Miras\u0131 listesine al\u0131nan Filippi Antik Tiyatrosu bulunmaktad\u0131r. Buras\u0131 her yaz bir tiyatro festivaline ba\u011flant\u0131 ev sahipli\u011fi yapmaktad\u0131r. Arabayla do\u011fuya do\u011fru yar\u0131m saatlik mesafede, Avrupa\u2019n\u0131n en b\u00fcy\u00fckleri aras\u0131nda yer alan Mesta Karasu\u2019nun olu\u015fturdu\u011fu delta bulunmaktad\u0131r. Flamingo, karabatak, \u00e7akal, nadir rastlanan kel kartal ve daha bir\u00e7ok yaban hayat canl\u0131s\u0131na ev sahipli\u011fi yapan Mesta Karasu\u2019nun do\u011fa harikas\u0131 sulak arazileri Avrupa Natura a\u011f\u0131 kapsam\u0131nda koruma alt\u0131na al\u0131nm\u0131\u015ft\u0131r. Aileler ve do\u011fa tutkunlar\u0131 i\u00e7in kano veya do\u011fa y\u00fcr\u00fcy\u00fc\u015f\u00fc gibi \u00e7ok \u00e7e\u015fitli etkinliklerle dolu g\u00fcn\u00fcbirlik bir gezinti yapmak i\u00e7in buras\u0131 ka\u00e7\u0131r\u0131lmayacak bir f\u0131rsatt\u0131r.<\/p>\n<p>G\u00fcneye do\u011fru bak\u0131ld\u0131\u011f\u0131nda denizden y\u00fckselen mavi bir da\u011f gibi g\u00f6z\u00fcken yer ise me\u015fhur Ta\u015foz Adas\u0131\u2019d\u0131r. Zengin bitki \u00f6rt\u00fcs\u00fc, muhte\u015fem plajlar\u0131 ve arkeolojik kaz\u0131 yerleriyle harika bir turistik yerdir. Biz de Ta\u015foz Adas\u0131\u2019n\u0131n en cezbedici yerlerinden biri olan ve Makryammos bungalovlar\u0131na ev sahipli\u011fi yapan Makryammos plaj\u0131na gitmenizi \u00f6neriyoruz tabii ki (ba\u011flant\u0131).<\/p>\n<p>Ulusal ve uluslararas\u0131 arenada hakk\u0131nda \u00f6vg\u00fcyle bahsedilen, sanat\u00e7\u0131lara y\u00f6nelik bir konaklama program\u0131 olan Lucy Sanat Evi\u2019ne ba\u011flant\u0131 ev sahipli\u011fi yapan Lucy Hotel\u2019in bu anlamda sanat tutkunlar\u0131 i\u00e7in yeri ayr\u0131d\u0131r. \u0130lgilenen konuklar\u0131m\u0131z sanat evimizde verilen konferanslara ve sanat\u00e7\u0131lar\u0131n eserlerine g\u00f6z atabilirler.<\/p>\n","protected":false},"excerpt":{"rendered":"<p>Huzurlar\u0131n\u0131zda Kavala Mavi \u015eehir olarak da bilinen Kavala sakl\u0131 bir cennet oldu\u011fu kadar ayn\u0131 zamanda dinamik ve canl\u0131 bir yerdir. Bir amfi tiyatro \u015feklindeki bu kent adeta sahili kucaklamaktad\u0131r. Yuvalar\u0131na girip \u00e7\u0131kan beyaz g\u00fcvercinleri and\u0131ran, tahtadan yap\u0131lm\u0131\u015f geleneksel bir\u00e7ok bal\u0131k\u00e7\u0131 kay\u0131\u011f\u0131 ve teknenin demirleme liman\u0131 olan tablo gibi bir yer. Kentteki keyifli ak\u015fam gezintilerinde mola [&hellip;]<\/p>\n","protected":false},"author":1,"featured_media":0,"parent":0,"menu_order":0,"comment_status":"closed","ping_status":"closed","template":"","meta":[],"acf":[],"yoast_head":"<!-- This site is optimized with the Yoast SEO plugin v20.3 - https:\/\/yoast.com\/wordpress\/plugins\/seo\/ -->\n<title>\u0130leti\u015fim - Lucy Hotel<\/title>\n<meta name=\"robots\" content=\"index, follow, max-snippet:-1, max-image-preview:large, max-video-preview:-1\" \/>\n<link rel=\"canonical\" href=\"https:\/\/www.lucyhotel.gr\/tr\/contact\/\" \/>\n<meta property=\"og:locale\" content=\"tr_TR\" \/>\n<meta property=\"og:type\" content=\"article\" \/>\n<meta property=\"og:title\" content=\"\u0130leti\u015fim - Lucy Hotel\" \/>\n<meta property=\"og:description\" content=\"Huzurlar\u0131n\u0131zda Kavala Mavi \u015eehir olarak da bilinen Kavala sakl\u0131 bir cennet oldu\u011fu kadar ayn\u0131 zamanda dinamik ve canl\u0131 bir yerdir. Bir amfi tiyatro \u015feklindeki bu kent adeta sahili kucaklamaktad\u0131r. Yuvalar\u0131na girip \u00e7\u0131kan beyaz g\u00fcvercinleri and\u0131ran, tahtadan yap\u0131lm\u0131\u015f geleneksel bir\u00e7ok bal\u0131k\u00e7\u0131 kay\u0131\u011f\u0131 ve teknenin demirleme liman\u0131 olan tablo gibi bir yer. Kentteki keyifli ak\u015fam gezintilerinde mola [&hellip;]\" \/>\n<meta property=\"og:url\" content=\"https:\/\/www.lucyhotel.gr\/tr\/contact\/\" \/>\n<meta property=\"og:site_name\" content=\"Lucy Hotel\" \/>\n<meta property=\"article:modified_time\" content=\"2019-06-19T09:07:07+00:00\" \/>\n<meta name=\"twitter:card\" content=\"summary_large_image\" \/>\n<meta name=\"twitter:label1\" content=\"Tahmini okuma s\u00fcresi\" \/>\n\t<meta name=\"twitter:data1\" content=\"3 dakika\" \/>\n<script type=\"application\/ld+json\" class=\"yoast-schema-graph\">{\"@context\":\"https:\/\/schema.org\",\"@graph\":[{\"@type\":\"WebPage\",\"@id\":\"https:\/\/www.lucyhotel.gr\/tr\/contact\/\",\"url\":\"https:\/\/www.lucyhotel.gr\/tr\/contact\/\",\"name\":\"\u0130leti\u015fim - Lucy Hotel\",\"isPartOf\":{\"@id\":\"https:\/\/www.lucyhotel.gr\/tr\/#website\"},\"datePublished\":\"2019-01-07T07:23:07+00:00\",\"dateModified\":\"2019-06-19T09:07:07+00:00\",\"breadcrumb\":{\"@id\":\"https:\/\/www.lucyhotel.gr\/tr\/contact\/#breadcrumb\"},\"inLanguage\":\"tr\",\"potentialAction\":[{\"@type\":\"ReadAction\",\"target\":[\"https:\/\/www.lucyhotel.gr\/tr\/contact\/\"]}]},{\"@type\":\"BreadcrumbList\",\"@id\":\"https:\/\/www.lucyhotel.gr\/tr\/contact\/#breadcrumb\",\"itemListElement\":[{\"@type\":\"ListItem\",\"position\":1,\"name\":\"Home\",\"item\":\"https:\/\/www.lucyhotel.gr\/tr\/\"},{\"@type\":\"ListItem\",\"position\":2,\"name\":\"\u0130leti\u015fim\"}]},{\"@type\":\"WebSite\",\"@id\":\"https:\/\/www.lucyhotel.gr\/tr\/#website\",\"url\":\"https:\/\/www.lucyhotel.gr\/tr\/\",\"name\":\"Lucy Hotel\",\"description\":\"Five Star Hotel, Sea View Suites, Kavala, Greece\",\"potentialAction\":[{\"@type\":\"SearchAction\",\"target\":{\"@type\":\"EntryPoint\",\"urlTemplate\":\"https:\/\/www.lucyhotel.gr\/tr\/?s={search_term_string}\"},\"query-input\":\"required name=search_term_string\"}],\"inLanguage\":\"tr\"}]}<\/script>\n<!-- \/ Yoast SEO plugin. -->","yoast_head_json":{"title":"\u0130leti\u015fim - Lucy Hotel","robots":{"index":"index","follow":"follow","max-snippet":"max-snippet:-1","max-image-preview":"max-image-preview:large","max-video-preview":"max-video-preview:-1"},"canonical":"https:\/\/www.lucyhotel.gr\/tr\/contact\/","og_locale":"tr_TR","og_type":"article","og_title":"\u0130leti\u015fim - Lucy Hotel","og_description":"Huzurlar\u0131n\u0131zda Kavala Mavi \u015eehir olarak da bilinen Kavala sakl\u0131 bir cennet oldu\u011fu kadar ayn\u0131 zamanda dinamik ve canl\u0131 bir yerdir. Bir amfi tiyatro \u015feklindeki bu kent adeta sahili kucaklamaktad\u0131r. Yuvalar\u0131na girip \u00e7\u0131kan beyaz g\u00fcvercinleri and\u0131ran, tahtadan yap\u0131lm\u0131\u015f geleneksel bir\u00e7ok bal\u0131k\u00e7\u0131 kay\u0131\u011f\u0131 ve teknenin demirleme liman\u0131 olan tablo gibi bir yer. Kentteki keyifli ak\u015fam gezintilerinde mola [&hellip;]","og_url":"https:\/\/www.lucyhotel.gr\/tr\/contact\/","og_site_name":"Lucy Hotel","article_modified_time":"2019-06-19T09:07:07+00:00","twitter_card":"summary_large_image","twitter_misc":{"Tahmini okuma s\u00fcresi":"3 dakika"},"schema":{"@context":"https:\/\/schema.org","@graph":[{"@type":"WebPage","@id":"https:\/\/www.lucyhotel.gr\/tr\/contact\/","url":"https:\/\/www.lucyhotel.gr\/tr\/contact\/","name":"\u0130leti\u015fim - Lucy Hotel","isPartOf":{"@id":"https:\/\/www.lucyhotel.gr\/tr\/#website"},"datePublished":"2019-01-07T07:23:07+00:00","dateModified":"2019-06-19T09:07:07+00:00","breadcrumb":{"@id":"https:\/\/www.lucyhotel.gr\/tr\/contact\/#breadcrumb"},"inLanguage":"tr","potentialAction":[{"@type":"ReadAction","target":["https:\/\/www.lucyhotel.gr\/tr\/contact\/"]}]},{"@type":"BreadcrumbList","@id":"https:\/\/www.lucyhotel.gr\/tr\/contact\/#breadcrumb","itemListElement":[{"@type":"ListItem","position":1,"name":"Home","item":"https:\/\/www.lucyhotel.gr\/tr\/"},{"@type":"ListItem","position":2,"name":"\u0130leti\u015fim"}]},{"@type":"WebSite","@id":"https:\/\/www.lucyhotel.gr\/tr\/#website","url":"https:\/\/www.lucyhotel.gr\/tr\/","name":"Lucy Hotel","description":"Five Star Hotel, Sea View Suites, Kavala, Greece","potentialAction":[{"@type":"SearchAction","target":{"@type":"EntryPoint","urlTemplate":"https:\/\/www.lucyhotel.gr\/tr\/?s={search_term_string}"},"query-input":"required name=search_term_string"}],"inLanguage":"tr"}]}},"_links":{"self":[{"href":"https:\/\/www.lucyhotel.gr\/tr\/wp-json\/wp\/v2\/pages\/847"}],"collection":[{"href":"https:\/\/www.lucyhotel.gr\/tr\/wp-json\/wp\/v2\/pages"}],"about":[{"href":"https:\/\/www.lucyhotel.gr\/tr\/wp-json\/wp\/v2\/types\/page"}],"author":[{"embeddable":true,"href":"https:\/\/www.lucyhotel.gr\/tr\/wp-json\/wp\/v2\/users\/1"}],"replies":[{"embeddable":true,"href":"https:\/\/www.lucyhotel.gr\/tr\/wp-json\/wp\/v2\/comments?post=847"}],"version-history":[{"count":2,"href":"https:\/\/www.lucyhotel.gr\/tr\/wp-json\/wp\/v2\/pages\/847\/revisions"}],"predecessor-version":[{"id":3914,"href":"https:\/\/www.lucyhotel.gr\/tr\/wp-json\/wp\/v2\/pages\/847\/revisions\/3914"}],"wp:attachment":[{"href":"https:\/\/www.lucyhotel.gr\/tr\/wp-json\/wp\/v2\/media?parent=847"}],"curies":[{"name":"wp","href":"https:\/\/api.w.org\/{rel}","templated":true}]}}