{"id":894,"date":"2018-12-31T10:00:37","date_gmt":"2018-12-31T10:00:37","guid":{"rendered":"http:\/\/preview.deventum.com\/lucyhotel\/rooms\/"},"modified":"2019-06-14T10:26:09","modified_gmt":"2019-06-14T10:26:09","slug":"rooms","status":"publish","type":"page","link":"https:\/\/www.lucyhotel.gr\/tr\/rooms\/","title":{"rendered":"Oda ve S\u00fcitler"},"content":{"rendered":"<p>Modern esintiler ta\u015f\u0131yan 149 oda ve s\u00fcitimiz ayn\u0131 zamanda otelimizin klasik avangart karakterini de yans\u0131tmaktad\u0131r. Her biri b\u00fcy\u00fcl\u00fc birer manzaraya sahip olan odalar\u0131m\u0131zda kalacak konuklar\u0131m\u0131z, Akdeniz g\u00fcne\u015fi alt\u0131nda p\u0131r\u0131l p\u0131r\u0131l parlayan Ege\u2019nin sonsuz mavisine ve Kavala\u2019n\u0131n sundu\u011fu di\u011fer g\u00fczelliklere bakmaktan kendilerini alamayacaklar.<\/p>\n","protected":false},"excerpt":{"rendered":"<p>Modern esintiler ta\u015f\u0131yan 149 oda ve s\u00fcitimiz ayn\u0131 zamanda otelimizin klasik avangart karakterini de yans\u0131tmaktad\u0131r. Her biri b\u00fcy\u00fcl\u00fc birer manzaraya sahip olan odalar\u0131m\u0131zda kalacak konuklar\u0131m\u0131z, Akdeniz g\u00fcne\u015fi alt\u0131nda p\u0131r\u0131l p\u0131r\u0131l parlayan Ege\u2019nin sonsuz mavisine ve Kavala\u2019n\u0131n sundu\u011fu di\u011fer g\u00fczelliklere bakmaktan kendilerini alamayacaklar.<\/p>\n","protected":false},"author":1,"featured_media":2382,"parent":0,"menu_order":0,"comment_status":"closed","ping_status":"closed","template":"","meta":[],"acf":[],"yoast_head":"<!-- This site is optimized with the Yoast SEO plugin v20.3 - https:\/\/yoast.com\/wordpress\/plugins\/seo\/ -->\n<title>Oda ve S\u00fcitler - Lucy Hotel<\/title>\n<meta name=\"robots\" content=\"index, follow, max-snippet:-1, max-image-preview:large, max-video-preview:-1\" \/>\n<link rel=\"canonical\" href=\"https:\/\/www.lucyhotel.gr\/tr\/rooms\/\" \/>\n<meta property=\"og:locale\" content=\"tr_TR\" \/>\n<meta property=\"og:type\" content=\"article\" \/>\n<meta property=\"og:title\" content=\"Oda ve S\u00fcitler - Lucy Hotel\" \/>\n<meta property=\"og:description\" content=\"Modern esintiler ta\u015f\u0131yan 149 oda ve s\u00fcitimiz ayn\u0131 zamanda otelimizin klasik avangart karakterini de yans\u0131tmaktad\u0131r. Her biri b\u00fcy\u00fcl\u00fc birer manzaraya sahip olan odalar\u0131m\u0131zda kalacak konuklar\u0131m\u0131z, Akdeniz g\u00fcne\u015fi alt\u0131nda p\u0131r\u0131l p\u0131r\u0131l parlayan Ege\u2019nin sonsuz mavisine ve Kavala\u2019n\u0131n sundu\u011fu di\u011fer g\u00fczelliklere bakmaktan kendilerini alamayacaklar.\" \/>\n<meta property=\"og:url\" content=\"https:\/\/www.lucyhotel.gr\/tr\/rooms\/\" \/>\n<meta property=\"og:site_name\" content=\"Lucy Hotel\" \/>\n<meta property=\"article:modified_time\" content=\"2019-06-14T10:26:09+00:00\" \/>\n<meta property=\"og:image\" content=\"https:\/\/www.lucyhotel.gr\/wp-content\/uploads\/2019\/05\/big_rooms_1920x1080-1.jpg\" \/>\n\t<meta property=\"og:image:width\" content=\"1920\" \/>\n\t<meta property=\"og:image:height\" content=\"1080\" \/>\n\t<meta property=\"og:image:type\" content=\"image\/jpeg\" \/>\n<meta name=\"twitter:card\" content=\"summary_large_image\" \/>\n<script type=\"application\/ld+json\" class=\"yoast-schema-graph\">{\"@context\":\"https:\/\/schema.org\",\"@graph\":[{\"@type\":\"WebPage\",\"@id\":\"https:\/\/www.lucyhotel.gr\/tr\/rooms\/\",\"url\":\"https:\/\/www.lucyhotel.gr\/tr\/rooms\/\",\"name\":\"Oda ve S\u00fcitler - Lucy Hotel\",\"isPartOf\":{\"@id\":\"https:\/\/www.lucyhotel.gr\/tr\/#website\"},\"datePublished\":\"2018-12-31T10:00:37+00:00\",\"dateModified\":\"2019-06-14T10:26:09+00:00\",\"breadcrumb\":{\"@id\":\"https:\/\/www.lucyhotel.gr\/tr\/rooms\/#breadcrumb\"},\"inLanguage\":\"tr\",\"potentialAction\":[{\"@type\":\"ReadAction\",\"target\":[\"https:\/\/www.lucyhotel.gr\/tr\/rooms\/\"]}]},{\"@type\":\"BreadcrumbList\",\"@id\":\"https:\/\/www.lucyhotel.gr\/tr\/rooms\/#breadcrumb\",\"itemListElement\":[{\"@type\":\"ListItem\",\"position\":1,\"name\":\"Home\",\"item\":\"https:\/\/www.lucyhotel.gr\/tr\/\"},{\"@type\":\"ListItem\",\"position\":2,\"name\":\"Oda ve S\u00fcitler\"}]},{\"@type\":\"WebSite\",\"@id\":\"https:\/\/www.lucyhotel.gr\/tr\/#website\",\"url\":\"https:\/\/www.lucyhotel.gr\/tr\/\",\"name\":\"Lucy Hotel\",\"description\":\"Five Star Hotel, Sea View Suites, Kavala, Greece\",\"potentialAction\":[{\"@type\":\"SearchAction\",\"target\":{\"@type\":\"EntryPoint\",\"urlTemplate\":\"https:\/\/www.lucyhotel.gr\/tr\/?s={search_term_string}\"},\"query-input\":\"required name=search_term_string\"}],\"inLanguage\":\"tr\"}]}<\/script>\n<!-- \/ Yoast SEO plugin. -->","yoast_head_json":{"title":"Oda ve S\u00fcitler - Lucy Hotel","robots":{"index":"index","follow":"follow","max-snippet":"max-snippet:-1","max-image-preview":"max-image-preview:large","max-video-preview":"max-video-preview:-1"},"canonical":"https:\/\/www.lucyhotel.gr\/tr\/rooms\/","og_locale":"tr_TR","og_type":"article","og_title":"Oda ve S\u00fcitler - Lucy Hotel","og_description":"Modern esintiler ta\u015f\u0131yan 149 oda ve s\u00fcitimiz ayn\u0131 zamanda otelimizin klasik avangart karakterini de yans\u0131tmaktad\u0131r. Her biri b\u00fcy\u00fcl\u00fc birer manzaraya sahip olan odalar\u0131m\u0131zda kalacak konuklar\u0131m\u0131z, Akdeniz g\u00fcne\u015fi alt\u0131nda p\u0131r\u0131l p\u0131r\u0131l parlayan Ege\u2019nin sonsuz mavisine ve Kavala\u2019n\u0131n sundu\u011fu di\u011fer g\u00fczelliklere bakmaktan kendilerini alamayacaklar.","og_url":"https:\/\/www.lucyhotel.gr\/tr\/rooms\/","og_site_name":"Lucy Hotel","article_modified_time":"2019-06-14T10:26:09+00:00","og_image":[{"width":1920,"height":1080,"url":"https:\/\/www.lucyhotel.gr\/wp-content\/uploads\/2019\/05\/big_rooms_1920x1080-1.jpg","type":"image\/jpeg"}],"twitter_card":"summary_large_image","schema":{"@context":"https:\/\/schema.org","@graph":[{"@type":"WebPage","@id":"https:\/\/www.lucyhotel.gr\/tr\/rooms\/","url":"https:\/\/www.lucyhotel.gr\/tr\/rooms\/","name":"Oda ve S\u00fcitler - Lucy Hotel","isPartOf":{"@id":"https:\/\/www.lucyhotel.gr\/tr\/#website"},"datePublished":"2018-12-31T10:00:37+00:00","dateModified":"2019-06-14T10:26:09+00:00","breadcrumb":{"@id":"https:\/\/www.lucyhotel.gr\/tr\/rooms\/#breadcrumb"},"inLanguage":"tr","potentialAction":[{"@type":"ReadAction","target":["https:\/\/www.lucyhotel.gr\/tr\/rooms\/"]}]},{"@type":"BreadcrumbList","@id":"https:\/\/www.lucyhotel.gr\/tr\/rooms\/#breadcrumb","itemListElement":[{"@type":"ListItem","position":1,"name":"Home","item":"https:\/\/www.lucyhotel.gr\/tr\/"},{"@type":"ListItem","position":2,"name":"Oda ve S\u00fcitler"}]},{"@type":"WebSite","@id":"https:\/\/www.lucyhotel.gr\/tr\/#website","url":"https:\/\/www.lucyhotel.gr\/tr\/","name":"Lucy Hotel","description":"Five Star Hotel, Sea View Suites, Kavala, Greece","potentialAction":[{"@type":"SearchAction","target":{"@type":"EntryPoint","urlTemplate":"https:\/\/www.lucyhotel.gr\/tr\/?s={search_term_string}"},"query-input":"required name=search_term_string"}],"inLanguage":"tr"}]}},"_links":{"self":[{"href":"https:\/\/www.lucyhotel.gr\/tr\/wp-json\/wp\/v2\/pages\/894"}],"collection":[{"href":"https:\/\/www.lucyhotel.gr\/tr\/wp-json\/wp\/v2\/pages"}],"about":[{"href":"https:\/\/www.lucyhotel.gr\/tr\/wp-json\/wp\/v2\/types\/page"}],"author":[{"embeddable":true,"href":"https:\/\/www.lucyhotel.gr\/tr\/wp-json\/wp\/v2\/users\/1"}],"replies":[{"embeddable":true,"href":"https:\/\/www.lucyhotel.gr\/tr\/wp-json\/wp\/v2\/comments?post=894"}],"version-history":[{"count":4,"href":"https:\/\/www.lucyhotel.gr\/tr\/wp-json\/wp\/v2\/pages\/894\/revisions"}],"predecessor-version":[{"id":3462,"href":"https:\/\/www.lucyhotel.gr\/tr\/wp-json\/wp\/v2\/pages\/894\/revisions\/3462"}],"wp:featuredmedia":[{"embeddable":true,"href":"https:\/\/www.lucyhotel.gr\/tr\/wp-json\/wp\/v2\/media\/2382"}],"wp:attachment":[{"href":"https:\/\/www.lucyhotel.gr\/tr\/wp-json\/wp\/v2\/media?parent=894"}],"curies":[{"name":"wp","href":"https:\/\/api.w.org\/{rel}","templated":true}]}}